{"id":51343,"date":"2025-01-29T08:49:24","date_gmt":"2025-01-29T07:49:24","guid":{"rendered":"https:\/\/www.fleurop-home.ch\/de-ch\/?post_type=product&#038;p=51343"},"modified":"2025-10-22T09:00:12","modified_gmt":"2025-10-22T07:00:12","slug":"dekohaus-hamburg-sauge-petite","status":"publish","type":"product","link":"https:\/\/www.fleurop-home.ch\/fr-ch\/p\/dekohaus-hamburg-salbei-klein","title":{"rendered":"Dekohaus Hambourg sauge petit"},"content":{"rendered":"<p>Donne \u00e0 ton int\u00e9rieur un charme particulier avec la maison d\u00e9corative \"Hamburg\" de couleur sauge. Avec ses dimensions de 20 x 20 x 45 cm, cette maison d\u00e9corative est un accroche-regard polyvalent qui donne \u00e0 ton int\u00e9rieur une touche confortable et \u00e9l\u00e9gante.<\/p>\n<p>Qu'elle soit utilis\u00e9e comme photophore pour des bougies ou \u00e9quip\u00e9e d'une guirlande lumineuse, la maison d\u00e9corative \"Hamburg\" cr\u00e9e une atmosph\u00e8re chaleureuse et accueillante. En m\u00eame temps, elle peut servir d'accent color\u00e9 dans ton int\u00e9rieur et apporte une touche fra\u00eeche et naturelle \u00e0 chaque pi\u00e8ce.<\/p>\n<p>Le vert sauge discret et le design con\u00e7u avec amour font de cette maison d\u00e9corative un accessoire parfait pour toutes les saisons. Mets des accents d'ambiance et laisse-toi inspirer par la beaut\u00e9 intemporelle de la maison d\u00e9corative \"Hamburg\".<\/p>","protected":false},"excerpt":{"rendered":"<p>Maison d\u00e9co Hambourg sauge dans les dimensions 20x20x45cm<\/p>","protected":false},"featured_media":51348,"template":"","meta":[],"product_brand":[],"product_cat":[30,23,1190,1021,1018,108,28,34,35],"product_tag":[],"woo-feed-brand":[],"class_list":{"0":"post-51343","1":"product","2":"type-product","3":"status-publish","4":"has-post-thumbnail","6":"product_cat-deko-accessoires","7":"product_cat-home-living","8":"product_cat-dekoobjekte","9":"product_cat-osterdeko","10":"product_cat-ostern","11":"product_cat-lichterketten-laternen","12":"product_cat-kerzen-lichter","13":"product_cat-garten-balkon","14":"product_cat-gartendeko","16":"first","17":"instock","18":"taxable","19":"shipping-taxable","20":"purchasable","21":"product-type-simple"},"_links":{"self":[{"href":"https:\/\/www.fleurop-home.ch\/fr-ch\/wp-json\/wp\/v2\/product\/51343","targetHints":{"allow":["GET"]}}],"collection":[{"href":"https:\/\/www.fleurop-home.ch\/fr-ch\/wp-json\/wp\/v2\/product"}],"about":[{"href":"https:\/\/www.fleurop-home.ch\/fr-ch\/wp-json\/wp\/v2\/types\/product"}],"wp:featuredmedia":[{"embeddable":true,"href":"https:\/\/www.fleurop-home.ch\/fr-ch\/wp-json\/wp\/v2\/media\/51348"}],"wp:attachment":[{"href":"https:\/\/www.fleurop-home.ch\/fr-ch\/wp-json\/wp\/v2\/media?parent=51343"}],"wp:term":[{"taxonomy":"product_brand","embeddable":true,"href":"https:\/\/www.fleurop-home.ch\/fr-ch\/wp-json\/wp\/v2\/product_brand?post=51343"},{"taxonomy":"product_cat","embeddable":true,"href":"https:\/\/www.fleurop-home.ch\/fr-ch\/wp-json\/wp\/v2\/product_cat?post=51343"},{"taxonomy":"product_tag","embeddable":true,"href":"https:\/\/www.fleurop-home.ch\/fr-ch\/wp-json\/wp\/v2\/product_tag?post=51343"},{"taxonomy":"woo-feed-brand","embeddable":true,"href":"https:\/\/www.fleurop-home.ch\/fr-ch\/wp-json\/wp\/v2\/woo-feed-brand?post=51343"}],"curies":[{"name":"wp","href":"https:\/\/api.w.org\/{rel}","templated":true}]}}