{"id":51336,"date":"2025-01-29T07:29:20","date_gmt":"2025-01-29T06:29:20","guid":{"rendered":"https:\/\/www.fleurop-home.ch\/de-ch\/?post_type=product&#038;p=51336"},"modified":"2025-10-13T09:41:12","modified_gmt":"2025-10-13T07:41:12","slug":"kit-de-lattes-estia","status":"publish","type":"product","link":"https:\/\/www.fleurop-home.ch\/fr-ch\/p\/laternenset-estia","title":{"rendered":"Set de lanternes Estia"},"content":{"rendered":"<p>Apporte une touche de romantisme et de convivialit\u00e9 \u00e0 ton int\u00e9rieur avec le set de lanternes \"Estia\" au charmant style shabby chic. Les lanternes dans la combinaison \u00e9l\u00e9gante de couleurs vert et blanc sont de v\u00e9ritables accroches-regards et conf\u00e8rent \u00e0 chaque pi\u00e8ce une atmosph\u00e8re \u00e9l\u00e9gante et d\u00e9tendue \u00e0 la fois.<\/p>\n<p>L'ensemble se compose de deux lanternes de 16 x 16 x 49 cm et 21 x 21 x 64 cm, qui sont parfaites comme accents d\u00e9coratifs dans ton salon, sur la terrasse ou dans le jardin. Les d\u00e9tails soign\u00e9s et les couleurs harmonieuses font de ces lanternes un point fort particulier.<\/p>\n<p>Qu'il s'agisse d'un \u00e9l\u00e9ment d\u00e9coratif \u00e0 la lumi\u00e8re du jour ou d'un \u00e9clairage d'ambiance le soir, le set de lanternes \"Estia\" cr\u00e9e une atmosph\u00e8re confortable et donne des accents \u00e9l\u00e9gants \u00e0 chaque ambiance. Laisse-toi inspirer par la beaut\u00e9 intemporelle et le design charmant !<\/p>","protected":false},"excerpt":{"rendered":"<p>Set de lanternes Estia de couleur vert-blanc et de dimensions 16x16x49cm et 21x21x64cm<\/p>","protected":false},"featured_media":51278,"template":"","meta":[],"product_brand":[],"product_cat":[108,23,797,1024,28,34,35],"product_tag":[983],"woo-feed-brand":[],"class_list":{"0":"post-51336","1":"product","2":"type-product","3":"status-publish","4":"has-post-thumbnail","6":"product_cat-lichterketten-laternen","7":"product_cat-home-living","8":"product_cat-muttertag","9":"product_cat-muttertagsdeko","10":"product_cat-kerzen-lichter","11":"product_cat-garten-balkon","12":"product_cat-gartendeko","13":"product_tag-selection-by-fleurophome","15":"first","16":"instock","17":"taxable","18":"shipping-taxable","19":"purchasable","20":"product-type-simple"},"_links":{"self":[{"href":"https:\/\/www.fleurop-home.ch\/fr-ch\/wp-json\/wp\/v2\/product\/51336","targetHints":{"allow":["GET"]}}],"collection":[{"href":"https:\/\/www.fleurop-home.ch\/fr-ch\/wp-json\/wp\/v2\/product"}],"about":[{"href":"https:\/\/www.fleurop-home.ch\/fr-ch\/wp-json\/wp\/v2\/types\/product"}],"wp:featuredmedia":[{"embeddable":true,"href":"https:\/\/www.fleurop-home.ch\/fr-ch\/wp-json\/wp\/v2\/media\/51278"}],"wp:attachment":[{"href":"https:\/\/www.fleurop-home.ch\/fr-ch\/wp-json\/wp\/v2\/media?parent=51336"}],"wp:term":[{"taxonomy":"product_brand","embeddable":true,"href":"https:\/\/www.fleurop-home.ch\/fr-ch\/wp-json\/wp\/v2\/product_brand?post=51336"},{"taxonomy":"product_cat","embeddable":true,"href":"https:\/\/www.fleurop-home.ch\/fr-ch\/wp-json\/wp\/v2\/product_cat?post=51336"},{"taxonomy":"product_tag","embeddable":true,"href":"https:\/\/www.fleurop-home.ch\/fr-ch\/wp-json\/wp\/v2\/product_tag?post=51336"},{"taxonomy":"woo-feed-brand","embeddable":true,"href":"https:\/\/www.fleurop-home.ch\/fr-ch\/wp-json\/wp\/v2\/woo-feed-brand?post=51336"}],"curies":[{"name":"wp","href":"https:\/\/api.w.org\/{rel}","templated":true}]}}