{"id":51288,"date":"2025-01-27T10:23:01","date_gmt":"2025-01-27T09:23:01","guid":{"rendered":"https:\/\/www.fleurop-home.ch\/de-ch\/?post_type=product&#038;p=51288"},"modified":"2026-02-13T08:24:44","modified_gmt":"2026-02-13T07:24:44","slug":"cartes-de-voeux-peintes-a-la-main-lot-de-3-naissance","status":"publish","type":"product","link":"https:\/\/www.fleurop-home.ch\/fr-ch\/p\/handgemalte-grusskarten-3er-set-geburt","title":{"rendered":"Cartes de voeux peintes \u00e0 la main - Set de 3 cartes de naissance"},"content":{"rendered":"<p>Cartes d\u00e9pliantes peintes par tes soins au format A6 avec un encart et une enveloppe.<\/p>\n<p>Papier paille recycl\u00e9 320 g\/m\u00b2, imprim\u00e9 de mani\u00e8re syst\u00e9matiquement \u00e9cologique dans une entreprise familiale bernoise.<\/p>\n<p>Enveloppe sp\u00e9cialement con\u00e7ue au format C6, papier paille recycl\u00e9 120 g\/m\u00b2.<\/p>","protected":false},"excerpt":{"rendered":"<p>3 cartes pliables avec enveloppe et feuille intercalaire, pendentif inclus<\/p>","protected":false},"featured_media":74483,"template":"","meta":[],"product_brand":[],"product_cat":[58,52],"product_tag":[955],"woo-feed-brand":[],"class_list":{"0":"post-51288","1":"product","2":"type-product","3":"status-publish","4":"has-post-thumbnail","6":"product_cat-grusskarten","7":"product_cat-geschenke","8":"product_tag-atelier-sasu","10":"first","11":"instock","12":"taxable","13":"shipping-taxable","14":"purchasable","15":"product-type-simple"},"_links":{"self":[{"href":"https:\/\/www.fleurop-home.ch\/fr-ch\/wp-json\/wp\/v2\/product\/51288","targetHints":{"allow":["GET"]}}],"collection":[{"href":"https:\/\/www.fleurop-home.ch\/fr-ch\/wp-json\/wp\/v2\/product"}],"about":[{"href":"https:\/\/www.fleurop-home.ch\/fr-ch\/wp-json\/wp\/v2\/types\/product"}],"wp:featuredmedia":[{"embeddable":true,"href":"https:\/\/www.fleurop-home.ch\/fr-ch\/wp-json\/wp\/v2\/media\/74483"}],"wp:attachment":[{"href":"https:\/\/www.fleurop-home.ch\/fr-ch\/wp-json\/wp\/v2\/media?parent=51288"}],"wp:term":[{"taxonomy":"product_brand","embeddable":true,"href":"https:\/\/www.fleurop-home.ch\/fr-ch\/wp-json\/wp\/v2\/product_brand?post=51288"},{"taxonomy":"product_cat","embeddable":true,"href":"https:\/\/www.fleurop-home.ch\/fr-ch\/wp-json\/wp\/v2\/product_cat?post=51288"},{"taxonomy":"product_tag","embeddable":true,"href":"https:\/\/www.fleurop-home.ch\/fr-ch\/wp-json\/wp\/v2\/product_tag?post=51288"},{"taxonomy":"woo-feed-brand","embeddable":true,"href":"https:\/\/www.fleurop-home.ch\/fr-ch\/wp-json\/wp\/v2\/woo-feed-brand?post=51288"}],"curies":[{"name":"wp","href":"https:\/\/api.w.org\/{rel}","templated":true}]}}