{"id":51282,"date":"2025-01-27T10:09:20","date_gmt":"2025-01-27T09:09:20","guid":{"rendered":"https:\/\/www.fleurop-home.ch\/de-ch\/?post_type=product&#038;p=51282"},"modified":"2026-04-01T14:02:25","modified_gmt":"2026-04-01T12:02:25","slug":"cartes-de-voeux-peintes-a-la-main-lot-de-3-fleurs-papier-muscade","status":"publish","type":"product","link":"https:\/\/www.fleurop-home.ch\/fr-ch\/p\/handgemalte-grusskarten-3er-set-blumen-muskatpapier","title":{"rendered":"Cartes de voeux peintes \u00e0 la main - Set de 3 fleurs papier muscade"},"content":{"rendered":"<p>Cartes d\u00e9pliantes peintes par tes soins au format A6 avec un encart et une enveloppe.<\/p>\n<p>100% Papier recycl\u00e9 300 g\/m\u00b2, imprim\u00e9 de mani\u00e8re syst\u00e9matiquement \u00e9cologique dans une entreprise familiale bernoise.<\/p>\n<p>Enveloppe au format C6, 100% papier recycl\u00e9.<\/p>","protected":false},"excerpt":{"rendered":"<p>3 cartes d\u00e9pliantes avec enveloppe et feuille intercalaire<\/p>","protected":false},"featured_media":74477,"template":"","meta":[],"product_brand":[],"product_cat":[58,1023,797,52],"product_tag":[955],"woo-feed-brand":[],"class_list":{"0":"post-51282","1":"product","2":"type-product","3":"status-publish","4":"has-post-thumbnail","6":"product_cat-grusskarten","7":"product_cat-fuer-mama","8":"product_cat-muttertag","9":"product_cat-geschenke","10":"product_tag-atelier-sasu","12":"first","13":"instock","14":"taxable","15":"shipping-taxable","16":"purchasable","17":"product-type-simple"},"_links":{"self":[{"href":"https:\/\/www.fleurop-home.ch\/fr-ch\/wp-json\/wp\/v2\/product\/51282","targetHints":{"allow":["GET"]}}],"collection":[{"href":"https:\/\/www.fleurop-home.ch\/fr-ch\/wp-json\/wp\/v2\/product"}],"about":[{"href":"https:\/\/www.fleurop-home.ch\/fr-ch\/wp-json\/wp\/v2\/types\/product"}],"wp:featuredmedia":[{"embeddable":true,"href":"https:\/\/www.fleurop-home.ch\/fr-ch\/wp-json\/wp\/v2\/media\/74477"}],"wp:attachment":[{"href":"https:\/\/www.fleurop-home.ch\/fr-ch\/wp-json\/wp\/v2\/media?parent=51282"}],"wp:term":[{"taxonomy":"product_brand","embeddable":true,"href":"https:\/\/www.fleurop-home.ch\/fr-ch\/wp-json\/wp\/v2\/product_brand?post=51282"},{"taxonomy":"product_cat","embeddable":true,"href":"https:\/\/www.fleurop-home.ch\/fr-ch\/wp-json\/wp\/v2\/product_cat?post=51282"},{"taxonomy":"product_tag","embeddable":true,"href":"https:\/\/www.fleurop-home.ch\/fr-ch\/wp-json\/wp\/v2\/product_tag?post=51282"},{"taxonomy":"woo-feed-brand","embeddable":true,"href":"https:\/\/www.fleurop-home.ch\/fr-ch\/wp-json\/wp\/v2\/woo-feed-brand?post=51282"}],"curies":[{"name":"wp","href":"https:\/\/api.w.org\/{rel}","templated":true}]}}