{"id":51104,"date":"2025-01-20T15:01:52","date_gmt":"2025-01-20T14:01:52","guid":{"rendered":"https:\/\/www.fleurop-home.ch\/de-ch\/?post_type=product&#038;p=51104"},"modified":"2026-04-01T13:37:58","modified_gmt":"2026-04-01T11:37:58","slug":"set-cadeau-je-taime","status":"publish","type":"product","link":"https:\/\/www.fleurop-home.ch\/fr-ch\/p\/geschenkset-ich-hab-dich-lieb","title":{"rendered":"Bo\u00eete en bois \"Je t'aime"},"content":{"rendered":"<p style=\"text-align: left;\">Une surprise pleine d'amour ! Le coffret en bois sp\u00e9cial est rempli de choses d\u00e9licieuses pour un brunch r\u00e9ussi, plein de plaisir et d'amour : il contient notre th\u00e9 aux fruits raffin\u00e9, nos minis Gottlieber du m\u00e9lange traditionnel Pralin\u00e9, Mocca, Gianduja au design en forme de c\u0153ur sucr\u00e9 ainsi que notre p\u00e2te \u00e0 tartiner maison \"p\u00e9ch\u00e9 du matin\". Exactement ce qu'il faut pour la Saint-Valentin ou pour maman \u00e0 l'occasion de la f\u00eate des m\u00e8res.<\/p>\n<p>Tous les produits sont v\u00e9g\u00e9taliens et sans huile de palme.<\/p>\n<p style=\"text-align: left;\"><strong>Contenu :<br \/>\n<\/strong>1 Tradition Mini au design de P\u00e2ques (m\u00e9lange de pralin\u00e9, moka, gianduja)<br \/>\nenviron 37 mini-bouch\u00e9es (v\u00e9g\u00e9taliennes), 150 g<br \/>\n1 P\u00e2te \u00e0 tartiner maison \"P\u00e9ch\u00e9 du matin (v\u00e9g\u00e9talien), 300 g<br \/>\n1 infusion de fruits \"\u00e9volution des fruits\" (v\u00e9g\u00e9talienne), 100 g<br \/>\n1 recette de tresse pour le brunch de P\u00e2ques<br \/>\nCaisse en bois avec le logo Gottlieber (r\u00e9utilisable)<\/p>\n<p><strong>Masse<\/strong><br \/>\n220 x 300 x 110 mm<\/p>\n<p style=\"text-align: left;\"><a href=\"https:\/\/www.gottlieber.ch\/de\/online-shop\/naehrwertinformationen\" target=\"_blank\" rel=\"noopener\">Informations nutritionnelles et conseils pour les personnes allergiques<\/a><\/p>","protected":false},"excerpt":{"rendered":"<p>Coffret en bois Gottlieber avec du th\u00e9 aux fruits, des minis Gottlieber du m\u00e9lange traditionnel et du \"p\u00e9ch\u00e9 du matin\".<\/p>\n<p>&nbsp;<\/p>","protected":false},"featured_media":51105,"template":"","meta":[],"product_brand":[],"product_cat":[114,1023,797,42,885,52,1223,1225,53],"product_tag":[286],"woo-feed-brand":[],"class_list":{"0":"post-51104","1":"product","2":"type-product","3":"status-publish","4":"has-post-thumbnail","6":"product_cat-schokolade-sweets","7":"product_cat-fuer-mama","8":"product_cat-muttertag","9":"product_cat-kueche","10":"product_cat-koestlichkeiten","11":"product_cat-geschenke","12":"product_cat-anlaesse","13":"product_cat-genuss","14":"product_cat-geschenksets","15":"product_tag-gottlieber-spezialitaten-ag","17":"first","18":"instock","19":"taxable","20":"shipping-taxable","21":"purchasable","22":"product-type-simple"},"_links":{"self":[{"href":"https:\/\/www.fleurop-home.ch\/fr-ch\/wp-json\/wp\/v2\/product\/51104","targetHints":{"allow":["GET"]}}],"collection":[{"href":"https:\/\/www.fleurop-home.ch\/fr-ch\/wp-json\/wp\/v2\/product"}],"about":[{"href":"https:\/\/www.fleurop-home.ch\/fr-ch\/wp-json\/wp\/v2\/types\/product"}],"wp:featuredmedia":[{"embeddable":true,"href":"https:\/\/www.fleurop-home.ch\/fr-ch\/wp-json\/wp\/v2\/media\/51105"}],"wp:attachment":[{"href":"https:\/\/www.fleurop-home.ch\/fr-ch\/wp-json\/wp\/v2\/media?parent=51104"}],"wp:term":[{"taxonomy":"product_brand","embeddable":true,"href":"https:\/\/www.fleurop-home.ch\/fr-ch\/wp-json\/wp\/v2\/product_brand?post=51104"},{"taxonomy":"product_cat","embeddable":true,"href":"https:\/\/www.fleurop-home.ch\/fr-ch\/wp-json\/wp\/v2\/product_cat?post=51104"},{"taxonomy":"product_tag","embeddable":true,"href":"https:\/\/www.fleurop-home.ch\/fr-ch\/wp-json\/wp\/v2\/product_tag?post=51104"},{"taxonomy":"woo-feed-brand","embeddable":true,"href":"https:\/\/www.fleurop-home.ch\/fr-ch\/wp-json\/wp\/v2\/woo-feed-brand?post=51104"}],"curies":[{"name":"wp","href":"https:\/\/api.w.org\/{rel}","templated":true}]}}