{"id":5083,"date":"2019-06-27T09:46:18","date_gmt":"2019-06-27T07:46:18","guid":{"rendered":"https:\/\/www.fleurop-home.ch\/?product=samenkugeln-sonnenblumen-6er"},"modified":"2025-04-01T07:14:26","modified_gmt":"2025-04-01T05:14:26","slug":"boules-de-graines-de-tournesol-6pcs","status":"publish","type":"product","link":"https:\/\/www.fleurop-home.ch\/fr-ch\/p\/samenkugeln-sonnenblumen-6er","title":{"rendered":"Boules de graines de tournesol 6 pi\u00e8ces"},"content":{"rendered":"<p>Les boules de graines contiennent div. graines de tournesol. Les tournesols annuels se d\u00e9veloppent tr\u00e8s rapidement, ils forment une floraison jaune en peu de temps.<\/p>\n<p>&nbsp;<\/p>\n<p>Boules de graines, seedbombs, seedballs, bombes de graines, seed bombs, boules de graines - elles ont de nombreux noms. Mais que sont les boules de graines et comment sont-elles fabriqu\u00e9es ? Toutes nos boules de graines sont fabriqu\u00e9es \u00e0 la main par UrbanGardeningShop. Tout dans ces produits est fait \u00e0 la main. Pour la production, nous utilisons uniquement des produits naturels comme l'argile, le terreau bio (sans tourbe) et les graines. Gr\u00e2ce au roulage \u00e0 la main, chaque boule de graines est unique. Aucune ne ressemble exactement \u00e0 l'autre, chacune est un produit naturel. Les boules de graines sont emball\u00e9es dans de petites bo\u00eetes en carton. Superbement \u00e9tiquet\u00e9es, id\u00e9ales comme cadeau ou pour embellir le jardin avec les enfants.<\/p>\n<p><strong>Instructions :<\/strong> Lancer des boules de graines ou les enfoncer l\u00e9g\u00e8rement dans le sol de mani\u00e8re cibl\u00e9e aux endroits souhait\u00e9s. Pour acc\u00e9l\u00e9rer la floraison, tu peux arroser un peu au d\u00e9but. La nature fait le reste toute seule.<br \/>\nLaisser les graines de tournesol sur place en hiver. Les oiseaux adorent les graines de tournesol comme nourriture hivernale.<\/p>","protected":false},"excerpt":{"rendered":"<p>Set de 6 boules de graines. Cr\u00e9e des coins fleuris avec les boules de graines, dans le jardin ou dans des r\u00e9cipients. Id\u00e9al aussi pour le jardinage avec les enfants.<\/p>","protected":false},"featured_media":5084,"template":"","meta":[],"product_brand":[],"product_cat":[110,1023,797,34,41],"product_tag":[287],"woo-feed-brand":[],"class_list":{"0":"post-5083","1":"product","2":"type-product","3":"status-publish","4":"has-post-thumbnail","6":"product_cat-samen","7":"product_cat-fuer-mama","8":"product_cat-muttertag","9":"product_cat-garten-balkon","10":"product_cat-outdoorpflanzen","11":"product_tag-urbangardeningshop-ch","13":"first","14":"instock","15":"taxable","16":"shipping-taxable","17":"purchasable","18":"product-type-simple"},"_links":{"self":[{"href":"https:\/\/www.fleurop-home.ch\/fr-ch\/wp-json\/wp\/v2\/product\/5083","targetHints":{"allow":["GET"]}}],"collection":[{"href":"https:\/\/www.fleurop-home.ch\/fr-ch\/wp-json\/wp\/v2\/product"}],"about":[{"href":"https:\/\/www.fleurop-home.ch\/fr-ch\/wp-json\/wp\/v2\/types\/product"}],"wp:featuredmedia":[{"embeddable":true,"href":"https:\/\/www.fleurop-home.ch\/fr-ch\/wp-json\/wp\/v2\/media\/5084"}],"wp:attachment":[{"href":"https:\/\/www.fleurop-home.ch\/fr-ch\/wp-json\/wp\/v2\/media?parent=5083"}],"wp:term":[{"taxonomy":"product_brand","embeddable":true,"href":"https:\/\/www.fleurop-home.ch\/fr-ch\/wp-json\/wp\/v2\/product_brand?post=5083"},{"taxonomy":"product_cat","embeddable":true,"href":"https:\/\/www.fleurop-home.ch\/fr-ch\/wp-json\/wp\/v2\/product_cat?post=5083"},{"taxonomy":"product_tag","embeddable":true,"href":"https:\/\/www.fleurop-home.ch\/fr-ch\/wp-json\/wp\/v2\/product_tag?post=5083"},{"taxonomy":"woo-feed-brand","embeddable":true,"href":"https:\/\/www.fleurop-home.ch\/fr-ch\/wp-json\/wp\/v2\/woo-feed-brand?post=5083"}],"curies":[{"name":"wp","href":"https:\/\/api.w.org\/{rel}","templated":true}]}}