{"id":5078,"date":"2019-06-27T06:47:52","date_gmt":"2019-06-27T06:47:52","guid":{"rendered":"https:\/\/www.fleurop-home.ch\/?product=samenkugeln-mohnzauber-6er"},"modified":"2025-04-01T07:14:34","modified_gmt":"2025-04-01T05:14:34","slug":"boules-de-graines-magie-du-coquelicot-6-pieces","status":"publish","type":"product","link":"https:\/\/www.fleurop-home.ch\/fr-ch\/p\/samenkugeln-mohnzauber-6er","title":{"rendered":"Boules de graines Magie du pavot 6 pi\u00e8ces"},"content":{"rendered":"<p style=\"text-align: left\">Tu aimes le pavot, alors ce sont les boules de graines qu'il te faut . Les boules de graines contiennent des graines de coquelicot mais aussi de pavot \u00e0 soie, des boules de graines, des seedbombs, des bombes de graines, des seed bombs, des boules de graines - elles ont de nombreux noms. Mais que sont les boules de graines et comment sont-elles fabriqu\u00e9es ? Toutes nos boules de graines sont fabriqu\u00e9es \u00e0 la main par UrbanGardeningShop. Tout dans ces produits est fait \u00e0 la main. Pour la production, nous utilisons uniquement des produits naturels comme l'argile, le terreau bio (sans tourbe) et les graines. Gr\u00e2ce au roulage \u00e0 la main, chaque boule de graines est unique. Aucune ne ressemble exactement \u00e0 l'autre, chacune est un produit naturel. Les boules de graines sont emball\u00e9es dans de petites bo\u00eetes en carton. Superbement \u00e9tiquet\u00e9es, id\u00e9ales comme cadeau ou pour embellir le jardin avec les enfants.<\/p>\n<p style=\"text-align: left\"><strong>Instructions :<\/strong><br \/>\nLancer des boules de graines ou les enfoncer l\u00e9g\u00e8rement dans le sol de mani\u00e8re cibl\u00e9e aux endroits souhait\u00e9s. Pour acc\u00e9l\u00e9rer la floraison, tu peux arroser un peu au d\u00e9but. La nature fait le reste toute seule.<\/p>","protected":false},"excerpt":{"rendered":"<p>Lot de 6 boules de graines. Les boules de graines contiennent des graines de coquelicot, mais aussi de pavot soyeux et de nombreuses autres superbes plantes \u00e0 fleurs.<\/p>","protected":false},"featured_media":5079,"template":"","meta":[],"product_brand":[],"product_cat":[110,1023,797,1018,1026,34,41],"product_tag":[287],"woo-feed-brand":[],"class_list":{"0":"post-5078","1":"product","2":"type-product","3":"status-publish","4":"has-post-thumbnail","6":"product_cat-samen","7":"product_cat-fuer-mama","8":"product_cat-muttertag","9":"product_cat-ostern","10":"product_cat-osternest","11":"product_cat-garten-balkon","12":"product_cat-outdoorpflanzen","13":"product_tag-urbangardeningshop-ch","15":"first","16":"instock","17":"featured","18":"taxable","19":"shipping-taxable","20":"purchasable","21":"product-type-simple"},"_links":{"self":[{"href":"https:\/\/www.fleurop-home.ch\/fr-ch\/wp-json\/wp\/v2\/product\/5078","targetHints":{"allow":["GET"]}}],"collection":[{"href":"https:\/\/www.fleurop-home.ch\/fr-ch\/wp-json\/wp\/v2\/product"}],"about":[{"href":"https:\/\/www.fleurop-home.ch\/fr-ch\/wp-json\/wp\/v2\/types\/product"}],"wp:featuredmedia":[{"embeddable":true,"href":"https:\/\/www.fleurop-home.ch\/fr-ch\/wp-json\/wp\/v2\/media\/5079"}],"wp:attachment":[{"href":"https:\/\/www.fleurop-home.ch\/fr-ch\/wp-json\/wp\/v2\/media?parent=5078"}],"wp:term":[{"taxonomy":"product_brand","embeddable":true,"href":"https:\/\/www.fleurop-home.ch\/fr-ch\/wp-json\/wp\/v2\/product_brand?post=5078"},{"taxonomy":"product_cat","embeddable":true,"href":"https:\/\/www.fleurop-home.ch\/fr-ch\/wp-json\/wp\/v2\/product_cat?post=5078"},{"taxonomy":"product_tag","embeddable":true,"href":"https:\/\/www.fleurop-home.ch\/fr-ch\/wp-json\/wp\/v2\/product_tag?post=5078"},{"taxonomy":"woo-feed-brand","embeddable":true,"href":"https:\/\/www.fleurop-home.ch\/fr-ch\/wp-json\/wp\/v2\/woo-feed-brand?post=5078"}],"curies":[{"name":"wp","href":"https:\/\/api.w.org\/{rel}","templated":true}]}}