{"id":50688,"date":"2025-01-09T10:47:33","date_gmt":"2025-01-09T09:47:33","guid":{"rendered":"https:\/\/www.fleurop-home.ch\/de-ch\/?post_type=product&#038;p=50688"},"modified":"2025-10-13T09:41:13","modified_gmt":"2025-10-13T07:41:13","slug":"planche-a-decouper-forest","status":"publish","type":"product","link":"https:\/\/www.fleurop-home.ch\/fr-ch\/p\/schneidebrett-forest","title":{"rendered":"Planche \u00e0 d\u00e9couper Forest"},"content":{"rendered":"<p>D\u00e9couvre la charmante planche \u00e0 d\u00e9couper \"Forest\" en bois de manguier de haute qualit\u00e9 - un v\u00e9ritable bijou pour chaque cuisine. Avec ses dimensions de 39 x 21 x 2 cm, cette planche \u00e0 d\u00e9couper offre suffisamment de place pour couper et servir.<\/p>\n<p>Il faut souligner la jolie application en forme de c\u0153ur qui donne \u00e0 la planche \u00e0 d\u00e9couper une touche affectueuse et unique. Le bois de manguier robuste se caract\u00e9rise par son grain naturel et sa durabilit\u00e9, ce qui fait de chaque planche une pi\u00e8ce unique.<\/p>\n<p>Que ce soit comme ustensile de cuisine pratique ou comme \u00e9l\u00e9ment de d\u00e9coration \u00e9l\u00e9gant, la planche \u00e0 d\u00e9couper \"Lovelyn\" allie fonctionnalit\u00e9 et design esth\u00e9tique et cr\u00e9e une atmosph\u00e8re chaleureuse et accueillante dans ta cuisine.<\/p>","protected":false},"excerpt":{"rendered":"<p>Planche \u00e0 d\u00e9couper Forest 39x21cm<\/p>","protected":false},"featured_media":50660,"template":"","meta":[],"product_brand":[],"product_cat":[1022,797,1019,1018,42,44],"product_tag":[983],"woo-feed-brand":[],"class_list":{"0":"post-50688","1":"product","2":"type-product","3":"status-publish","4":"has-post-thumbnail","6":"product_cat-brunch","7":"product_cat-muttertag","8":"product_cat-osterbrunch","9":"product_cat-ostern","10":"product_cat-kueche","11":"product_cat-kuechenhelfer","12":"product_tag-selection-by-fleurophome","14":"first","15":"instock","16":"taxable","17":"shipping-taxable","18":"purchasable","19":"product-type-simple"},"_links":{"self":[{"href":"https:\/\/www.fleurop-home.ch\/fr-ch\/wp-json\/wp\/v2\/product\/50688","targetHints":{"allow":["GET"]}}],"collection":[{"href":"https:\/\/www.fleurop-home.ch\/fr-ch\/wp-json\/wp\/v2\/product"}],"about":[{"href":"https:\/\/www.fleurop-home.ch\/fr-ch\/wp-json\/wp\/v2\/types\/product"}],"wp:featuredmedia":[{"embeddable":true,"href":"https:\/\/www.fleurop-home.ch\/fr-ch\/wp-json\/wp\/v2\/media\/50660"}],"wp:attachment":[{"href":"https:\/\/www.fleurop-home.ch\/fr-ch\/wp-json\/wp\/v2\/media?parent=50688"}],"wp:term":[{"taxonomy":"product_brand","embeddable":true,"href":"https:\/\/www.fleurop-home.ch\/fr-ch\/wp-json\/wp\/v2\/product_brand?post=50688"},{"taxonomy":"product_cat","embeddable":true,"href":"https:\/\/www.fleurop-home.ch\/fr-ch\/wp-json\/wp\/v2\/product_cat?post=50688"},{"taxonomy":"product_tag","embeddable":true,"href":"https:\/\/www.fleurop-home.ch\/fr-ch\/wp-json\/wp\/v2\/product_tag?post=50688"},{"taxonomy":"woo-feed-brand","embeddable":true,"href":"https:\/\/www.fleurop-home.ch\/fr-ch\/wp-json\/wp\/v2\/woo-feed-brand?post=50688"}],"curies":[{"name":"wp","href":"https:\/\/api.w.org\/{rel}","templated":true}]}}