{"id":50684,"date":"2025-01-09T10:31:40","date_gmt":"2025-01-09T09:31:40","guid":{"rendered":"https:\/\/www.fleurop-home.ch\/de-ch\/?post_type=product&#038;p=50684"},"modified":"2026-04-01T13:57:49","modified_gmt":"2026-04-01T11:57:49","slug":"bouquet-artificiel-de-paeonias-roses","status":"publish","type":"product","link":"https:\/\/www.fleurop-home.ch\/fr-ch\/p\/kuenstliches-paeonienbouquet-rosa","title":{"rendered":"Bouquet artificiel de paeonias roses"},"content":{"rendered":"<p>Donne \u00e0 ta maison une touche \u00e9l\u00e9gante avec ces charmants bouquets de paeoniums blancs. Le set se compose de 3 bouquets de 26 cm de long chacun, parfaits pour donner une atmosph\u00e8re fra\u00eeche et romantique \u00e0 n'importe quelle pi\u00e8ce.<\/p>\n<p>La reproduction d\u00e9taill\u00e9e des fleurs de pivoine capture la beaut\u00e9 naturelle et la gr\u00e2ce de ces magnifiques fleurs. Ces bouquets sont parfaits pour les compositions de vases, les d\u00e9corations de table ou comme accessoires \u00e9l\u00e9gants pour chaque maison. Les couleurs d\u00e9licates s'harmonisent merveilleusement entre elles et cr\u00e9ent un accent pastel apaisant.<\/p>\n<p>Que ce soit comme d\u00e9coration de bon go\u00fbt pour ta propre maison ou comme cadeau affectueux pour tes amis et ta famille, ces bouquets de Paeonias apportent le charme du printemps directement dans tes quatre murs et garantissent une beaut\u00e9 fleurie durable.<\/p>","protected":false},"excerpt":{"rendered":"<p>Bouquet de paeonias artificiels 3 pi\u00e8ces en rose<\/p>","protected":false},"featured_media":50666,"template":"","meta":[],"product_brand":[],"product_cat":[23,797,1024,1021,1018,107,26],"product_tag":[983],"woo-feed-brand":[],"class_list":{"0":"post-50684","1":"product","2":"type-product","3":"status-publish","4":"has-post-thumbnail","6":"product_cat-home-living","7":"product_cat-muttertag","8":"product_cat-muttertagsdeko","9":"product_cat-osterdeko","10":"product_cat-ostern","11":"product_cat-kunstblumen","12":"product_cat-blumen-pflanzen","13":"product_tag-selection-by-fleurophome","15":"first","16":"instock","17":"taxable","18":"shipping-taxable","19":"purchasable","20":"product-type-simple"},"_links":{"self":[{"href":"https:\/\/www.fleurop-home.ch\/fr-ch\/wp-json\/wp\/v2\/product\/50684","targetHints":{"allow":["GET"]}}],"collection":[{"href":"https:\/\/www.fleurop-home.ch\/fr-ch\/wp-json\/wp\/v2\/product"}],"about":[{"href":"https:\/\/www.fleurop-home.ch\/fr-ch\/wp-json\/wp\/v2\/types\/product"}],"wp:featuredmedia":[{"embeddable":true,"href":"https:\/\/www.fleurop-home.ch\/fr-ch\/wp-json\/wp\/v2\/media\/50666"}],"wp:attachment":[{"href":"https:\/\/www.fleurop-home.ch\/fr-ch\/wp-json\/wp\/v2\/media?parent=50684"}],"wp:term":[{"taxonomy":"product_brand","embeddable":true,"href":"https:\/\/www.fleurop-home.ch\/fr-ch\/wp-json\/wp\/v2\/product_brand?post=50684"},{"taxonomy":"product_cat","embeddable":true,"href":"https:\/\/www.fleurop-home.ch\/fr-ch\/wp-json\/wp\/v2\/product_cat?post=50684"},{"taxonomy":"product_tag","embeddable":true,"href":"https:\/\/www.fleurop-home.ch\/fr-ch\/wp-json\/wp\/v2\/product_tag?post=50684"},{"taxonomy":"woo-feed-brand","embeddable":true,"href":"https:\/\/www.fleurop-home.ch\/fr-ch\/wp-json\/wp\/v2\/woo-feed-brand?post=50684"}],"curies":[{"name":"wp","href":"https:\/\/api.w.org\/{rel}","templated":true}]}}