{"id":50683,"date":"2025-01-09T10:26:40","date_gmt":"2025-01-09T09:26:40","guid":{"rendered":"https:\/\/www.fleurop-home.ch\/de-ch\/?post_type=product&#038;p=50683"},"modified":"2026-04-01T13:57:49","modified_gmt":"2026-04-01T11:57:49","slug":"branches-artificielles-de-fleurs-de-cerisier","status":"publish","type":"product","link":"https:\/\/www.fleurop-home.ch\/fr-ch\/p\/kuenstliche-kirschbluetenzweige","title":{"rendered":"Branches de fleurs de cerisier artificielles"},"content":{"rendered":"<p>Fais entrer la magie du printemps dans ta maison avec ces magnifiques branches de fleurs de cerisier. Le set se compose de 3 branches rose p\u00e2le, chacune de 50 cm de long, qui capturent parfaitement le sentiment de \"r\u00e9veil printanier\" et de \"magie printani\u00e8re\". Les fleurs de couleur pastel apportent \u00e0 chaque pi\u00e8ce une note fra\u00eeche et romantique qui rappelle les premi\u00e8res journ\u00e9es chaudes du printemps.<\/p>\n<p>Ces branches de cerisiers en fleurs sont la d\u00e9coration id\u00e9ale pour \u00e9gayer ton int\u00e9rieur et cr\u00e9er une atmosph\u00e8re joyeuse et vivante. Qu'elles soient arrang\u00e9es dans un vase ou qu'elles fassent partie d'un plus grand concept de d\u00e9coration, ces branches apportent la beaut\u00e9 de la nature directement dans ta maison, sans se faner.<\/p>\n<p>Parfait pour cr\u00e9er une composition printani\u00e8re \u00e9l\u00e9gante ou comme cadeau charmant pour tes amis et ta famille. Laisse le printemps s'installer chez toi et profite de l'effet enchanteur de ces branches de fleurs de cerisier.<\/p>","protected":false},"excerpt":{"rendered":"<p>Branches de fleurs de cerisier artificielles li\u00e9es 3 pi\u00e8ces<\/p>","protected":false},"featured_media":50665,"template":"","meta":[],"product_brand":[],"product_cat":[23,797,1024,1021,1018,107,26],"product_tag":[983],"woo-feed-brand":[],"class_list":{"0":"post-50683","1":"product","2":"type-product","3":"status-publish","4":"has-post-thumbnail","6":"product_cat-home-living","7":"product_cat-muttertag","8":"product_cat-muttertagsdeko","9":"product_cat-osterdeko","10":"product_cat-ostern","11":"product_cat-kunstblumen","12":"product_cat-blumen-pflanzen","13":"product_tag-selection-by-fleurophome","15":"first","16":"instock","17":"taxable","18":"shipping-taxable","19":"purchasable","20":"product-type-simple"},"_links":{"self":[{"href":"https:\/\/www.fleurop-home.ch\/fr-ch\/wp-json\/wp\/v2\/product\/50683","targetHints":{"allow":["GET"]}}],"collection":[{"href":"https:\/\/www.fleurop-home.ch\/fr-ch\/wp-json\/wp\/v2\/product"}],"about":[{"href":"https:\/\/www.fleurop-home.ch\/fr-ch\/wp-json\/wp\/v2\/types\/product"}],"wp:featuredmedia":[{"embeddable":true,"href":"https:\/\/www.fleurop-home.ch\/fr-ch\/wp-json\/wp\/v2\/media\/50665"}],"wp:attachment":[{"href":"https:\/\/www.fleurop-home.ch\/fr-ch\/wp-json\/wp\/v2\/media?parent=50683"}],"wp:term":[{"taxonomy":"product_brand","embeddable":true,"href":"https:\/\/www.fleurop-home.ch\/fr-ch\/wp-json\/wp\/v2\/product_brand?post=50683"},{"taxonomy":"product_cat","embeddable":true,"href":"https:\/\/www.fleurop-home.ch\/fr-ch\/wp-json\/wp\/v2\/product_cat?post=50683"},{"taxonomy":"product_tag","embeddable":true,"href":"https:\/\/www.fleurop-home.ch\/fr-ch\/wp-json\/wp\/v2\/product_tag?post=50683"},{"taxonomy":"woo-feed-brand","embeddable":true,"href":"https:\/\/www.fleurop-home.ch\/fr-ch\/wp-json\/wp\/v2\/woo-feed-brand?post=50683"}],"curies":[{"name":"wp","href":"https:\/\/api.w.org\/{rel}","templated":true}]}}