{"id":50682,"date":"2025-01-09T10:19:37","date_gmt":"2025-01-09T09:19:37","guid":{"rendered":"https:\/\/www.fleurop-home.ch\/de-ch\/?post_type=product&#038;p=50682"},"modified":"2026-04-01T13:57:49","modified_gmt":"2026-04-01T11:57:49","slug":"bouquet-de-pivoines-artificielles","status":"publish","type":"product","link":"https:\/\/www.fleurop-home.ch\/fr-ch\/p\/kuenstlicher-pfingstrosenstrauss","title":{"rendered":"Bouquet de pivoines artificielles"},"content":{"rendered":"<p>Ajoute une touche de magie printani\u00e8re \u00e0 ton int\u00e9rieur avec ce magnifique bouquet de pivoines artificielles. Le bouquet se compose de 10 magnifiques pivoines dans des couleurs roses et pastel d\u00e9licates, qui capturent parfaitement le sentiment de \"r\u00e9veil du printemps\". D'une longueur de 36 cm, ce bouquet est la d\u00e9coration id\u00e9ale pour chaque pi\u00e8ce et ajoute une touche romantique et fra\u00eeche \u00e0 ton int\u00e9rieur.<\/p>\n<p>Gr\u00e2ce \u00e0 la finition de haute qualit\u00e9 et \u00e0 la reproduction fid\u00e8le des d\u00e9tails, les pivoines ont un aspect trompeur et conservent leur beaut\u00e9 durablement, sans aucun entretien. Id\u00e9al comme \u00e9l\u00e9ment de d\u00e9coration \u00e9l\u00e9gant pour ta propre maison ou comme cadeau affectueux pour tes amis et ta famille, ce bouquet de pivoines artificielles apporte de la couleur et de l'\u00e9l\u00e9gance \u00e0 n'importe quel environnement.<\/p>","protected":false},"excerpt":{"rendered":"<p>Bouquet de pivoines artificielles avec 10 pivoines en rose clair.<\/p>","protected":false},"featured_media":50669,"template":"","meta":[],"product_brand":[],"product_cat":[23,797,1024,107,26],"product_tag":[983],"woo-feed-brand":[],"class_list":{"0":"post-50682","1":"product","2":"type-product","3":"status-publish","4":"has-post-thumbnail","6":"product_cat-home-living","7":"product_cat-muttertag","8":"product_cat-muttertagsdeko","9":"product_cat-kunstblumen","10":"product_cat-blumen-pflanzen","11":"product_tag-selection-by-fleurophome","13":"first","14":"instock","15":"taxable","16":"shipping-taxable","17":"purchasable","18":"product-type-simple"},"_links":{"self":[{"href":"https:\/\/www.fleurop-home.ch\/fr-ch\/wp-json\/wp\/v2\/product\/50682","targetHints":{"allow":["GET"]}}],"collection":[{"href":"https:\/\/www.fleurop-home.ch\/fr-ch\/wp-json\/wp\/v2\/product"}],"about":[{"href":"https:\/\/www.fleurop-home.ch\/fr-ch\/wp-json\/wp\/v2\/types\/product"}],"wp:featuredmedia":[{"embeddable":true,"href":"https:\/\/www.fleurop-home.ch\/fr-ch\/wp-json\/wp\/v2\/media\/50669"}],"wp:attachment":[{"href":"https:\/\/www.fleurop-home.ch\/fr-ch\/wp-json\/wp\/v2\/media?parent=50682"}],"wp:term":[{"taxonomy":"product_brand","embeddable":true,"href":"https:\/\/www.fleurop-home.ch\/fr-ch\/wp-json\/wp\/v2\/product_brand?post=50682"},{"taxonomy":"product_cat","embeddable":true,"href":"https:\/\/www.fleurop-home.ch\/fr-ch\/wp-json\/wp\/v2\/product_cat?post=50682"},{"taxonomy":"product_tag","embeddable":true,"href":"https:\/\/www.fleurop-home.ch\/fr-ch\/wp-json\/wp\/v2\/product_tag?post=50682"},{"taxonomy":"woo-feed-brand","embeddable":true,"href":"https:\/\/www.fleurop-home.ch\/fr-ch\/wp-json\/wp\/v2\/woo-feed-brand?post=50682"}],"curies":[{"name":"wp","href":"https:\/\/api.w.org\/{rel}","templated":true}]}}