{"id":50646,"date":"2025-01-09T09:06:52","date_gmt":"2025-01-09T08:06:52","guid":{"rendered":"https:\/\/www.fleurop-home.ch\/de-ch\/?post_type=product&#038;p=50646"},"modified":"2025-10-22T09:04:07","modified_gmt":"2025-10-22T07:04:07","slug":"coeur-en-teck-tropicale","status":"publish","type":"product","link":"https:\/\/www.fleurop-home.ch\/fr-ch\/p\/teakholzherz-tropicale","title":{"rendered":"C\u0153ur en teck Tropicale"},"content":{"rendered":"<p>D\u00e9couvre cette pi\u00e8ce unique en teck avec une d\u00e9coupe en forme de c\u0153ur sur un \u00e9l\u00e9gant socle en bois - une pi\u00e8ce de d\u00e9coration sp\u00e9ciale pour chaque int\u00e9rieur. Avec ses dimensions de 29 cm de large, 9 cm de profondeur et 48 cm de hauteur, cette pi\u00e8ce de d\u00e9coration s'int\u00e8gre harmonieusement dans chaque int\u00e9rieur tout en apportant une touche naturelle.<\/p>\n<p>Chaque pi\u00e8ce de teck est unique, avec un grain et une texture uniques qui mettent en valeur la beaut\u00e9 et l'authenticit\u00e9 du bois naturel. La zone d\u00e9coup\u00e9e du c\u0153ur ajoute une touche romantique \u00e0 la pi\u00e8ce, qui remplit chaque pi\u00e8ce de chaleur et de charme.<\/p>\n<p>Parfait comme cadeau sp\u00e9cial ou comme accessoire \u00e9l\u00e9gant pour ta propre maison - ce morceau de teck sur un socle en bois stable allie naturel et \u00e9l\u00e9gance et cr\u00e9e une atmosph\u00e8re pleine de confort et d'individualit\u00e9.<\/p>","protected":false},"excerpt":{"rendered":"<p>Morceau de teck sur support avec un c\u0153ur d\u00e9coup\u00e9<\/p>","protected":false},"featured_media":50647,"template":"","meta":[],"product_brand":[],"product_cat":[23,1000,1190,797,1024,999,30],"product_tag":[983],"woo-feed-brand":[],"class_list":{"0":"post-50646","1":"product","2":"type-product","3":"status-publish","4":"has-post-thumbnail","6":"product_cat-home-living","7":"product_cat-valentinstagsdeko","8":"product_cat-dekoobjekte","9":"product_cat-muttertag","10":"product_cat-muttertagsdeko","11":"product_cat-valentinstag","12":"product_cat-deko-accessoires","13":"product_tag-selection-by-fleurophome","15":"first","16":"instock","17":"taxable","18":"shipping-taxable","19":"purchasable","20":"product-type-simple"},"_links":{"self":[{"href":"https:\/\/www.fleurop-home.ch\/fr-ch\/wp-json\/wp\/v2\/product\/50646","targetHints":{"allow":["GET"]}}],"collection":[{"href":"https:\/\/www.fleurop-home.ch\/fr-ch\/wp-json\/wp\/v2\/product"}],"about":[{"href":"https:\/\/www.fleurop-home.ch\/fr-ch\/wp-json\/wp\/v2\/types\/product"}],"wp:featuredmedia":[{"embeddable":true,"href":"https:\/\/www.fleurop-home.ch\/fr-ch\/wp-json\/wp\/v2\/media\/50647"}],"wp:attachment":[{"href":"https:\/\/www.fleurop-home.ch\/fr-ch\/wp-json\/wp\/v2\/media?parent=50646"}],"wp:term":[{"taxonomy":"product_brand","embeddable":true,"href":"https:\/\/www.fleurop-home.ch\/fr-ch\/wp-json\/wp\/v2\/product_brand?post=50646"},{"taxonomy":"product_cat","embeddable":true,"href":"https:\/\/www.fleurop-home.ch\/fr-ch\/wp-json\/wp\/v2\/product_cat?post=50646"},{"taxonomy":"product_tag","embeddable":true,"href":"https:\/\/www.fleurop-home.ch\/fr-ch\/wp-json\/wp\/v2\/product_tag?post=50646"},{"taxonomy":"woo-feed-brand","embeddable":true,"href":"https:\/\/www.fleurop-home.ch\/fr-ch\/wp-json\/wp\/v2\/woo-feed-brand?post=50646"}],"curies":[{"name":"wp","href":"https:\/\/api.w.org\/{rel}","templated":true}]}}