{"id":5049,"date":"2019-06-17T15:01:08","date_gmt":"2019-06-17T15:01:08","guid":{"rendered":"https:\/\/www.fleurop-home.ch\/?product=gartenschere-layat-happy-line-grun"},"modified":"2026-03-17T07:36:25","modified_gmt":"2026-03-17T06:36:25","slug":"ciseaux-de-jardinage-layat-happy-line-grun","status":"publish","type":"product","link":"https:\/\/www.fleurop-home.ch\/fr-ch\/p\/gartenschere-layat-happy-line-grun","title":{"rendered":"S\u00e9cateur LAYAT Happy Line vert"},"content":{"rendered":"<p style=\"text-align: left;\">Les petits ciseaux polyvalents de LAYAT, sont parfaits pour couper les fleurs et autres choses dans la maison et le jardin. Les couleurs tendance et les lames INOX super tranchantes, font de ces ciseaux un article indispensable pour tout le monde.<br \/>\n<strong>Attention<\/strong>Tu ne peux pas couper des arbres entiers, mais tu peux couper presque tout.<\/p>","protected":false},"excerpt":{"rendered":"<p>Petit s\u00e9cateur \u00e0 lame incurv\u00e9e en INOX. Vert, taille 155 mm. Id\u00e9al pour les fleurs, les roses et les branches fines.<\/p>","protected":false},"featured_media":5050,"template":"","meta":[],"product_brand":[],"product_cat":[39,1089,1088,34,1062],"product_tag":[287],"woo-feed-brand":[],"class_list":{"0":"post-5049","1":"product","2":"type-product","3":"status-publish","4":"has-post-thumbnail","6":"product_cat-gartenzubehoer","7":"product_cat-hobbygaertner","8":"product_cat-vatertag","9":"product_cat-garten-balkon","10":"product_cat-gartenwerkzeug","11":"product_tag-urbangardeningshop-ch","13":"first","14":"instock","15":"taxable","16":"shipping-taxable","17":"purchasable","18":"product-type-simple"},"_links":{"self":[{"href":"https:\/\/www.fleurop-home.ch\/fr-ch\/wp-json\/wp\/v2\/product\/5049","targetHints":{"allow":["GET"]}}],"collection":[{"href":"https:\/\/www.fleurop-home.ch\/fr-ch\/wp-json\/wp\/v2\/product"}],"about":[{"href":"https:\/\/www.fleurop-home.ch\/fr-ch\/wp-json\/wp\/v2\/types\/product"}],"wp:featuredmedia":[{"embeddable":true,"href":"https:\/\/www.fleurop-home.ch\/fr-ch\/wp-json\/wp\/v2\/media\/5050"}],"wp:attachment":[{"href":"https:\/\/www.fleurop-home.ch\/fr-ch\/wp-json\/wp\/v2\/media?parent=5049"}],"wp:term":[{"taxonomy":"product_brand","embeddable":true,"href":"https:\/\/www.fleurop-home.ch\/fr-ch\/wp-json\/wp\/v2\/product_brand?post=5049"},{"taxonomy":"product_cat","embeddable":true,"href":"https:\/\/www.fleurop-home.ch\/fr-ch\/wp-json\/wp\/v2\/product_cat?post=5049"},{"taxonomy":"product_tag","embeddable":true,"href":"https:\/\/www.fleurop-home.ch\/fr-ch\/wp-json\/wp\/v2\/product_tag?post=5049"},{"taxonomy":"woo-feed-brand","embeddable":true,"href":"https:\/\/www.fleurop-home.ch\/fr-ch\/wp-json\/wp\/v2\/woo-feed-brand?post=5049"}],"curies":[{"name":"wp","href":"https:\/\/api.w.org\/{rel}","templated":true}]}}