{"id":50227,"date":"2024-12-20T09:47:04","date_gmt":"2024-12-20T08:47:04","guid":{"rendered":"https:\/\/www.fleurop-home.ch\/?post_type=product&#038;p=50227"},"modified":"2025-04-01T03:49:22","modified_gmt":"2025-04-01T01:49:22","slug":"rails-de-fixation-boite-murale","status":"publish","type":"product","link":"https:\/\/www.fleurop-home.ch\/fr-ch\/p\/befestigungsschienen-wandbox","title":{"rendered":"Rails de fixation bo\u00eete murale"},"content":{"rendered":"<div>Gr\u00e2ce aux rails en acier inoxydable de haute qualit\u00e9 d'Urban Greenery et aux vis et chevilles de marques premium, tu peux installer n'importe quel module de \"The Box\" sur ton mur de mani\u00e8re simple, rapide et s\u00fbre.<\/div>\n<div><\/div>\n<div><\/div>\n<div><strong>Contenu de la livraison<br \/>\n<\/strong>- Un kit de montage (2x rails en acier inoxydable, 4x vis, 4x chevilles)<br \/>\n- Guide d'installation et d'utilisation<\/div>\n<div><\/div>\n<div><\/div>\n<div><strong>Mat\u00e9riel<\/strong><br \/>\nAcier inoxydable<\/div>\n<div><\/div>\n<div><\/div>\n<div><b>Note bien<\/b>\u00a0Pour chaque module Box.6, une paire de rails correspondante est incluse. Tu n'as pas besoin d'acheter les rails en plus.<\/div>","protected":false},"excerpt":{"rendered":"<p>Kit de montage - stabilit\u00e9 pour ta bo\u00eete<\/p>","protected":false},"featured_media":50229,"template":"","meta":[],"product_brand":[],"product_cat":[896,23,862],"product_tag":[282],"woo-feed-brand":[],"class_list":{"0":"post-50227","1":"product","2":"type-product","3":"status-publish","4":"has-post-thumbnail","6":"product_cat-wandbox","7":"product_cat-home-living","8":"product_cat-innenbegruenung","9":"product_tag-fleurop-interflora","11":"first","12":"instock","13":"taxable","14":"shipping-taxable","15":"purchasable","16":"product-type-simple"},"_links":{"self":[{"href":"https:\/\/www.fleurop-home.ch\/fr-ch\/wp-json\/wp\/v2\/product\/50227","targetHints":{"allow":["GET"]}}],"collection":[{"href":"https:\/\/www.fleurop-home.ch\/fr-ch\/wp-json\/wp\/v2\/product"}],"about":[{"href":"https:\/\/www.fleurop-home.ch\/fr-ch\/wp-json\/wp\/v2\/types\/product"}],"wp:featuredmedia":[{"embeddable":true,"href":"https:\/\/www.fleurop-home.ch\/fr-ch\/wp-json\/wp\/v2\/media\/50229"}],"wp:attachment":[{"href":"https:\/\/www.fleurop-home.ch\/fr-ch\/wp-json\/wp\/v2\/media?parent=50227"}],"wp:term":[{"taxonomy":"product_brand","embeddable":true,"href":"https:\/\/www.fleurop-home.ch\/fr-ch\/wp-json\/wp\/v2\/product_brand?post=50227"},{"taxonomy":"product_cat","embeddable":true,"href":"https:\/\/www.fleurop-home.ch\/fr-ch\/wp-json\/wp\/v2\/product_cat?post=50227"},{"taxonomy":"product_tag","embeddable":true,"href":"https:\/\/www.fleurop-home.ch\/fr-ch\/wp-json\/wp\/v2\/product_tag?post=50227"},{"taxonomy":"woo-feed-brand","embeddable":true,"href":"https:\/\/www.fleurop-home.ch\/fr-ch\/wp-json\/wp\/v2\/woo-feed-brand?post=50227"}],"curies":[{"name":"wp","href":"https:\/\/api.w.org\/{rel}","templated":true}]}}