{"id":5014,"date":"2019-06-13T10:43:39","date_gmt":"2019-06-13T08:43:39","guid":{"rendered":"https:\/\/www.fleurop-home.ch\/?product=samenkugeln-blutentraum-6er"},"modified":"2026-04-22T11:01:28","modified_gmt":"2026-04-22T09:01:28","slug":"boules-de-graines-reve-de-sang-6-pieces","status":"publish","type":"product","link":"https:\/\/www.fleurop-home.ch\/fr-ch\/p\/samenkugeln-blutentraum-6er","title":{"rendered":"Boules de graines R\u00eave floral 6 pi\u00e8ces"},"content":{"rendered":"<p style=\"text-align: left;\">Les boules de graines contiennent un m\u00e9lange de jusqu'\u00e0 40 esp\u00e8ces, dont la vip\u00e9rine, le liseron des buissons, le pavot dor\u00e9, le lin rouge et bleu, le coquelicot, le bleuet, le souci, la corbeille d\u00e9corative et bien d'autres. Boules de graines, seedbombs, seedballs, bombes de graines, seed bombs, boules de graines - elles ont de nombreux noms. Mais que sont les boules de graines et comment sont-elles fabriqu\u00e9es ? Toutes nos boules de graines sont fabriqu\u00e9es \u00e0 la main par UrbanGardeningShop. Tout dans ces produits est fait \u00e0 la main. Pour la production, nous utilisons uniquement des produits naturels comme l'argile, le terreau bio (sans tourbe) et les graines. Gr\u00e2ce au roulage \u00e0 la main, chaque boule de graines est unique. Aucune ne ressemble exactement \u00e0 l'autre, chacune est un produit naturel. Les boules de graines sont emball\u00e9es dans de petites bo\u00eetes en carton. Superbement \u00e9tiquet\u00e9es, id\u00e9ales comme cadeau ou pour embellir le jardin avec les enfants.<\/p>\n<p style=\"text-align: left;\"><strong>Instructions :<\/strong> Lancer des boules de graines ou les enfoncer l\u00e9g\u00e8rement dans le sol de mani\u00e8re cibl\u00e9e aux endroits souhait\u00e9s. Pour acc\u00e9l\u00e9rer la floraison, tu peux arroser un peu au d\u00e9but. La nature fait le reste toute seule.<\/p>","protected":false},"excerpt":{"rendered":"<p>Set de 6 boules de graines. Id\u00e9al pour les abeilles et les papillons. Cr\u00e9e de petites oasis de fleurs avec ces boules de graines, dans ton jardin ou sur ta terrasse.<\/p>","protected":false},"featured_media":5015,"template":"","meta":[],"product_brand":[],"product_cat":[110,1263,1023,1266,1089,797,1018,1026,1088,34,41],"product_tag":[287],"woo-feed-brand":[],"class_list":{"0":"post-5014","1":"product","2":"type-product","3":"status-publish","4":"has-post-thumbnail","6":"product_cat-samen","7":"product_cat-fleuropkids","8":"product_cat-fuer-mama","9":"product_cat-garten-outdoor","10":"product_cat-hobbygaertner","11":"product_cat-muttertag","12":"product_cat-ostern","13":"product_cat-osternest","14":"product_cat-vatertag","15":"product_cat-garten-balkon","16":"product_cat-outdoorpflanzen","17":"product_tag-urbangardeningshop-ch","19":"first","20":"instock","21":"taxable","22":"shipping-taxable","23":"purchasable","24":"product-type-simple"},"_links":{"self":[{"href":"https:\/\/www.fleurop-home.ch\/fr-ch\/wp-json\/wp\/v2\/product\/5014","targetHints":{"allow":["GET"]}}],"collection":[{"href":"https:\/\/www.fleurop-home.ch\/fr-ch\/wp-json\/wp\/v2\/product"}],"about":[{"href":"https:\/\/www.fleurop-home.ch\/fr-ch\/wp-json\/wp\/v2\/types\/product"}],"wp:featuredmedia":[{"embeddable":true,"href":"https:\/\/www.fleurop-home.ch\/fr-ch\/wp-json\/wp\/v2\/media\/5015"}],"wp:attachment":[{"href":"https:\/\/www.fleurop-home.ch\/fr-ch\/wp-json\/wp\/v2\/media?parent=5014"}],"wp:term":[{"taxonomy":"product_brand","embeddable":true,"href":"https:\/\/www.fleurop-home.ch\/fr-ch\/wp-json\/wp\/v2\/product_brand?post=5014"},{"taxonomy":"product_cat","embeddable":true,"href":"https:\/\/www.fleurop-home.ch\/fr-ch\/wp-json\/wp\/v2\/product_cat?post=5014"},{"taxonomy":"product_tag","embeddable":true,"href":"https:\/\/www.fleurop-home.ch\/fr-ch\/wp-json\/wp\/v2\/product_tag?post=5014"},{"taxonomy":"woo-feed-brand","embeddable":true,"href":"https:\/\/www.fleurop-home.ch\/fr-ch\/wp-json\/wp\/v2\/woo-feed-brand?post=5014"}],"curies":[{"name":"wp","href":"https:\/\/api.w.org\/{rel}","templated":true}]}}