{"id":5011,"date":"2019-05-31T10:28:35","date_gmt":"2019-05-31T08:28:35","guid":{"rendered":"https:\/\/www.fleurop-home.ch\/?product=gottlieber-geschenkset-gourmet-ii"},"modified":"2026-04-01T13:37:58","modified_gmt":"2026-04-01T11:37:58","slug":"gottlieber-set-cadeau-gourmet-ii","status":"publish","type":"product","link":"https:\/\/www.fleurop-home.ch\/fr-ch\/p\/gottlieber-geschenkset-gourmet-ii","title":{"rendered":"Caisse en bois Gottlieber \"Gourmet II"},"content":{"rendered":"<p>Le coffret en bois Gourmet passe \u00e0 la deuxi\u00e8me \u00e9tape. Rempli \u00e0 nouveau de trois sp\u00e9cialit\u00e9s exquises de Gottlieber, le coffret cadeau Gourmet II r\u00e9jouit \u00e0 la fois l'\u00e2me et le palais. Ces bo\u00eetes en bois incomparables sont fabriqu\u00e9es dans un atelier social.<\/p>\n<p>Le \"p\u00e9ch\u00e9 du matin\" de Gottlieber - notre p\u00e2te \u00e0 tartiner maison \u00e0 base de cr\u00e8me pralin\u00e9e ultrafine, enrichie de morceaux de cr\u00eapes et de sel des Alpes suisses. Avec un sachet d'amandes au cacao Gottlieber grill\u00e9es, soigneusement enrob\u00e9es de chocolat fin et saupoudr\u00e9es de poudre de cacao noble. Ce duo sucr\u00e9 est accompagn\u00e9 de notre \"caresse au c\u0153ur\" - un chai \u00e0 base de th\u00e9 yogi et de th\u00e9 noir.<\/p>\n<p><strong>Contenu<\/strong><br \/>\n1 Gottlieber \"p\u00e9ch\u00e9 du matin\" (v\u00e9g\u00e9talien), 300 g<br \/>\n1 Chaitee \"Douceur de coeur\" (v\u00e9g\u00e9talien), 180 g<br \/>\n180g d'amandes au cacao<\/p>\n<p><strong>Masse<\/strong><br \/>\n220 x 300 x 110 mm<\/p>\n<p><a href=\"https:\/\/www.gottlieber.ch\/de\/online-shop\/naehrwertinformationen\" target=\"_blank\" rel=\"noopener\"> Informations nutritionnelles et conseils pour les personnes allergiques<\/a><\/p>","protected":false},"excerpt":{"rendered":"<p>Coffret en bois original contenant un \"p\u00e9ch\u00e9 du matin\", un sachet d'amandes au cacao ainsi qu'une infusion de fruits.<\/p>","protected":false},"featured_media":45154,"template":"","meta":[],"product_brand":[],"product_cat":[114,1023,1001,797,984,993,999,909,916,42,885,52,1225,53],"product_tag":[286],"woo-feed-brand":[],"class_list":{"0":"post-5011","1":"product","2":"type-product","3":"status-publish","4":"has-post-thumbnail","6":"product_cat-schokolade-sweets","7":"product_cat-fuer-mama","8":"product_cat-leckereien","9":"product_cat-muttertag","10":"product_cat-silvester","11":"product_cat-silvestergeschenke","12":"product_cat-valentinstag","13":"product_cat-weihnachten","14":"product_cat-praesente","15":"product_cat-kueche","16":"product_cat-koestlichkeiten","17":"product_cat-geschenke","18":"product_cat-genuss","19":"product_cat-geschenksets","20":"product_tag-gottlieber-spezialitaten-ag","22":"first","23":"instock","24":"featured","25":"taxable","26":"shipping-taxable","27":"purchasable","28":"product-type-simple"},"_links":{"self":[{"href":"https:\/\/www.fleurop-home.ch\/fr-ch\/wp-json\/wp\/v2\/product\/5011","targetHints":{"allow":["GET"]}}],"collection":[{"href":"https:\/\/www.fleurop-home.ch\/fr-ch\/wp-json\/wp\/v2\/product"}],"about":[{"href":"https:\/\/www.fleurop-home.ch\/fr-ch\/wp-json\/wp\/v2\/types\/product"}],"wp:featuredmedia":[{"embeddable":true,"href":"https:\/\/www.fleurop-home.ch\/fr-ch\/wp-json\/wp\/v2\/media\/45154"}],"wp:attachment":[{"href":"https:\/\/www.fleurop-home.ch\/fr-ch\/wp-json\/wp\/v2\/media?parent=5011"}],"wp:term":[{"taxonomy":"product_brand","embeddable":true,"href":"https:\/\/www.fleurop-home.ch\/fr-ch\/wp-json\/wp\/v2\/product_brand?post=5011"},{"taxonomy":"product_cat","embeddable":true,"href":"https:\/\/www.fleurop-home.ch\/fr-ch\/wp-json\/wp\/v2\/product_cat?post=5011"},{"taxonomy":"product_tag","embeddable":true,"href":"https:\/\/www.fleurop-home.ch\/fr-ch\/wp-json\/wp\/v2\/product_tag?post=5011"},{"taxonomy":"woo-feed-brand","embeddable":true,"href":"https:\/\/www.fleurop-home.ch\/fr-ch\/wp-json\/wp\/v2\/woo-feed-brand?post=5011"}],"curies":[{"name":"wp","href":"https:\/\/api.w.org\/{rel}","templated":true}]}}