{"id":50079,"date":"2024-12-11T09:23:17","date_gmt":"2024-12-11T08:23:17","guid":{"rendered":"https:\/\/www.fleurop-home.ch\/de-ch\/?post_type=product&#038;p=50079"},"modified":"2025-10-22T09:18:11","modified_gmt":"2025-10-22T07:18:11","slug":"ufo-table-lamp-lampe-de-table","status":"publish","type":"product","link":"https:\/\/www.fleurop-home.ch\/fr-ch\/p\/ufo-table-lamp-tischlampe","title":{"rendered":"UFO TABLE LAMP lampe de table"},"content":{"rendered":"<p><strong>UFO TABLE LAMP Lampe de table avec interrupteur tactile Temp\u00e9rature de couleur r\u00e9glable<\/strong><\/p>\n<p><strong>D\u00e9couvre la lampe de table styl\u00e9e pour toutes les occasions !<\/strong><\/p>\n<p>Donne \u00e0 ta pi\u00e8ce la lumi\u00e8re parfaite avec notre lampe de table innovante, qui ne se distingue pas seulement par son design moderne, mais aussi par ses fonctions polyvalentes !<\/p>\n<p><strong>Points forts :<\/strong><\/p>\n<ul>\n<li><strong>Bouton tactile :<\/strong>\u00a0Il suffit de tapoter doucement - contr\u00f4le la lampe de mani\u00e8re tr\u00e8s intuitive.<\/li>\n<li><strong>Dimmable en continu :<\/strong> Ajuste l'intensit\u00e9 de la lumi\u00e8re selon tes envies et cr\u00e9e l'atmosph\u00e8re parfaite.<\/li>\n<li><strong>Temp\u00e9rature de couleur r\u00e9glable :<\/strong> Choisis entre une lumi\u00e8re chaude et une lumi\u00e8re froide pour un \u00e9clairage personnalis\u00e9.<\/li>\n<li><strong>Fonction m\u00e9moire intelligente :<\/strong> La lampe se souvient de ton intensit\u00e9 lumineuse et de ta temp\u00e9rature de couleur pr\u00e9f\u00e9r\u00e9es pour une utilisation sans effort.<\/li>\n<li><strong>Avertissement de batterie faible :<\/strong> Pas de surprises inattendues - la lampe t'informe \u00e0 temps du niveau de la batterie.<\/li>\n<li><strong>Recharge rapide :<\/strong>\u00a0Recharg\u00e9e en seulement 5 heures, la lampe assure une impressionnante autonomie de 10 \u00e0 120 heures.<\/li>\n<li><strong>Fonction de protection :<\/strong>\u00a0En cas de surcharge de la batterie, la fonction de protection int\u00e9gr\u00e9e assure une s\u00e9curit\u00e9 suppl\u00e9mentaire.<\/li>\n<\/ul>\n<p><strong><br \/>\nLa masse :<\/strong>\u00a013,5 x 25,8 x 7,5 cm - parfait pour toute table ou table de chevet.<\/p>\n<p>Les instructions d\u00e9taill\u00e9es font de l'installation un jeu d'enfant. Procure-toi d\u00e8s maintenant cette lampe de table polyvalente et ajoute des touches d'ambiance \u00e0 ton int\u00e9rieur !<\/p>","protected":false},"excerpt":{"rendered":"<p>UFO TABLE LAMP Lampe de table avec interrupteur tactile Temp\u00e9rature de couleur r\u00e9glable<\/p>","protected":false},"featured_media":50089,"template":"","meta":[],"product_brand":[],"product_cat":[23,1190,30],"product_tag":[312],"woo-feed-brand":[],"class_list":{"0":"post-50079","1":"product","2":"type-product","3":"status-publish","4":"has-post-thumbnail","6":"product_cat-home-living","7":"product_cat-dekoobjekte","8":"product_cat-deko-accessoires","9":"product_tag-zimmermann-flaach-ag-blumen-gartenbau","11":"first","12":"instock","13":"taxable","14":"shipping-taxable","15":"purchasable","16":"product-type-simple"},"_links":{"self":[{"href":"https:\/\/www.fleurop-home.ch\/fr-ch\/wp-json\/wp\/v2\/product\/50079","targetHints":{"allow":["GET"]}}],"collection":[{"href":"https:\/\/www.fleurop-home.ch\/fr-ch\/wp-json\/wp\/v2\/product"}],"about":[{"href":"https:\/\/www.fleurop-home.ch\/fr-ch\/wp-json\/wp\/v2\/types\/product"}],"wp:featuredmedia":[{"embeddable":true,"href":"https:\/\/www.fleurop-home.ch\/fr-ch\/wp-json\/wp\/v2\/media\/50089"}],"wp:attachment":[{"href":"https:\/\/www.fleurop-home.ch\/fr-ch\/wp-json\/wp\/v2\/media?parent=50079"}],"wp:term":[{"taxonomy":"product_brand","embeddable":true,"href":"https:\/\/www.fleurop-home.ch\/fr-ch\/wp-json\/wp\/v2\/product_brand?post=50079"},{"taxonomy":"product_cat","embeddable":true,"href":"https:\/\/www.fleurop-home.ch\/fr-ch\/wp-json\/wp\/v2\/product_cat?post=50079"},{"taxonomy":"product_tag","embeddable":true,"href":"https:\/\/www.fleurop-home.ch\/fr-ch\/wp-json\/wp\/v2\/product_tag?post=50079"},{"taxonomy":"woo-feed-brand","embeddable":true,"href":"https:\/\/www.fleurop-home.ch\/fr-ch\/wp-json\/wp\/v2\/woo-feed-brand?post=50079"}],"curies":[{"name":"wp","href":"https:\/\/api.w.org\/{rel}","templated":true}]}}