{"id":5001,"date":"2019-05-28T17:04:31","date_gmt":"2019-05-28T15:04:31","guid":{"rendered":"https:\/\/www.fleurop-home.ch\/?product=gottlieber-schmuckdose-gottlieben"},"modified":"2025-12-02T11:31:10","modified_gmt":"2025-12-02T10:31:10","slug":"gottlieber-boite-a-bijoux-gottlieben","status":"publish","type":"product","link":"https:\/\/www.fleurop-home.ch\/fr-ch\/p\/gottlieber-schmuckdose-gottlieben","title":{"rendered":"Bo\u00eete \u00e0 bijoux Gottlieber \"Gottlieben"},"content":{"rendered":"<p>Cette gravure de la ville m\u00e9di\u00e9vale de Gottlieben en 1864 semble presque mystique. Les p\u00eacheurs sont tranquillement \u00e0 l'\u0153uvre, tandis qu'un voilier d\u00e9rive \u00e0 l'arri\u00e8re-plan et que quelques oiseaux tournent doucement en rond.<\/p>\n<p>La bo\u00eete d\u00e9corative \"Gottlieben\" est remplie de 56 d\u00e9licieux bricelets Gottlieber du m\u00e9lange traditionnel (Pralin\u00e9, Mocca, Gianduja).<\/p>\n<p>Depuis janvier 2023, les bricelets de notre m\u00e9lange traditionnel sont v\u00e9g\u00e9taliens et sans huile de palme.<\/p>\n<p style=\"text-align: left\"><strong>Garniture de bricelets<\/strong><br \/>\nPralin\u00e9, moka, gianduja<\/p>\n<p><strong>Contenu<\/strong><br \/>\n56 bouch\u00e9es (v\u00e9g\u00e9taliennes), 840 g<\/p>\n<p><strong>Masse<\/strong><br \/>\n240 x 160 x 85 mm<\/p>\n<div class=\"ce_text block\">\n<p><a href=\"https:\/\/www.gottlieber.ch\/de\/online-shop\/naehrwertinformationen\" target=\"_blank\" rel=\"noopener\">Informations nutritionnelles et conseils pour les personnes allergiques<\/a><\/p>\n<div class=\"ce_text block\" style=\"text-align: left\">\n<h3><\/h3>\n<\/div>\n<\/div>","protected":false},"excerpt":{"rendered":"<p>Magnifique gravure du petit village m\u00e9di\u00e9val de Gottlieben. Rempli de 56 bricelets Gottlieber du m\u00e9lange traditionnel (Pralin\u00e9, Mocca, Gianduja).<\/p>","protected":false},"featured_media":51643,"template":"","meta":[],"product_brand":[],"product_cat":[114,1090,1088,42,885,52,54],"product_tag":[286],"woo-feed-brand":[],"class_list":{"0":"post-5001","1":"product","2":"type-product","3":"status-publish","4":"has-post-thumbnail","6":"product_cat-schokolade-sweets","7":"product_cat-geniesser","8":"product_cat-vatertag","9":"product_cat-kueche","10":"product_cat-koestlichkeiten","11":"product_cat-geschenke","12":"product_cat-feinkost","13":"product_tag-gottlieber-spezialitaten-ag","15":"first","16":"instock","17":"taxable","18":"shipping-taxable","19":"purchasable","20":"product-type-simple"},"_links":{"self":[{"href":"https:\/\/www.fleurop-home.ch\/fr-ch\/wp-json\/wp\/v2\/product\/5001","targetHints":{"allow":["GET"]}}],"collection":[{"href":"https:\/\/www.fleurop-home.ch\/fr-ch\/wp-json\/wp\/v2\/product"}],"about":[{"href":"https:\/\/www.fleurop-home.ch\/fr-ch\/wp-json\/wp\/v2\/types\/product"}],"wp:featuredmedia":[{"embeddable":true,"href":"https:\/\/www.fleurop-home.ch\/fr-ch\/wp-json\/wp\/v2\/media\/51643"}],"wp:attachment":[{"href":"https:\/\/www.fleurop-home.ch\/fr-ch\/wp-json\/wp\/v2\/media?parent=5001"}],"wp:term":[{"taxonomy":"product_brand","embeddable":true,"href":"https:\/\/www.fleurop-home.ch\/fr-ch\/wp-json\/wp\/v2\/product_brand?post=5001"},{"taxonomy":"product_cat","embeddable":true,"href":"https:\/\/www.fleurop-home.ch\/fr-ch\/wp-json\/wp\/v2\/product_cat?post=5001"},{"taxonomy":"product_tag","embeddable":true,"href":"https:\/\/www.fleurop-home.ch\/fr-ch\/wp-json\/wp\/v2\/product_tag?post=5001"},{"taxonomy":"woo-feed-brand","embeddable":true,"href":"https:\/\/www.fleurop-home.ch\/fr-ch\/wp-json\/wp\/v2\/woo-feed-brand?post=5001"}],"curies":[{"name":"wp","href":"https:\/\/api.w.org\/{rel}","templated":true}]}}