{"id":4992,"date":"2019-05-24T11:08:58","date_gmt":"2019-05-24T09:08:58","guid":{"rendered":"https:\/\/www.fleurop-home.ch\/?product=gottlieber-geschenkset-schoggifondue"},"modified":"2026-02-05T14:37:09","modified_gmt":"2026-02-05T13:37:09","slug":"set-cadeau-fondue-au-chocolat","status":"publish","type":"product","link":"https:\/\/www.fleurop-home.ch\/fr-ch\/p\/geschenkset-schoggifondue","title":{"rendered":"Caisse en bois \"fondue au chocolat"},"content":{"rendered":"<p style=\"text-align: left;\">La combinaison de bricelets croustillants Gottlieber et du chocolat le plus noble (52 % de cacao) garantit une exp\u00e9rience de d\u00e9gustation unique et exclusive. Les bo\u00eetes en bois incomparables sont fabriqu\u00e9es dans un atelier social.<\/p>\n<p style=\"text-align: left;\">Conseil : une s\u00e9duction divine \u00e9galement avec des fruits frais.<\/p>\n<p style=\"text-align: left;\"><strong>Contenu<\/strong>:<br \/>\n10 bols vides<br \/>\nChocolat Gottlieber, 200 g<br \/>\nSet \u00e0 fondue (4 fourchettes incluses)<br \/>\nAllumettes de Gottlieber<\/p>\n<p style=\"text-align: left;\"><strong>Masse<\/strong><br \/>\n220 x 300 x 110 mm<\/p>\n<p style=\"text-align: left;\"><a href=\"https:\/\/www.gottlieber.ch\/de\/online-shop\/naehrwertinformationen\" target=\"_blank\" rel=\"noopener\"> Informations nutritionnelles et conseils pour les personnes allergiques<\/a><\/p>","protected":false},"excerpt":{"rendered":"<p>Set de fondue au chocolat dans une bo\u00eete en bois originale de Gottlieber.<\/p>","protected":false},"featured_media":4993,"template":"","meta":[],"product_brand":[],"product_cat":[114,984,993,909,916,42,885,52,1225,53],"product_tag":[286],"woo-feed-brand":[],"class_list":{"0":"post-4992","1":"product","2":"type-product","3":"status-publish","4":"has-post-thumbnail","6":"product_cat-schokolade-sweets","7":"product_cat-silvester","8":"product_cat-silvestergeschenke","9":"product_cat-weihnachten","10":"product_cat-praesente","11":"product_cat-kueche","12":"product_cat-koestlichkeiten","13":"product_cat-geschenke","14":"product_cat-genuss","15":"product_cat-geschenksets","16":"product_tag-gottlieber-spezialitaten-ag","18":"first","19":"instock","20":"taxable","21":"shipping-taxable","22":"purchasable","23":"product-type-simple"},"_links":{"self":[{"href":"https:\/\/www.fleurop-home.ch\/fr-ch\/wp-json\/wp\/v2\/product\/4992","targetHints":{"allow":["GET"]}}],"collection":[{"href":"https:\/\/www.fleurop-home.ch\/fr-ch\/wp-json\/wp\/v2\/product"}],"about":[{"href":"https:\/\/www.fleurop-home.ch\/fr-ch\/wp-json\/wp\/v2\/types\/product"}],"wp:featuredmedia":[{"embeddable":true,"href":"https:\/\/www.fleurop-home.ch\/fr-ch\/wp-json\/wp\/v2\/media\/4993"}],"wp:attachment":[{"href":"https:\/\/www.fleurop-home.ch\/fr-ch\/wp-json\/wp\/v2\/media?parent=4992"}],"wp:term":[{"taxonomy":"product_brand","embeddable":true,"href":"https:\/\/www.fleurop-home.ch\/fr-ch\/wp-json\/wp\/v2\/product_brand?post=4992"},{"taxonomy":"product_cat","embeddable":true,"href":"https:\/\/www.fleurop-home.ch\/fr-ch\/wp-json\/wp\/v2\/product_cat?post=4992"},{"taxonomy":"product_tag","embeddable":true,"href":"https:\/\/www.fleurop-home.ch\/fr-ch\/wp-json\/wp\/v2\/product_tag?post=4992"},{"taxonomy":"woo-feed-brand","embeddable":true,"href":"https:\/\/www.fleurop-home.ch\/fr-ch\/wp-json\/wp\/v2\/woo-feed-brand?post=4992"}],"curies":[{"name":"wp","href":"https:\/\/api.w.org\/{rel}","templated":true}]}}