{"id":4989,"date":"2019-05-22T16:56:11","date_gmt":"2019-05-22T14:56:11","guid":{"rendered":"https:\/\/www.fleurop-home.ch\/?product=gottlieber-geschenkset-ewigi-liebi"},"modified":"2026-02-26T18:27:38","modified_gmt":"2026-02-26T17:27:38","slug":"coffret-cadeau-gottlieber-goba-eterni-liebi","status":"publish","type":"product","link":"https:\/\/www.fleurop-home.ch\/fr-ch\/p\/gottlieber-geschenkset-goba-ewigi-liebi","title":{"rendered":"Set cadeau Gottlieber Goba \"Ewigi Liebi\" (amour \u00e9ternel)"},"content":{"rendered":"<p>Coffret cadeau Gottlieber Ewigi Liebi avec un sachet de bricelets fruit\u00e9s \u00e0 la framboise et un sirop Ewigi Liebi, produit par la source min\u00e9rale Goba \u00e0 Appenzell. Un sirop de framboise cors\u00e9 et fruit\u00e9 avec une charmante touche de lavande.<\/p>\n<p>Sirop Inspirations d'utilisation : Tout simplement pur avec du min\u00e9ral. D\u00e9licieux dans une sauce \u00e0 salade fruit\u00e9e, pour \u00e9clabousser le prosecco ou m\u00eame pour agr\u00e9menter un dessert comme les muffins ou la panna cotta.<\/p>\n<p>La source d'eau min\u00e9rale et manufacture Goba est l'un des plus petits producteurs ind\u00e9pendants d'eau min\u00e9rale en Suisse. Dans le pays d'Appenzell, elle fabrique des produits naturels de premi\u00e8re qualit\u00e9 - des boissons d\u00e9salt\u00e9rantes et rafra\u00eechissantes, de d\u00e9licieux amers, des liqueurs raffin\u00e9es et toutes sortes de produits \u00e0 base d'herbes r\u00e9gionales. Le plaisir d'inventer de nouvelles recettes, qui a commenc\u00e9 dans la cuisine des grands-parents de Gabriela Manser, donne toujours de nouveaux fruits \u00e0 la manufacture Goba.<\/p>\n<p>Gabriela Manser, CEO de Goba AG, \u00e0 propos de la nouvelle combinaison de cadeaux : \"Parce que nous appr\u00e9cions les Gottlieber H\u00fcppen - un ensemble qui fait plaisir\".<\/p>\n<p style=\"text-align: left;\"><strong>Garniture de bricelets<\/strong><br \/>\nFramboise<\/p>\n<p style=\"text-align: left;\"><strong>Contenu<\/strong><br \/>\n10 galettes, 150 g<br \/>\n1 sirop Ewigi Liebi, 25 cl<\/p>\n<p><strong>Masse<\/strong><br \/>\n220 x 210 x 90 mm<\/p>\n<p style=\"text-align: left;\"><a href=\"https:\/\/www.gottlieber.ch\/de\/online-shop\/naehrwertinformationen\" target=\"_blank\" rel=\"noopener\"> Informations nutritionnelles et conseils pour les personnes allergiques<\/a><\/p>","protected":false},"excerpt":{"rendered":"<p>Collection de cadeaux raffin\u00e9s avec un sachet de b\u00fbches fruit\u00e9es \u00e0 la framboise et un sirop Ewigi Liebi.<\/p>","protected":false},"featured_media":75237,"template":"","meta":[],"product_brand":[],"product_cat":[53,42,115,114,885,52,1225],"product_tag":[147,286],"woo-feed-brand":[],"class_list":{"0":"post-4989","1":"product","2":"type-product","3":"status-publish","4":"has-post-thumbnail","6":"product_cat-geschenksets","7":"product_cat-kueche","8":"product_cat-spirituosen","9":"product_cat-schokolade-sweets","10":"product_cat-koestlichkeiten","11":"product_cat-geschenke","12":"product_cat-genuss","13":"product_tag-alkohol","14":"product_tag-gottlieber-spezialitaten-ag","16":"first","17":"instock","18":"taxable","19":"shipping-taxable","20":"purchasable","21":"product-type-simple"},"_links":{"self":[{"href":"https:\/\/www.fleurop-home.ch\/fr-ch\/wp-json\/wp\/v2\/product\/4989","targetHints":{"allow":["GET"]}}],"collection":[{"href":"https:\/\/www.fleurop-home.ch\/fr-ch\/wp-json\/wp\/v2\/product"}],"about":[{"href":"https:\/\/www.fleurop-home.ch\/fr-ch\/wp-json\/wp\/v2\/types\/product"}],"wp:featuredmedia":[{"embeddable":true,"href":"https:\/\/www.fleurop-home.ch\/fr-ch\/wp-json\/wp\/v2\/media\/75237"}],"wp:attachment":[{"href":"https:\/\/www.fleurop-home.ch\/fr-ch\/wp-json\/wp\/v2\/media?parent=4989"}],"wp:term":[{"taxonomy":"product_brand","embeddable":true,"href":"https:\/\/www.fleurop-home.ch\/fr-ch\/wp-json\/wp\/v2\/product_brand?post=4989"},{"taxonomy":"product_cat","embeddable":true,"href":"https:\/\/www.fleurop-home.ch\/fr-ch\/wp-json\/wp\/v2\/product_cat?post=4989"},{"taxonomy":"product_tag","embeddable":true,"href":"https:\/\/www.fleurop-home.ch\/fr-ch\/wp-json\/wp\/v2\/product_tag?post=4989"},{"taxonomy":"woo-feed-brand","embeddable":true,"href":"https:\/\/www.fleurop-home.ch\/fr-ch\/wp-json\/wp\/v2\/woo-feed-brand?post=4989"}],"curies":[{"name":"wp","href":"https:\/\/api.w.org\/{rel}","templated":true}]}}