{"id":4986,"date":"2019-05-21T15:08:42","date_gmt":"2019-05-21T13:08:42","guid":{"rendered":"https:\/\/www.fleurop-home.ch\/?product=gottlieber-geschenkset-goba-orange"},"modified":"2026-02-26T18:08:10","modified_gmt":"2026-02-26T17:08:10","slug":"gottlieber-set-cadeau-goba-orange","status":"publish","type":"product","link":"https:\/\/www.fleurop-home.ch\/fr-ch\/p\/gottlieber-geschenkset-goba-orange","title":{"rendered":"Set cadeau Gottlieber Goba \"Orange"},"content":{"rendered":"<p>Coffret cadeau Gottlieber Goba Orange avec un sachet de bricelets fruit\u00e9s Gianduja-Orange et une liqueur d'orange am\u00e8re, produits par la source min\u00e9rale Goba \u00e0 Appenzell. Une liqueur affin\u00e9e avec du cognac (35 % vol.). Une finition ardente pour les desserts raffin\u00e9s.<\/p>\n<p>La source d'eau min\u00e9rale et manufacture Goba est l'un des plus petits producteurs ind\u00e9pendants d'eau min\u00e9rale en Suisse. Dans le pays d'Appenzell, elle fabrique des produits naturels de premi\u00e8re qualit\u00e9 - des boissons d\u00e9salt\u00e9rantes et rafra\u00eechissantes, de d\u00e9licieux amers, des liqueurs raffin\u00e9es et toutes sortes de produits \u00e0 base d'herbes r\u00e9gionales. Le plaisir d'inventer de nouvelles recettes, qui a commenc\u00e9 dans la cuisine des grands-parents de Gabriela Manser, donne toujours de nouveaux fruits \u00e0 la manufacture Goba.<\/p>\n<p>Gabriela Manser, CEO de Goba AG, \u00e0 propos de la nouvelle combinaison de cadeaux : \"Parce que nous appr\u00e9cions les Gottlieber H\u00fcppen - un ensemble qui fait plaisir\".<\/p>\n<p style=\"text-align: left;\"><strong>Garniture de bricelets<\/strong><br \/>\nVanille, caramel, amande<\/p>\n<p style=\"text-align: left;\"><strong>Contenu<\/strong><br \/>\n10 galettes, 150 g<br \/>\n1 liqueur Bitter Orange No. 15, 35% Vol., 25 cl<\/p>\n<p style=\"text-align: left;\"><strong>Masse<\/strong><br \/>\n220 x 210 x 90 mm<\/p>\n<p style=\"text-align: left;\"><a href=\"https:\/\/www.gottlieber.ch\/de\/online-shop\/naehrwertinformationen\" target=\"_blank\" rel=\"noopener\"> Informations nutritionnelles et conseils pour les personnes allergiques<\/a><\/p>","protected":false},"excerpt":{"rendered":"<p>Collection cadeau raffin\u00e9e avec un sachet de bricelets fruit\u00e9s \u00e0 l'orange Gianduja et une liqueur d'orange am\u00e8re Goba.<\/p>","protected":false},"featured_media":75226,"template":"","meta":[],"product_brand":[],"product_cat":[53,1090,910,984,993,1088,909,916,42,115,114,885,52,1225],"product_tag":[147,286],"woo-feed-brand":[],"class_list":{"0":"post-4986","1":"product","2":"type-product","3":"status-publish","4":"has-post-thumbnail","6":"product_cat-geschenksets","7":"product_cat-geniesser","8":"product_cat-geschenkideen","9":"product_cat-silvester","10":"product_cat-silvestergeschenke","11":"product_cat-vatertag","12":"product_cat-weihnachten","13":"product_cat-praesente","14":"product_cat-kueche","15":"product_cat-spirituosen","16":"product_cat-schokolade-sweets","17":"product_cat-koestlichkeiten","18":"product_cat-geschenke","19":"product_cat-genuss","20":"product_tag-alkohol","21":"product_tag-gottlieber-spezialitaten-ag","23":"first","24":"instock","25":"featured","26":"taxable","27":"shipping-taxable","28":"purchasable","29":"product-type-simple"},"_links":{"self":[{"href":"https:\/\/www.fleurop-home.ch\/fr-ch\/wp-json\/wp\/v2\/product\/4986","targetHints":{"allow":["GET"]}}],"collection":[{"href":"https:\/\/www.fleurop-home.ch\/fr-ch\/wp-json\/wp\/v2\/product"}],"about":[{"href":"https:\/\/www.fleurop-home.ch\/fr-ch\/wp-json\/wp\/v2\/types\/product"}],"wp:featuredmedia":[{"embeddable":true,"href":"https:\/\/www.fleurop-home.ch\/fr-ch\/wp-json\/wp\/v2\/media\/75226"}],"wp:attachment":[{"href":"https:\/\/www.fleurop-home.ch\/fr-ch\/wp-json\/wp\/v2\/media?parent=4986"}],"wp:term":[{"taxonomy":"product_brand","embeddable":true,"href":"https:\/\/www.fleurop-home.ch\/fr-ch\/wp-json\/wp\/v2\/product_brand?post=4986"},{"taxonomy":"product_cat","embeddable":true,"href":"https:\/\/www.fleurop-home.ch\/fr-ch\/wp-json\/wp\/v2\/product_cat?post=4986"},{"taxonomy":"product_tag","embeddable":true,"href":"https:\/\/www.fleurop-home.ch\/fr-ch\/wp-json\/wp\/v2\/product_tag?post=4986"},{"taxonomy":"woo-feed-brand","embeddable":true,"href":"https:\/\/www.fleurop-home.ch\/fr-ch\/wp-json\/wp\/v2\/woo-feed-brand?post=4986"}],"curies":[{"name":"wp","href":"https:\/\/api.w.org\/{rel}","templated":true}]}}