{"id":4980,"date":"2019-05-21T14:59:32","date_gmt":"2019-05-21T12:59:32","guid":{"rendered":"https:\/\/www.fleurop-home.ch\/?product=gottlieber-geschenkset-spanien"},"modified":"2026-02-26T18:14:08","modified_gmt":"2026-02-26T17:14:08","slug":"gottlieber-coffret-cadeau-espagne","status":"publish","type":"product","link":"https:\/\/www.fleurop-home.ch\/fr-ch\/p\/gottlieber-geschenkset-spanien","title":{"rendered":"Set cadeau Gottlieber \"Espagne"},"content":{"rendered":"<p>Le m\u00e9lange traditionnel de Gottlieber (v\u00e9g\u00e9talien et sans huile de palme) accompagn\u00e9 d'un vin de whisky aromatique qui a vieilli pendant 18 mois dans des compartiments \u00e0 whisky utilis\u00e9s.<\/p>\n<p>Javier Rodriguez compte parmi les vignerons les plus dou\u00e9s d'Espagne et est l'inventeur du Whisky-Wine, un vin unique \u00e9lev\u00e9 dans des f\u00fbts de whisky usag\u00e9s. Le 5\u00e8me mill\u00e9sime du Whisky-Wine se montre sous son meilleur jour au nez, tr\u00e8s aromatique et accessible, des notes intenses de fruits noirs m\u00fbrs, d'\u00e9pices, de chocolat et une touche de fum\u00e9e. En bouche, incroyablement aromatique avec des tanins tr\u00e8s fins et velout\u00e9s, une abondance massive de fruits de cerises noires soulign\u00e9e par une note typique de cerise. Les ar\u00f4mes du f\u00fbt de whisky ajoutent une dimension suppl\u00e9mentaire au vin. Temp\u00e9rature de d\u00e9gustation : 16-18 degr\u00e9s.<\/p>\n<p>Notre m\u00e9lange traditionnel (v\u00e9g\u00e9talien &amp; sans huile de palme depuis janvier 2023) aux couleurs rouge, vert et bleu est appr\u00e9ci\u00e9 depuis de nombreuses ann\u00e9es par les jeunes et les moins jeunes et est le top-seller de Gottlieber par excellence. Le fourrage pralin\u00e9 fondant est r\u00e9alis\u00e9 \u00e0 partir de noisettes grill\u00e9es et de p\u00e2te de cacao de qualit\u00e9 sup\u00e9rieure. C'est \u00e9galement la base du fourrage Mocca, qui est en outre enrichi de caf\u00e9 Arabica de qualit\u00e9 sup\u00e9rieure. Le fourrage Gianduja se distingue par son d\u00e9licieux go\u00fbt de noisettes grill\u00e9es et s\u00e9duit \u00e9galement par sa couverture de chocolat noir bio. Le compagnon id\u00e9al pour un vin de whisky aromatiquement intense.<\/p>\n<p style=\"text-align: left;\"><strong>Garniture de bricelets<\/strong><br \/>\nPralin\u00e9, moka, gianduja<\/p>\n<p style=\"text-align: left;\"><strong>Contenu<\/strong><br \/>\n20 galettes, 300 g<br \/>\n1 Rodriguez Sanzo 2019 Whisky-Wine Tempranillo, IGP Castilla y Leon, 75 cl<\/p>\n<p style=\"text-align: left;\"><strong>Masse<\/strong><br \/>\n365 x 380 x 98 mm<\/p>\n<p style=\"text-align: left;\"><a href=\"https:\/\/www.gottlieber.ch\/de\/online-shop\/naehrwertinformationen\" target=\"_blank\" rel=\"noopener\"> Informations nutritionnelles et conseils pour les personnes allergiques<\/a><\/p>","protected":false},"excerpt":{"rendered":"<p>Collection cadeau raffin\u00e9e avec un paquet de 20 Gottlieber H\u00fcppen du m\u00e9lange traditionnel tant appr\u00e9ci\u00e9 (pralin\u00e9, moka, gianduja) et une bouteille de Rodriguez Sanzo (whisky-vin Tempranillo).<\/p>","protected":false},"featured_media":75230,"template":"","meta":[],"product_brand":[],"product_cat":[53,909,916,42,115,114,885,52,1225],"product_tag":[147,286],"woo-feed-brand":[],"class_list":{"0":"post-4980","1":"product","2":"type-product","3":"status-publish","4":"has-post-thumbnail","6":"product_cat-geschenksets","7":"product_cat-weihnachten","8":"product_cat-praesente","9":"product_cat-kueche","10":"product_cat-spirituosen","11":"product_cat-schokolade-sweets","12":"product_cat-koestlichkeiten","13":"product_cat-geschenke","14":"product_cat-genuss","15":"product_tag-alkohol","16":"product_tag-gottlieber-spezialitaten-ag","18":"first","19":"instock","20":"taxable","21":"shipping-taxable","22":"purchasable","23":"product-type-simple"},"_links":{"self":[{"href":"https:\/\/www.fleurop-home.ch\/fr-ch\/wp-json\/wp\/v2\/product\/4980","targetHints":{"allow":["GET"]}}],"collection":[{"href":"https:\/\/www.fleurop-home.ch\/fr-ch\/wp-json\/wp\/v2\/product"}],"about":[{"href":"https:\/\/www.fleurop-home.ch\/fr-ch\/wp-json\/wp\/v2\/types\/product"}],"wp:featuredmedia":[{"embeddable":true,"href":"https:\/\/www.fleurop-home.ch\/fr-ch\/wp-json\/wp\/v2\/media\/75230"}],"wp:attachment":[{"href":"https:\/\/www.fleurop-home.ch\/fr-ch\/wp-json\/wp\/v2\/media?parent=4980"}],"wp:term":[{"taxonomy":"product_brand","embeddable":true,"href":"https:\/\/www.fleurop-home.ch\/fr-ch\/wp-json\/wp\/v2\/product_brand?post=4980"},{"taxonomy":"product_cat","embeddable":true,"href":"https:\/\/www.fleurop-home.ch\/fr-ch\/wp-json\/wp\/v2\/product_cat?post=4980"},{"taxonomy":"product_tag","embeddable":true,"href":"https:\/\/www.fleurop-home.ch\/fr-ch\/wp-json\/wp\/v2\/product_tag?post=4980"},{"taxonomy":"woo-feed-brand","embeddable":true,"href":"https:\/\/www.fleurop-home.ch\/fr-ch\/wp-json\/wp\/v2\/woo-feed-brand?post=4980"}],"curies":[{"name":"wp","href":"https:\/\/api.w.org\/{rel}","templated":true}]}}