{"id":49787,"date":"2024-12-06T13:19:30","date_gmt":"2024-12-06T12:19:30","guid":{"rendered":"https:\/\/www.fleurop-home.ch\/?post_type=product&#038;p=49787"},"modified":"2026-03-16T12:50:04","modified_gmt":"2026-03-16T11:50:04","slug":"ecorce-deucalyptus-1kg","status":"publish","type":"product","link":"https:\/\/www.fleurop-home.ch\/fr-ch\/p\/eucalypthus-rinde-1kg","title":{"rendered":"Ecorce d'eucalyptus 1kg"},"content":{"rendered":"<p style=\"text-align: left;\">L'\u00e9corce d'eucalyptus est un produit naturel polyvalent qui convient parfaitement aux d\u00e9corations florales et aux arrangements cr\u00e9atifs. Avec sa texture naturelle et son agr\u00e9able parfum, elle apporte une touche de nature \u00e0 tes cr\u00e9ations. Parfait pour le bricolage, la d\u00e9coration ou comme point fort durable dans les bouquets de fleurs et les arrangements. Laisse libre cours \u00e0 ta cr\u00e9ativit\u00e9 !<\/p>","protected":false},"excerpt":{"rendered":"<p>Un produit naturel parfait pour le bricolage<\/p>","protected":false},"featured_media":49794,"template":"","meta":[],"product_brand":[],"product_cat":[1196,23,29],"product_tag":[282],"woo-feed-brand":[],"class_list":{"0":"post-49787","1":"product","2":"type-product","3":"status-publish","4":"has-post-thumbnail","6":"product_cat-natur-deko","7":"product_cat-home-living","8":"product_cat-do-it-yourself","9":"product_tag-fleurop-interflora","11":"first","12":"instock","13":"taxable","14":"shipping-taxable","15":"purchasable","16":"product-type-simple"},"_links":{"self":[{"href":"https:\/\/www.fleurop-home.ch\/fr-ch\/wp-json\/wp\/v2\/product\/49787","targetHints":{"allow":["GET"]}}],"collection":[{"href":"https:\/\/www.fleurop-home.ch\/fr-ch\/wp-json\/wp\/v2\/product"}],"about":[{"href":"https:\/\/www.fleurop-home.ch\/fr-ch\/wp-json\/wp\/v2\/types\/product"}],"wp:featuredmedia":[{"embeddable":true,"href":"https:\/\/www.fleurop-home.ch\/fr-ch\/wp-json\/wp\/v2\/media\/49794"}],"wp:attachment":[{"href":"https:\/\/www.fleurop-home.ch\/fr-ch\/wp-json\/wp\/v2\/media?parent=49787"}],"wp:term":[{"taxonomy":"product_brand","embeddable":true,"href":"https:\/\/www.fleurop-home.ch\/fr-ch\/wp-json\/wp\/v2\/product_brand?post=49787"},{"taxonomy":"product_cat","embeddable":true,"href":"https:\/\/www.fleurop-home.ch\/fr-ch\/wp-json\/wp\/v2\/product_cat?post=49787"},{"taxonomy":"product_tag","embeddable":true,"href":"https:\/\/www.fleurop-home.ch\/fr-ch\/wp-json\/wp\/v2\/product_tag?post=49787"},{"taxonomy":"woo-feed-brand","embeddable":true,"href":"https:\/\/www.fleurop-home.ch\/fr-ch\/wp-json\/wp\/v2\/woo-feed-brand?post=49787"}],"curies":[{"name":"wp","href":"https:\/\/api.w.org\/{rel}","templated":true}]}}