{"id":49775,"date":"2024-12-06T11:04:50","date_gmt":"2024-12-06T10:04:50","guid":{"rendered":"https:\/\/www.fleurop-home.ch\/?post_type=product&#038;p=49775"},"modified":"2026-04-09T07:35:23","modified_gmt":"2026-04-09T05:35:23","slug":"recipient-en-zinc-avec-poignee-o12-cm-x-h10-cm","status":"publish","type":"product","link":"https:\/\/www.fleurop-home.ch\/fr-ch\/p\/zinkgefaess-mit-griff-o12-cm-x-h10-cm","title":{"rendered":"R\u00e9cipient en zinc avec poign\u00e9e, \u00d812 cm x H10 cm"},"content":{"rendered":"<p>Donner des paniers n'a jamais \u00e9t\u00e9 aussi agr\u00e9able ! Regarde autour de toi chez nous. Tu trouveras certainement le bon, que ce soit pour les fleurs et les plantes ou comme panier cadeau.<\/p>","protected":false},"excerpt":{"rendered":"<p>Des r\u00e9cipients en zinc styl\u00e9s avec poign\u00e9e de diff\u00e9rentes tailles<\/p>","protected":false},"featured_media":49777,"template":"","meta":[],"product_brand":[],"product_cat":[29,23,1195,1200,27],"product_tag":[282],"woo-feed-brand":[],"class_list":{"0":"post-49775","1":"product","2":"type-product","3":"status-publish","4":"has-post-thumbnail","6":"product_cat-do-it-yourself","7":"product_cat-home-living","8":"product_cat-dekogrundlagen","9":"product_cat-gefaesse","10":"product_cat-vasen-gefaesse","11":"product_tag-fleurop-interflora","13":"first","14":"instock","15":"taxable","16":"shipping-taxable","17":"purchasable","18":"product-type-simple"},"_links":{"self":[{"href":"https:\/\/www.fleurop-home.ch\/fr-ch\/wp-json\/wp\/v2\/product\/49775","targetHints":{"allow":["GET"]}}],"collection":[{"href":"https:\/\/www.fleurop-home.ch\/fr-ch\/wp-json\/wp\/v2\/product"}],"about":[{"href":"https:\/\/www.fleurop-home.ch\/fr-ch\/wp-json\/wp\/v2\/types\/product"}],"wp:featuredmedia":[{"embeddable":true,"href":"https:\/\/www.fleurop-home.ch\/fr-ch\/wp-json\/wp\/v2\/media\/49777"}],"wp:attachment":[{"href":"https:\/\/www.fleurop-home.ch\/fr-ch\/wp-json\/wp\/v2\/media?parent=49775"}],"wp:term":[{"taxonomy":"product_brand","embeddable":true,"href":"https:\/\/www.fleurop-home.ch\/fr-ch\/wp-json\/wp\/v2\/product_brand?post=49775"},{"taxonomy":"product_cat","embeddable":true,"href":"https:\/\/www.fleurop-home.ch\/fr-ch\/wp-json\/wp\/v2\/product_cat?post=49775"},{"taxonomy":"product_tag","embeddable":true,"href":"https:\/\/www.fleurop-home.ch\/fr-ch\/wp-json\/wp\/v2\/product_tag?post=49775"},{"taxonomy":"woo-feed-brand","embeddable":true,"href":"https:\/\/www.fleurop-home.ch\/fr-ch\/wp-json\/wp\/v2\/woo-feed-brand?post=49775"}],"curies":[{"name":"wp","href":"https:\/\/api.w.org\/{rel}","templated":true}]}}