{"id":4977,"date":"2019-05-21T13:42:09","date_gmt":"2019-05-21T11:42:09","guid":{"rendered":"https:\/\/www.fleurop-home.ch\/?product=gottlieber-geschenkset-champagner"},"modified":"2026-02-26T18:19:11","modified_gmt":"2026-02-26T17:19:11","slug":"gottlieber-set-cadeau-champagne","status":"publish","type":"product","link":"https:\/\/www.fleurop-home.ch\/fr-ch\/p\/gottlieber-geschenkset-champagner","title":{"rendered":"Set cadeau Gottlieber \"Champagne"},"content":{"rendered":"<p>Comme s'ils \u00e9taient faits l'un pour l'autre ! Le coffret cadeau Champagne est une combinaison du m\u00e9lange traditionnel Gottlieber (v\u00e9g\u00e9talien et sans huile de palme) avec des bricelets des variantes Pralin\u00e9, Mocca et Gianduja et une bouteille de champagne p\u00e9tillant G.H. Mumm Grand Cordon (France). Ces deux-l\u00e0 ne forment pas seulement un couple de r\u00eave sur le plan visuel.<\/p>\n<p>Notre m\u00e9lange traditionnel Gottlieber avec 30 bouch\u00e9es des variantes Pralin\u00e9, Mocca et Gianduja en bleu, vert et rouge est appr\u00e9ci\u00e9 depuis de nombreuses ann\u00e9es par les jeunes et les moins jeunes et est le top-seller Gottlieber par excellence. Le compagnon parfait, croustillant et sucr\u00e9, pour accompagner un agr\u00e9able verre de G.H. Mumm Grand Cordon - un pinot noir dans sa forme la plus \u00e9nergique.<\/p>\n<p>Appr\u00e9cie les ar\u00f4mes cors\u00e9s de p\u00eaches m\u00fbres, d'abricots et d'ananas, associ\u00e9s \u00e0 un soup\u00e7on de vanille et de caramel, de levure, de fruits secs et de miel.<\/p>\n<p>La cuv\u00e9e de 45% de pinot noir fournit la puissance et la structure, 30% de chardonnay apporte l'\u00e9l\u00e9gance et la min\u00e9ralit\u00e9, 25% de pinot meunier contribue \u00e0 la rondeur et \u00e0 l'\u00e9quilibre. La profondeur et la complexit\u00e9 apport\u00e9es par les vins de r\u00e9serve (environ 30%) apportent de la constance et de l'\u00e9lan \u00e0 la cuv\u00e9e finale.<\/p>\n<p><strong>Garniture de bricelets<\/strong><br \/>\nPralin\u00e9, moka, gianduja<\/p>\n<p><strong>Contenu<\/strong><br \/>\n30 boulettes, 450 g<br \/>\n1 Champagne G.H. Mumm Grand Cordon, France, 12,5% vol, 75 cl<\/p>\n<p><strong>Masse<\/strong><br \/>\n365 x 380 x 98 mm<\/p>\n<p style=\"text-align: left;\"><a href=\"https:\/\/www.gottlieber.ch\/de\/online-shop\/naehrwertinformationen\" target=\"_blank\" rel=\"noopener\"> Informations nutritionnelles et conseils pour les personnes allergiques<\/a><\/p>","protected":false},"excerpt":{"rendered":"<p>Collection cadeau raffin\u00e9e avec un paquet de 30 Gottlieber H\u00fcppen du c\u00e9l\u00e8bre m\u00e9lange traditionnel (Pralin\u00e9, Mocca, Gianduja) et une bouteille de champagne Mumm.<\/p>","protected":false},"featured_media":75235,"template":"","meta":[],"product_brand":[],"product_cat":[53,1003,1090,910,984,993,999,1088,909,916,42,115,114,885,52,1225],"product_tag":[147,286],"woo-feed-brand":[],"class_list":{"0":"post-4977","1":"product","2":"type-product","3":"status-publish","4":"has-post-thumbnail","6":"product_cat-geschenksets","7":"product_cat-fuer-sie","8":"product_cat-geniesser","9":"product_cat-geschenkideen","10":"product_cat-silvester","11":"product_cat-silvestergeschenke","12":"product_cat-valentinstag","13":"product_cat-vatertag","14":"product_cat-weihnachten","15":"product_cat-praesente","16":"product_cat-kueche","17":"product_cat-spirituosen","18":"product_cat-schokolade-sweets","19":"product_cat-koestlichkeiten","20":"product_cat-geschenke","21":"product_cat-genuss","22":"product_tag-alkohol","23":"product_tag-gottlieber-spezialitaten-ag","25":"first","26":"instock","27":"taxable","28":"shipping-taxable","29":"purchasable","30":"product-type-simple"},"_links":{"self":[{"href":"https:\/\/www.fleurop-home.ch\/fr-ch\/wp-json\/wp\/v2\/product\/4977","targetHints":{"allow":["GET"]}}],"collection":[{"href":"https:\/\/www.fleurop-home.ch\/fr-ch\/wp-json\/wp\/v2\/product"}],"about":[{"href":"https:\/\/www.fleurop-home.ch\/fr-ch\/wp-json\/wp\/v2\/types\/product"}],"wp:featuredmedia":[{"embeddable":true,"href":"https:\/\/www.fleurop-home.ch\/fr-ch\/wp-json\/wp\/v2\/media\/75235"}],"wp:attachment":[{"href":"https:\/\/www.fleurop-home.ch\/fr-ch\/wp-json\/wp\/v2\/media?parent=4977"}],"wp:term":[{"taxonomy":"product_brand","embeddable":true,"href":"https:\/\/www.fleurop-home.ch\/fr-ch\/wp-json\/wp\/v2\/product_brand?post=4977"},{"taxonomy":"product_cat","embeddable":true,"href":"https:\/\/www.fleurop-home.ch\/fr-ch\/wp-json\/wp\/v2\/product_cat?post=4977"},{"taxonomy":"product_tag","embeddable":true,"href":"https:\/\/www.fleurop-home.ch\/fr-ch\/wp-json\/wp\/v2\/product_tag?post=4977"},{"taxonomy":"woo-feed-brand","embeddable":true,"href":"https:\/\/www.fleurop-home.ch\/fr-ch\/wp-json\/wp\/v2\/woo-feed-brand?post=4977"}],"curies":[{"name":"wp","href":"https:\/\/api.w.org\/{rel}","templated":true}]}}