{"id":4961,"date":"2019-05-10T13:25:08","date_gmt":"2019-05-10T11:25:08","guid":{"rendered":"https:\/\/www.fleurop-home.ch\/?product=munz-prugeli-weiss-23g-megapack"},"modified":"2025-09-22T12:09:17","modified_gmt":"2025-09-22T10:09:17","slug":"munz-prugeli-blanc-23g-megapack","status":"publish","type":"product","link":"https:\/\/www.fleurop-home.ch\/fr-ch\/p\/munz-prugeli-weiss-23g-megapack","title":{"rendered":"Munz Pr\u00fcgeli blanc 23g Megapack"},"content":{"rendered":"<p style=\"text-align: left\">Un d\u00e9licieux fourrage pralin\u00e9 enrob\u00e9 de chocolat blanc - un r\u00eave pour tout amateur de chocolat. Le secret : les \u00e9clats de noisettes grill\u00e9es donnent \u00e0 la barre de chocolat un ar\u00f4me tr\u00e8s particulier. Et en plus, c'est tr\u00e8s agr\u00e9able \u00e0 partager avec tes amis.<\/p>\n<h3 style=\"text-align: left\"><strong>Contenu :<\/strong><\/h3>\n<p style=\"text-align: left\">33x Munz Pr\u00fcgeli blanc 23g<\/p>\n<h3 style=\"text-align: left\"><strong>Ingr\u00e9dients :<\/strong><\/h3>\n<p style=\"text-align: left\">Sucre, beurre de cacao, lait entier en poudre, noisettes 10% (\u00e9clats, moulues), p\u00e2te de cacao, lait \u00e9cr\u00e9m\u00e9 en poudre, graisse v\u00e9g\u00e9tale (beurre de karit\u00e9, huile de tournesol), farine de soja, amandes, \u00e9mulsifiant (l\u00e9cithine de soja), extrait de vanille.<\/p>\n<h3 style=\"text-align: left\"><strong>Valeurs nutritionnelles (100g inclus)<\/strong><\/h3>\n<p>Fabriqu\u00e9 en Suisse par Maestrani Chocolats Suisses SA.<\/p>\n<table style=\"float: left\" width=\"350\">\n<tbody>\n<tr>\n<td>Valeur \u00e9nerg\u00e9tique<\/td>\n<td>2388 kJ (573) kcal<\/td>\n<\/tr>\n<tr>\n<td>Graisse<\/td>\n<td>38g<\/td>\n<\/tr>\n<tr>\n<td>dont acides gras satur\u00e9s<\/td>\n<td>18g<\/td>\n<\/tr>\n<tr>\n<td>\u00a0Hydrates de carbone<\/td>\n<td>49g<\/td>\n<\/tr>\n<tr>\n<td>\u00a0dont sucre<\/td>\n<td>47g<\/td>\n<\/tr>\n<tr>\n<td>\u00a0Prot\u00e9ines<\/td>\n<td>8.1g<\/td>\n<\/tr>\n<tr>\n<td>Sel<\/td>\n<td>0.2g<\/td>\n<\/tr>\n<\/tbody>\n<\/table>\n<p style=\"text-align: left\">","protected":false},"excerpt":{"rendered":"<p>Munz Pr\u00fcgeli blanc 23g Megapack (33 Pr\u00fcgeli \u00e0 23g)<\/p>","protected":false},"featured_media":35398,"template":"","meta":[],"product_brand":[],"product_cat":[114,42,885],"product_tag":[285],"woo-feed-brand":[],"class_list":{"0":"post-4961","1":"product","2":"type-product","3":"status-publish","4":"has-post-thumbnail","6":"product_cat-schokolade-sweets","7":"product_cat-kueche","8":"product_cat-koestlichkeiten","9":"product_tag-maestrani-schweizer-schokoladen-ag","11":"first","12":"instock","13":"taxable","14":"shipping-taxable","15":"purchasable","16":"product-type-simple"},"_links":{"self":[{"href":"https:\/\/www.fleurop-home.ch\/fr-ch\/wp-json\/wp\/v2\/product\/4961","targetHints":{"allow":["GET"]}}],"collection":[{"href":"https:\/\/www.fleurop-home.ch\/fr-ch\/wp-json\/wp\/v2\/product"}],"about":[{"href":"https:\/\/www.fleurop-home.ch\/fr-ch\/wp-json\/wp\/v2\/types\/product"}],"wp:featuredmedia":[{"embeddable":true,"href":"https:\/\/www.fleurop-home.ch\/fr-ch\/wp-json\/wp\/v2\/media\/35398"}],"wp:attachment":[{"href":"https:\/\/www.fleurop-home.ch\/fr-ch\/wp-json\/wp\/v2\/media?parent=4961"}],"wp:term":[{"taxonomy":"product_brand","embeddable":true,"href":"https:\/\/www.fleurop-home.ch\/fr-ch\/wp-json\/wp\/v2\/product_brand?post=4961"},{"taxonomy":"product_cat","embeddable":true,"href":"https:\/\/www.fleurop-home.ch\/fr-ch\/wp-json\/wp\/v2\/product_cat?post=4961"},{"taxonomy":"product_tag","embeddable":true,"href":"https:\/\/www.fleurop-home.ch\/fr-ch\/wp-json\/wp\/v2\/product_tag?post=4961"},{"taxonomy":"woo-feed-brand","embeddable":true,"href":"https:\/\/www.fleurop-home.ch\/fr-ch\/wp-json\/wp\/v2\/woo-feed-brand?post=4961"}],"curies":[{"name":"wp","href":"https:\/\/api.w.org\/{rel}","templated":true}]}}