{"id":4957,"date":"2019-05-10T13:17:24","date_gmt":"2019-05-10T11:17:24","guid":{"rendered":"https:\/\/www.fleurop-home.ch\/?product=munz-prugeli-milch-23g-megapack"},"modified":"2025-09-22T12:09:17","modified_gmt":"2025-09-22T10:09:17","slug":"munz-prugeli-lait-23g-megapack","status":"publish","type":"product","link":"https:\/\/www.fleurop-home.ch\/fr-ch\/p\/munz-prugeli-milch-23g-megapack","title":{"rendered":"Munz Pr\u00fcgeli lait 23g Megapack"},"content":{"rendered":"<p style=\"text-align: left\">La recette de la c\u00e9l\u00e8bre Pr\u00fcgeli au lait Munz avec du chocolat au lait pur a \u00e9t\u00e9 am\u00e9lior\u00e9e et affin\u00e9e. La nouvelle recette a un go\u00fbt de noisette plus prononc\u00e9 gr\u00e2ce \u00e0 la plus grande proportion de noisettes de 16% et l'image gustative est harmonis\u00e9e par l'ar\u00f4me naturel de vanille. Le classique - maintenant encore meilleur - irr\u00e9sistible.<\/p>\n<h3 style=\"text-align: left\"><strong>Contenu :<\/strong><\/h3>\n<p style=\"text-align: left\">33x Munz Pr\u00fcgeli lait 23g<\/p>\n<h3 style=\"text-align: left\"><strong>Ingr\u00e9dients :\u00a0<\/strong><\/h3>\n<p style=\"text-align: left\">sucre, beurre de cacao, NOIX 16 %, lait entier en poudre, p\u00e2te de cacao, lait \u00e9cr\u00e9m\u00e9 en poudre, graisse v\u00e9g\u00e9tale (karit\u00e9, tournesol), amandes, \u00e9mulsifiant (l\u00e9cithine de soja), ar\u00f4mes naturels<\/p>\n<h3 style=\"text-align: left\"><strong>Valeurs nutritionnelles (100g inclus)<\/strong><\/h3>\n<p>Fabriqu\u00e9 en Suisse par Maestrani Chocolats Suisses SA.<\/p>\n<table style=\"float: left\" width=\"350\">\n<tbody>\n<tr>\n<td>Valeur \u00e9nerg\u00e9tique<\/td>\n<td>2341 kJ (561 kcal)<\/td>\n<\/tr>\n<tr>\n<td>Graisse<\/td>\n<td>35g<\/td>\n<\/tr>\n<tr>\n<td>dont acides gras satur\u00e9s<\/td>\n<td>15g<\/td>\n<\/tr>\n<tr>\n<td>\u00a0Hydrates de carbone<\/td>\n<td>55g<\/td>\n<\/tr>\n<tr>\n<td>\u00a0dont sucre<\/td>\n<td>53g<\/td>\n<\/tr>\n<tr>\n<td>\u00a0Prot\u00e9ines<\/td>\n<td>5.5g<\/td>\n<\/tr>\n<tr>\n<td>Sel<\/td>\n<td>0.1g<\/td>\n<\/tr>\n<\/tbody>\n<\/table>\n<p style=\"text-align: left\">","protected":false},"excerpt":{"rendered":"<p>Munz Pr\u00fcgeli lait 23g Megapack (33 x 23g)<\/p>","protected":false},"featured_media":35401,"template":"","meta":[],"product_brand":[],"product_cat":[114,42,885],"product_tag":[285],"woo-feed-brand":[],"class_list":{"0":"post-4957","1":"product","2":"type-product","3":"status-publish","4":"has-post-thumbnail","6":"product_cat-schokolade-sweets","7":"product_cat-kueche","8":"product_cat-koestlichkeiten","9":"product_tag-maestrani-schweizer-schokoladen-ag","11":"first","12":"instock","13":"taxable","14":"shipping-taxable","15":"purchasable","16":"product-type-simple"},"_links":{"self":[{"href":"https:\/\/www.fleurop-home.ch\/fr-ch\/wp-json\/wp\/v2\/product\/4957","targetHints":{"allow":["GET"]}}],"collection":[{"href":"https:\/\/www.fleurop-home.ch\/fr-ch\/wp-json\/wp\/v2\/product"}],"about":[{"href":"https:\/\/www.fleurop-home.ch\/fr-ch\/wp-json\/wp\/v2\/types\/product"}],"wp:featuredmedia":[{"embeddable":true,"href":"https:\/\/www.fleurop-home.ch\/fr-ch\/wp-json\/wp\/v2\/media\/35401"}],"wp:attachment":[{"href":"https:\/\/www.fleurop-home.ch\/fr-ch\/wp-json\/wp\/v2\/media?parent=4957"}],"wp:term":[{"taxonomy":"product_brand","embeddable":true,"href":"https:\/\/www.fleurop-home.ch\/fr-ch\/wp-json\/wp\/v2\/product_brand?post=4957"},{"taxonomy":"product_cat","embeddable":true,"href":"https:\/\/www.fleurop-home.ch\/fr-ch\/wp-json\/wp\/v2\/product_cat?post=4957"},{"taxonomy":"product_tag","embeddable":true,"href":"https:\/\/www.fleurop-home.ch\/fr-ch\/wp-json\/wp\/v2\/product_tag?post=4957"},{"taxonomy":"woo-feed-brand","embeddable":true,"href":"https:\/\/www.fleurop-home.ch\/fr-ch\/wp-json\/wp\/v2\/woo-feed-brand?post=4957"}],"curies":[{"name":"wp","href":"https:\/\/api.w.org\/{rel}","templated":true}]}}