{"id":4953,"date":"2019-05-10T13:08:35","date_gmt":"2019-05-10T11:08:35","guid":{"rendered":"https:\/\/www.fleurop-home.ch\/?product=minor-original-22g-megapack"},"modified":"2025-09-22T12:09:17","modified_gmt":"2025-09-22T10:09:17","slug":"minor-original-22g-megapack","status":"publish","type":"product","link":"https:\/\/www.fleurop-home.ch\/fr-ch\/p\/minor-original-22g-megapack","title":{"rendered":"Minor Original 22g Megapack"},"content":{"rendered":"<p style=\"text-align: left\"><strong>Original mineur<\/strong> - la fameuse barre de chocolat suisse <strong>avec des \u00e9clats de noisettes grill\u00e9es<\/strong> En m\u00e9ga-pack. Laisse-toi s\u00e9duire morsure par morsure.<\/p>\n<h3 style=\"text-align: left\"><strong>Contenu :<\/strong><\/h3>\n<p style=\"text-align: left\">30x Minor Original barre de chocolat 22g<\/p>\n<h3 style=\"text-align: left\"><strong>Ingr\u00e9dients :\u00a0<\/strong><\/h3>\n<p style=\"text-align: left\">Sucre, NOIX 24%, beurre de cacao, lait \u00e9cr\u00e9m\u00e9 en poudre, amandes, p\u00e2te de cacao, farine de SOJ, \u00e9mulsifiant (l\u00e9cithine de SOJA), extrait de vanille.<\/p>\n<h3 style=\"text-align: left\"><strong>Valeurs nutritionnelles (100g inclus)<\/strong><\/h3>\n<p>Fabriqu\u00e9 en Suisse par Maestrani Chocolats Suisses SA.<\/p>\n<table style=\"height: 135px;float: left\" width=\"350\">\n<tbody>\n<tr>\n<td>Valeur \u00e9nerg\u00e9tique<\/td>\n<td>2390 kJ (574 kcal)<\/td>\n<\/tr>\n<tr>\n<td>Graisse<\/td>\n<td>39g<\/td>\n<\/tr>\n<tr>\n<td>dont acides gras satur\u00e9s<\/td>\n<td>12g<\/td>\n<\/tr>\n<tr>\n<td>Hydrates de carbone<\/td>\n<td>45g<\/td>\n<\/tr>\n<tr>\n<td>dont sucre<\/td>\n<td>44g<\/td>\n<\/tr>\n<tr>\n<td>Prot\u00e9ines<\/td>\n<td>9,8g<\/td>\n<\/tr>\n<tr>\n<td>Sel<\/td>\n<td>0.15g<\/td>\n<\/tr>\n<\/tbody>\n<\/table>\n<p style=\"text-align: left\">","protected":false},"excerpt":{"rendered":"<p>Minor Original 22g Megapack (30 b\u00e2tonnets de chocolat \u00e0 22g)<\/p>","protected":false},"featured_media":35404,"template":"","meta":[],"product_brand":[],"product_cat":[114,42,885],"product_tag":[285],"woo-feed-brand":[],"class_list":{"0":"post-4953","1":"product","2":"type-product","3":"status-publish","4":"has-post-thumbnail","6":"product_cat-schokolade-sweets","7":"product_cat-kueche","8":"product_cat-koestlichkeiten","9":"product_tag-maestrani-schweizer-schokoladen-ag","11":"first","12":"instock","13":"taxable","14":"shipping-taxable","15":"purchasable","16":"product-type-simple"},"_links":{"self":[{"href":"https:\/\/www.fleurop-home.ch\/fr-ch\/wp-json\/wp\/v2\/product\/4953","targetHints":{"allow":["GET"]}}],"collection":[{"href":"https:\/\/www.fleurop-home.ch\/fr-ch\/wp-json\/wp\/v2\/product"}],"about":[{"href":"https:\/\/www.fleurop-home.ch\/fr-ch\/wp-json\/wp\/v2\/types\/product"}],"wp:featuredmedia":[{"embeddable":true,"href":"https:\/\/www.fleurop-home.ch\/fr-ch\/wp-json\/wp\/v2\/media\/35404"}],"wp:attachment":[{"href":"https:\/\/www.fleurop-home.ch\/fr-ch\/wp-json\/wp\/v2\/media?parent=4953"}],"wp:term":[{"taxonomy":"product_brand","embeddable":true,"href":"https:\/\/www.fleurop-home.ch\/fr-ch\/wp-json\/wp\/v2\/product_brand?post=4953"},{"taxonomy":"product_cat","embeddable":true,"href":"https:\/\/www.fleurop-home.ch\/fr-ch\/wp-json\/wp\/v2\/product_cat?post=4953"},{"taxonomy":"product_tag","embeddable":true,"href":"https:\/\/www.fleurop-home.ch\/fr-ch\/wp-json\/wp\/v2\/product_tag?post=4953"},{"taxonomy":"woo-feed-brand","embeddable":true,"href":"https:\/\/www.fleurop-home.ch\/fr-ch\/wp-json\/wp\/v2\/woo-feed-brand?post=4953"}],"curies":[{"name":"wp","href":"https:\/\/api.w.org\/{rel}","templated":true}]}}