{"id":49399,"date":"2024-11-29T14:31:13","date_gmt":"2024-11-29T13:31:13","guid":{"rendered":"https:\/\/www.fleurop-home.ch\/de-ch\/?post_type=product&#038;p=49399"},"modified":"2025-10-22T13:29:18","modified_gmt":"2025-10-22T11:29:18","slug":"vase-rose-petit","status":"publish","type":"product","link":"https:\/\/www.fleurop-home.ch\/fr-ch\/p\/vase-rose-klein","title":{"rendered":"Vase Rose petit"},"content":{"rendered":"<p>Ajoute une touche cr\u00e9ative \u00e0 ton int\u00e9rieur avec le vase Rose. Cet \u00e9l\u00e9gant vase en m\u00e9tal avec un imprim\u00e9 multicolore unique apporte vie et couleur \u00e0 n'importe quelle pi\u00e8ce.<\/p>\n<p><strong>Convient uniquement pour les fleurs s\u00e9ch\u00e9es.<\/strong><\/p>","protected":false},"excerpt":{"rendered":"<p>Vase Rose ! Un point fort color\u00e9 pour ta maison<\/p>","protected":false},"featured_media":49400,"template":"","meta":[],"product_brand":[],"product_cat":[27,23,1000,797,1024,999,1197],"product_tag":[983],"woo-feed-brand":[],"class_list":{"0":"post-49399","1":"product","2":"type-product","3":"status-publish","4":"has-post-thumbnail","6":"product_cat-vasen-gefaesse","7":"product_cat-home-living","8":"product_cat-valentinstagsdeko","9":"product_cat-muttertag","10":"product_cat-muttertagsdeko","11":"product_cat-valentinstag","12":"product_cat-vasen","13":"product_tag-selection-by-fleurophome","15":"first","16":"instock","17":"taxable","18":"shipping-taxable","19":"purchasable","20":"product-type-simple"},"_links":{"self":[{"href":"https:\/\/www.fleurop-home.ch\/fr-ch\/wp-json\/wp\/v2\/product\/49399","targetHints":{"allow":["GET"]}}],"collection":[{"href":"https:\/\/www.fleurop-home.ch\/fr-ch\/wp-json\/wp\/v2\/product"}],"about":[{"href":"https:\/\/www.fleurop-home.ch\/fr-ch\/wp-json\/wp\/v2\/types\/product"}],"wp:featuredmedia":[{"embeddable":true,"href":"https:\/\/www.fleurop-home.ch\/fr-ch\/wp-json\/wp\/v2\/media\/49400"}],"wp:attachment":[{"href":"https:\/\/www.fleurop-home.ch\/fr-ch\/wp-json\/wp\/v2\/media?parent=49399"}],"wp:term":[{"taxonomy":"product_brand","embeddable":true,"href":"https:\/\/www.fleurop-home.ch\/fr-ch\/wp-json\/wp\/v2\/product_brand?post=49399"},{"taxonomy":"product_cat","embeddable":true,"href":"https:\/\/www.fleurop-home.ch\/fr-ch\/wp-json\/wp\/v2\/product_cat?post=49399"},{"taxonomy":"product_tag","embeddable":true,"href":"https:\/\/www.fleurop-home.ch\/fr-ch\/wp-json\/wp\/v2\/product_tag?post=49399"},{"taxonomy":"woo-feed-brand","embeddable":true,"href":"https:\/\/www.fleurop-home.ch\/fr-ch\/wp-json\/wp\/v2\/woo-feed-brand?post=49399"}],"curies":[{"name":"wp","href":"https:\/\/api.w.org\/{rel}","templated":true}]}}