{"id":49397,"date":"2024-11-29T14:29:32","date_gmt":"2024-11-29T13:29:32","guid":{"rendered":"https:\/\/www.fleurop-home.ch\/de-ch\/?post_type=product&#038;p=49397"},"modified":"2025-10-22T13:40:09","modified_gmt":"2025-10-22T11:40:09","slug":"pot-rose-grand","status":"publish","type":"product","link":"https:\/\/www.fleurop-home.ch\/fr-ch\/p\/topf-rose-gross","title":{"rendered":"Pot Rose grand"},"content":{"rendered":"<p>Ajoute une touche cr\u00e9ative \u00e0 ton int\u00e9rieur avec le pot Rose. Cet \u00e9l\u00e9gant pot de fleurs en m\u00e9tal avec un imprim\u00e9 multicolore unique apporte de la vie et de la couleur \u00e0 n'importe quelle pi\u00e8ce.<\/p>\n<p>Remarque : il est possible que ce vase ne soit pas \u00e9tanche \u00e0 100 %. Utilise-le uniquement pour les fleurs artificielles ainsi que les fleurs s\u00e9ch\u00e9es.<\/p>","protected":false},"excerpt":{"rendered":"<p>Pot Rose ! Un point fort color\u00e9 pour ta maison<\/p>","protected":false},"featured_media":49398,"template":"","meta":[],"product_brand":[],"product_cat":[27,23,1198,1197],"product_tag":[983],"woo-feed-brand":[],"class_list":{"0":"post-49397","1":"product","2":"type-product","3":"status-publish","4":"has-post-thumbnail","6":"product_cat-vasen-gefaesse","7":"product_cat-home-living","8":"product_cat-toepfe","9":"product_cat-vasen","10":"product_tag-selection-by-fleurophome","12":"first","13":"instock","14":"taxable","15":"shipping-taxable","16":"purchasable","17":"product-type-simple"},"_links":{"self":[{"href":"https:\/\/www.fleurop-home.ch\/fr-ch\/wp-json\/wp\/v2\/product\/49397","targetHints":{"allow":["GET"]}}],"collection":[{"href":"https:\/\/www.fleurop-home.ch\/fr-ch\/wp-json\/wp\/v2\/product"}],"about":[{"href":"https:\/\/www.fleurop-home.ch\/fr-ch\/wp-json\/wp\/v2\/types\/product"}],"wp:featuredmedia":[{"embeddable":true,"href":"https:\/\/www.fleurop-home.ch\/fr-ch\/wp-json\/wp\/v2\/media\/49398"}],"wp:attachment":[{"href":"https:\/\/www.fleurop-home.ch\/fr-ch\/wp-json\/wp\/v2\/media?parent=49397"}],"wp:term":[{"taxonomy":"product_brand","embeddable":true,"href":"https:\/\/www.fleurop-home.ch\/fr-ch\/wp-json\/wp\/v2\/product_brand?post=49397"},{"taxonomy":"product_cat","embeddable":true,"href":"https:\/\/www.fleurop-home.ch\/fr-ch\/wp-json\/wp\/v2\/product_cat?post=49397"},{"taxonomy":"product_tag","embeddable":true,"href":"https:\/\/www.fleurop-home.ch\/fr-ch\/wp-json\/wp\/v2\/product_tag?post=49397"},{"taxonomy":"woo-feed-brand","embeddable":true,"href":"https:\/\/www.fleurop-home.ch\/fr-ch\/wp-json\/wp\/v2\/woo-feed-brand?post=49397"}],"curies":[{"name":"wp","href":"https:\/\/api.w.org\/{rel}","templated":true}]}}