{"id":49307,"date":"2024-11-29T05:11:13","date_gmt":"2024-11-29T04:11:13","guid":{"rendered":"https:\/\/www.fleurop-home.ch\/de-ch\/?post_type=product&#038;p=49307"},"modified":"2026-04-01T13:59:13","modified_gmt":"2026-04-01T11:59:13","slug":"etagere-belleville","status":"publish","type":"product","link":"https:\/\/www.fleurop-home.ch\/fr-ch\/p\/etagere-belleville","title":{"rendered":"Etag\u00e8re Belleville"},"content":{"rendered":"<p>D\u00e9couvre le rayonnement chaleureux et la beaut\u00e9 naturelle des <strong>Etag\u00e8re Belleville<\/strong> en bois. Cette pi\u00e8ce \u00e9l\u00e9gante est parfaite pour pr\u00e9senter tes articles de d\u00e9coration pr\u00e9f\u00e9r\u00e9s et ajouter une touche confortable et \u00e9l\u00e9gante \u00e0 n'importe quelle pi\u00e8ce.<\/p>","protected":false},"excerpt":{"rendered":"<p>\u00c9tag\u00e8re 3 plateaux fonc\u00e9s et support noir. Noblement chic et pratique !<\/p>","protected":false},"featured_media":49308,"template":"","meta":[],"product_brand":[],"product_cat":[1107,23,1022,1000,1190,797,1019,1018,999,30,42,1104,43],"product_tag":[983],"woo-feed-brand":[],"class_list":{"0":"post-49307","1":"product","2":"type-product","3":"status-publish","4":"has-post-thumbnail","6":"product_cat-etageren","7":"product_cat-home-living","8":"product_cat-brunch","9":"product_cat-valentinstagsdeko","10":"product_cat-dekoobjekte","11":"product_cat-muttertag","12":"product_cat-osterbrunch","13":"product_cat-ostern","14":"product_cat-valentinstag","15":"product_cat-deko-accessoires","16":"product_cat-kueche","17":"product_cat-tischakzente","18":"product_cat-gedeckter-tisch","19":"product_tag-selection-by-fleurophome","21":"first","22":"instock","23":"taxable","24":"shipping-taxable","25":"purchasable","26":"product-type-simple"},"_links":{"self":[{"href":"https:\/\/www.fleurop-home.ch\/fr-ch\/wp-json\/wp\/v2\/product\/49307","targetHints":{"allow":["GET"]}}],"collection":[{"href":"https:\/\/www.fleurop-home.ch\/fr-ch\/wp-json\/wp\/v2\/product"}],"about":[{"href":"https:\/\/www.fleurop-home.ch\/fr-ch\/wp-json\/wp\/v2\/types\/product"}],"wp:featuredmedia":[{"embeddable":true,"href":"https:\/\/www.fleurop-home.ch\/fr-ch\/wp-json\/wp\/v2\/media\/49308"}],"wp:attachment":[{"href":"https:\/\/www.fleurop-home.ch\/fr-ch\/wp-json\/wp\/v2\/media?parent=49307"}],"wp:term":[{"taxonomy":"product_brand","embeddable":true,"href":"https:\/\/www.fleurop-home.ch\/fr-ch\/wp-json\/wp\/v2\/product_brand?post=49307"},{"taxonomy":"product_cat","embeddable":true,"href":"https:\/\/www.fleurop-home.ch\/fr-ch\/wp-json\/wp\/v2\/product_cat?post=49307"},{"taxonomy":"product_tag","embeddable":true,"href":"https:\/\/www.fleurop-home.ch\/fr-ch\/wp-json\/wp\/v2\/product_tag?post=49307"},{"taxonomy":"woo-feed-brand","embeddable":true,"href":"https:\/\/www.fleurop-home.ch\/fr-ch\/wp-json\/wp\/v2\/woo-feed-brand?post=49307"}],"curies":[{"name":"wp","href":"https:\/\/api.w.org\/{rel}","templated":true}]}}