{"id":49271,"date":"2024-11-28T10:11:50","date_gmt":"2024-11-28T09:11:50","guid":{"rendered":"https:\/\/www.fleurop-home.ch\/de-ch\/?post_type=product&#038;p=49271"},"modified":"2026-02-03T11:53:30","modified_gmt":"2026-02-03T10:53:30","slug":"etagere-laax-noir-grand","status":"publish","type":"product","link":"https:\/\/www.fleurop-home.ch\/fr-ch\/p\/etagere-laax-schwarz-gross","title":{"rendered":"Etag\u00e8re Laax noire grande"},"content":{"rendered":"<p>Ajoute une touche de luxe \u00e0 ta maison avec <strong>Etag\u00e8re Laax<\/strong> en noir \u00e9l\u00e9gant. Cette \u00e9l\u00e9gante \u00e9tag\u00e8re en aluminium de haute qualit\u00e9 est sp\u00e9cialement con\u00e7ue \u00e0 des fins de d\u00e9coration et met parfaitement en valeur tes objets pr\u00e9f\u00e9r\u00e9s.<\/p>","protected":false},"excerpt":{"rendered":"<p>\u00c9tag\u00e8re chic et \u00e9l\u00e9gante en aluminium massif.<\/p>","protected":false},"featured_media":49272,"template":"","meta":[],"product_brand":[],"product_cat":[1107,23,1000,1190,984,994,999,909,1179,911,30,42,1104,43],"product_tag":[983],"woo-feed-brand":[],"class_list":{"0":"post-49271","1":"product","2":"type-product","3":"status-publish","4":"has-post-thumbnail","6":"product_cat-etageren","7":"product_cat-home-living","8":"product_cat-valentinstagsdeko","9":"product_cat-dekoobjekte","10":"product_cat-silvester","11":"product_cat-silvestertisch","12":"product_cat-valentinstag","13":"product_cat-weihnachten","14":"product_cat-weihnachtsdeko","15":"product_cat-accessoires","16":"product_cat-deko-accessoires","17":"product_cat-kueche","18":"product_cat-tischakzente","19":"product_cat-gedeckter-tisch","20":"product_tag-selection-by-fleurophome","22":"first","23":"instock","24":"taxable","25":"shipping-taxable","26":"purchasable","27":"product-type-simple"},"_links":{"self":[{"href":"https:\/\/www.fleurop-home.ch\/fr-ch\/wp-json\/wp\/v2\/product\/49271","targetHints":{"allow":["GET"]}}],"collection":[{"href":"https:\/\/www.fleurop-home.ch\/fr-ch\/wp-json\/wp\/v2\/product"}],"about":[{"href":"https:\/\/www.fleurop-home.ch\/fr-ch\/wp-json\/wp\/v2\/types\/product"}],"wp:featuredmedia":[{"embeddable":true,"href":"https:\/\/www.fleurop-home.ch\/fr-ch\/wp-json\/wp\/v2\/media\/49272"}],"wp:attachment":[{"href":"https:\/\/www.fleurop-home.ch\/fr-ch\/wp-json\/wp\/v2\/media?parent=49271"}],"wp:term":[{"taxonomy":"product_brand","embeddable":true,"href":"https:\/\/www.fleurop-home.ch\/fr-ch\/wp-json\/wp\/v2\/product_brand?post=49271"},{"taxonomy":"product_cat","embeddable":true,"href":"https:\/\/www.fleurop-home.ch\/fr-ch\/wp-json\/wp\/v2\/product_cat?post=49271"},{"taxonomy":"product_tag","embeddable":true,"href":"https:\/\/www.fleurop-home.ch\/fr-ch\/wp-json\/wp\/v2\/product_tag?post=49271"},{"taxonomy":"woo-feed-brand","embeddable":true,"href":"https:\/\/www.fleurop-home.ch\/fr-ch\/wp-json\/wp\/v2\/woo-feed-brand?post=49271"}],"curies":[{"name":"wp","href":"https:\/\/api.w.org\/{rel}","templated":true}]}}