{"id":49267,"date":"2024-11-28T10:00:14","date_gmt":"2024-11-28T09:00:14","guid":{"rendered":"https:\/\/www.fleurop-home.ch\/de-ch\/?post_type=product&#038;p=49267"},"modified":"2026-04-01T13:59:13","modified_gmt":"2026-04-01T11:59:13","slug":"etagere-laax-or-grande","status":"publish","type":"product","link":"https:\/\/www.fleurop-home.ch\/fr-ch\/p\/etagere-laax-gold-gross","title":{"rendered":"\u00c9tag\u00e8re Laax or grande"},"content":{"rendered":"<p>Ajoute une touche de luxe \u00e0 ta maison avec <strong>Etag\u00e8re Laax<\/strong> en or pr\u00e9cieux. Cette \u00e9l\u00e9gante \u00e9tag\u00e8re en aluminium de haute qualit\u00e9 est sp\u00e9cialement con\u00e7ue \u00e0 des fins de d\u00e9coration et met parfaitement en valeur tes objets pr\u00e9f\u00e9r\u00e9s.<\/p>","protected":false},"excerpt":{"rendered":"<p>\u00c9tag\u00e8re chic et \u00e9l\u00e9gante en aluminium massif.<\/p>","protected":false},"featured_media":49268,"template":"","meta":[],"product_brand":[],"product_cat":[1107,23,1022,1000,1190,797,1019,1018,984,994,999,909,1179,911,30,42,1104,43],"product_tag":[983],"woo-feed-brand":[],"class_list":{"0":"post-49267","1":"product","2":"type-product","3":"status-publish","4":"has-post-thumbnail","6":"product_cat-etageren","7":"product_cat-home-living","8":"product_cat-brunch","9":"product_cat-valentinstagsdeko","10":"product_cat-dekoobjekte","11":"product_cat-muttertag","12":"product_cat-osterbrunch","13":"product_cat-ostern","14":"product_cat-silvester","15":"product_cat-silvestertisch","16":"product_cat-valentinstag","17":"product_cat-weihnachten","18":"product_cat-weihnachtsdeko","19":"product_cat-accessoires","20":"product_cat-deko-accessoires","21":"product_cat-kueche","22":"product_cat-tischakzente","23":"product_cat-gedeckter-tisch","24":"product_tag-selection-by-fleurophome","26":"first","27":"instock","28":"taxable","29":"shipping-taxable","30":"purchasable","31":"product-type-simple"},"_links":{"self":[{"href":"https:\/\/www.fleurop-home.ch\/fr-ch\/wp-json\/wp\/v2\/product\/49267","targetHints":{"allow":["GET"]}}],"collection":[{"href":"https:\/\/www.fleurop-home.ch\/fr-ch\/wp-json\/wp\/v2\/product"}],"about":[{"href":"https:\/\/www.fleurop-home.ch\/fr-ch\/wp-json\/wp\/v2\/types\/product"}],"wp:featuredmedia":[{"embeddable":true,"href":"https:\/\/www.fleurop-home.ch\/fr-ch\/wp-json\/wp\/v2\/media\/49268"}],"wp:attachment":[{"href":"https:\/\/www.fleurop-home.ch\/fr-ch\/wp-json\/wp\/v2\/media?parent=49267"}],"wp:term":[{"taxonomy":"product_brand","embeddable":true,"href":"https:\/\/www.fleurop-home.ch\/fr-ch\/wp-json\/wp\/v2\/product_brand?post=49267"},{"taxonomy":"product_cat","embeddable":true,"href":"https:\/\/www.fleurop-home.ch\/fr-ch\/wp-json\/wp\/v2\/product_cat?post=49267"},{"taxonomy":"product_tag","embeddable":true,"href":"https:\/\/www.fleurop-home.ch\/fr-ch\/wp-json\/wp\/v2\/product_tag?post=49267"},{"taxonomy":"woo-feed-brand","embeddable":true,"href":"https:\/\/www.fleurop-home.ch\/fr-ch\/wp-json\/wp\/v2\/woo-feed-brand?post=49267"}],"curies":[{"name":"wp","href":"https:\/\/api.w.org\/{rel}","templated":true}]}}