{"id":49261,"date":"2024-11-28T09:33:29","date_gmt":"2024-11-28T08:33:29","guid":{"rendered":"https:\/\/www.fleurop-home.ch\/de-ch\/?post_type=product&#038;p=49261"},"modified":"2025-12-02T09:34:12","modified_gmt":"2025-12-02T08:34:12","slug":"etagere-laax-noir-petit","status":"publish","type":"product","link":"https:\/\/www.fleurop-home.ch\/fr-ch\/p\/etagere-laax-schwarz-klein","title":{"rendered":"\u00c9tag\u00e8re Laax noire petite"},"content":{"rendered":"<p>Ajoute une touche de luxe \u00e0 ta maison avec <strong>Etag\u00e8re Laax<\/strong> en noir \u00e9l\u00e9gant. Cette \u00e9l\u00e9gante \u00e9tag\u00e8re en aluminium de haute qualit\u00e9 est sp\u00e9cialement con\u00e7ue \u00e0 des fins de d\u00e9coration et met parfaitement en valeur tes objets pr\u00e9f\u00e9r\u00e9s.<\/p>","protected":false},"excerpt":{"rendered":"<p>\u00c9tag\u00e8re chic et \u00e9l\u00e9gante en aluminium massif.<\/p>","protected":false},"featured_media":49269,"template":"","meta":[],"product_brand":[],"product_cat":[1107,23,1000,1190,1019,1018,984,994,999,909,1179,911,30,42,1104,43],"product_tag":[983],"woo-feed-brand":[],"class_list":{"0":"post-49261","1":"product","2":"type-product","3":"status-publish","4":"has-post-thumbnail","6":"product_cat-etageren","7":"product_cat-home-living","8":"product_cat-valentinstagsdeko","9":"product_cat-dekoobjekte","10":"product_cat-osterbrunch","11":"product_cat-ostern","12":"product_cat-silvester","13":"product_cat-silvestertisch","14":"product_cat-valentinstag","15":"product_cat-weihnachten","16":"product_cat-weihnachtsdeko","17":"product_cat-accessoires","18":"product_cat-deko-accessoires","19":"product_cat-kueche","20":"product_cat-tischakzente","21":"product_cat-gedeckter-tisch","22":"product_tag-selection-by-fleurophome","24":"first","25":"instock","26":"taxable","27":"shipping-taxable","28":"purchasable","29":"product-type-simple"},"_links":{"self":[{"href":"https:\/\/www.fleurop-home.ch\/fr-ch\/wp-json\/wp\/v2\/product\/49261","targetHints":{"allow":["GET"]}}],"collection":[{"href":"https:\/\/www.fleurop-home.ch\/fr-ch\/wp-json\/wp\/v2\/product"}],"about":[{"href":"https:\/\/www.fleurop-home.ch\/fr-ch\/wp-json\/wp\/v2\/types\/product"}],"wp:featuredmedia":[{"embeddable":true,"href":"https:\/\/www.fleurop-home.ch\/fr-ch\/wp-json\/wp\/v2\/media\/49269"}],"wp:attachment":[{"href":"https:\/\/www.fleurop-home.ch\/fr-ch\/wp-json\/wp\/v2\/media?parent=49261"}],"wp:term":[{"taxonomy":"product_brand","embeddable":true,"href":"https:\/\/www.fleurop-home.ch\/fr-ch\/wp-json\/wp\/v2\/product_brand?post=49261"},{"taxonomy":"product_cat","embeddable":true,"href":"https:\/\/www.fleurop-home.ch\/fr-ch\/wp-json\/wp\/v2\/product_cat?post=49261"},{"taxonomy":"product_tag","embeddable":true,"href":"https:\/\/www.fleurop-home.ch\/fr-ch\/wp-json\/wp\/v2\/product_tag?post=49261"},{"taxonomy":"woo-feed-brand","embeddable":true,"href":"https:\/\/www.fleurop-home.ch\/fr-ch\/wp-json\/wp\/v2\/woo-feed-brand?post=49261"}],"curies":[{"name":"wp","href":"https:\/\/api.w.org\/{rel}","templated":true}]}}