{"id":49247,"date":"2024-11-28T07:33:38","date_gmt":"2024-11-28T06:33:38","guid":{"rendered":"https:\/\/www.fleurop-home.ch\/de-ch\/?post_type=product&#038;p=49247"},"modified":"2025-10-22T09:16:50","modified_gmt":"2025-10-22T07:16:50","slug":"plateau-freyja-grand","status":"publish","type":"product","link":"https:\/\/www.fleurop-home.ch\/fr-ch\/p\/tablett-freyja-gross","title":{"rendered":"Plateau Freyja grand"},"content":{"rendered":"<p>D\u00e9couvre le m\u00e9lange parfait d'\u00e9l\u00e9gance et de fonctionnalit\u00e9 avec le plateau en aluminium Freyja. Ce plateau \u00e9l\u00e9gant n'est pas seulement une aide pratique au quotidien, mais aussi un v\u00e9ritable accroche-regard qui \u00e9l\u00e8vera ton int\u00e9rieur \u00e0 un autre niveau.<\/p>","protected":false},"excerpt":{"rendered":"<p>Plaque d'aluminium noble qui apporte un \u00e9clat suppl\u00e9mentaire \u00e0 ta d\u00e9coration.<\/p>","protected":false},"featured_media":49248,"template":"","meta":[],"product_brand":[],"product_cat":[1108,23,1000,1190,797,1024,984,994,999,909,1179,911,30,42,1104,43],"product_tag":[983],"woo-feed-brand":[],"class_list":{"0":"post-49247","1":"product","2":"type-product","3":"status-publish","4":"has-post-thumbnail","6":"product_cat-tabletts","7":"product_cat-home-living","8":"product_cat-valentinstagsdeko","9":"product_cat-dekoobjekte","10":"product_cat-muttertag","11":"product_cat-muttertagsdeko","12":"product_cat-silvester","13":"product_cat-silvestertisch","14":"product_cat-valentinstag","15":"product_cat-weihnachten","16":"product_cat-weihnachtsdeko","17":"product_cat-accessoires","18":"product_cat-deko-accessoires","19":"product_cat-kueche","20":"product_cat-tischakzente","21":"product_cat-gedeckter-tisch","22":"product_tag-selection-by-fleurophome","24":"first","25":"instock","26":"taxable","27":"shipping-taxable","28":"purchasable","29":"product-type-simple"},"_links":{"self":[{"href":"https:\/\/www.fleurop-home.ch\/fr-ch\/wp-json\/wp\/v2\/product\/49247","targetHints":{"allow":["GET"]}}],"collection":[{"href":"https:\/\/www.fleurop-home.ch\/fr-ch\/wp-json\/wp\/v2\/product"}],"about":[{"href":"https:\/\/www.fleurop-home.ch\/fr-ch\/wp-json\/wp\/v2\/types\/product"}],"wp:featuredmedia":[{"embeddable":true,"href":"https:\/\/www.fleurop-home.ch\/fr-ch\/wp-json\/wp\/v2\/media\/49248"}],"wp:attachment":[{"href":"https:\/\/www.fleurop-home.ch\/fr-ch\/wp-json\/wp\/v2\/media?parent=49247"}],"wp:term":[{"taxonomy":"product_brand","embeddable":true,"href":"https:\/\/www.fleurop-home.ch\/fr-ch\/wp-json\/wp\/v2\/product_brand?post=49247"},{"taxonomy":"product_cat","embeddable":true,"href":"https:\/\/www.fleurop-home.ch\/fr-ch\/wp-json\/wp\/v2\/product_cat?post=49247"},{"taxonomy":"product_tag","embeddable":true,"href":"https:\/\/www.fleurop-home.ch\/fr-ch\/wp-json\/wp\/v2\/product_tag?post=49247"},{"taxonomy":"woo-feed-brand","embeddable":true,"href":"https:\/\/www.fleurop-home.ch\/fr-ch\/wp-json\/wp\/v2\/woo-feed-brand?post=49247"}],"curies":[{"name":"wp","href":"https:\/\/api.w.org\/{rel}","templated":true}]}}