{"id":48989,"date":"2024-11-25T22:03:46","date_gmt":"2024-11-25T21:03:46","guid":{"rendered":"https:\/\/www.fleurop-home.ch\/de-ch\/p\/rose-von-jericho-in-box"},"modified":"2025-11-10T10:55:47","modified_gmt":"2025-11-10T09:55:47","slug":"rose-de-jericho-en-boite","status":"publish","type":"product","link":"https:\/\/www.fleurop-home.ch\/fr-ch\/p\/rose-von-jericho-in-box","title":{"rendered":"Rose de Jericho en bo\u00eete"},"content":{"rendered":"<p><strong>Rose de J\u00e9richo (Selaginella lepidophylla)<\/strong><\/p>\n<p>Ressuscite la fascinante rose de J\u00e9richo ! Cette plante d'int\u00e9rieur unique, \u00e9galement connue sous le nom de \u00abplante de r\u00e9surrection\u00bb, surprend par sa capacit\u00e9 \u00e0 redevenir verte et vivante en un rien de temps apr\u00e8s avoir \u00e9t\u00e9 s\u00e9ch\u00e9e.<\/p>\n<p><strong>Caract\u00e9ristiques :<\/strong><br \/>\n- \u00c9tat sec : la plante est sph\u00e9rique, s\u00e8che et parcourue de petites racines fines.<br \/>\n- \u00c9tat vivant : apr\u00e8s contact avec l'eau, la plante se d\u00e9ploie lentement et prend une couleur verte fra\u00eeche. Lorsqu'elle est compl\u00e8tement \u00e9tal\u00e9e, elle ressemble \u00e0 une couronne de conif\u00e8res nains d'environ 20-25 cm de diam\u00e8tre.<br \/>\n- Facile \u00e0 entretenir : il suffit de mettre la base dans l'eau (par exemple sur une assiette ou dans un bol) et le processus de transformation commence !<\/p>\n<p><strong>Application :<\/strong><br \/>\n- Plante d'int\u00e9rieur d\u00e9corative qui attire le regard de mani\u00e8re impressionnante, qu'elle soit s\u00e8che ou vivante.<br \/>\n- Id\u00e9al pour les amateurs de plantes et comme cadeau.<\/p>\n<p><strong>Conseils d'entretien :<\/strong><br \/>\n- La plante n'a besoin d'eau que de temps en temps pour d\u00e9ployer toute sa splendeur.<br \/>\n- Laisse-la tremper dans l'eau pendant quelques jours pour profiter d'un effet maximal, puis accorde-lui une phase de s\u00e9chage.<\/p>\n<p><strong>Signification symbolique :<\/strong><br \/>\n- La rose de J\u00e9richo repr\u00e9sente symboliquement le nouveau d\u00e9part, la renaissance et l'espoir. Son impressionnante capacit\u00e9 \u00e0 rena\u00eetre apr\u00e8s la s\u00e9cheresse en fait un signe puissant de r\u00e9silience et de pers\u00e9v\u00e9rance.<\/p>\n<p><strong>Signification chr\u00e9tienne :<\/strong><br \/>\nDans la tradition chr\u00e9tienne, la rose de J\u00e9richo est souvent consid\u00e9r\u00e9e comme un symbole de la r\u00e9surrection du Christ et de la vie \u00e9ternelle. Elle repr\u00e9sente la victoire sur l'obscurit\u00e9 et la mort ainsi que le pouvoir de la renaissance divine. Sa capacit\u00e9 \u00e0 \u00eatre apparemment \u00abmorte\u00bb et pourtant \u00e0 faire rena\u00eetre la vie rappelle le message d'espoir et de renouvellement de la foi chr\u00e9tienne. Elle est donc un cadeau sp\u00e9cial pour les occasions religieuses comme No\u00ebl ou P\u00e2ques.<\/p>","protected":false},"excerpt":{"rendered":"<p>Donne vie \u00e0 la fascinante rose de J\u00e9richo !<\/p>","protected":false},"featured_media":48988,"template":"","meta":[],"product_brand":[],"product_cat":[118,23,909,914,911,26],"product_tag":[289],"woo-feed-brand":[],"class_list":{"0":"post-48989","1":"product","2":"type-product","3":"status-publish","4":"has-post-thumbnail","6":"product_cat-zimmerpflanzen","7":"product_cat-home-living","8":"product_cat-weihnachten","9":"product_cat-wintergruen","10":"product_cat-accessoires","11":"product_cat-blumen-pflanzen","12":"product_tag-blumengarten-kung-ag","14":"first","15":"instock","16":"taxable","17":"shipping-taxable","18":"purchasable","19":"product-type-simple"},"_links":{"self":[{"href":"https:\/\/www.fleurop-home.ch\/fr-ch\/wp-json\/wp\/v2\/product\/48989","targetHints":{"allow":["GET"]}}],"collection":[{"href":"https:\/\/www.fleurop-home.ch\/fr-ch\/wp-json\/wp\/v2\/product"}],"about":[{"href":"https:\/\/www.fleurop-home.ch\/fr-ch\/wp-json\/wp\/v2\/types\/product"}],"wp:featuredmedia":[{"embeddable":true,"href":"https:\/\/www.fleurop-home.ch\/fr-ch\/wp-json\/wp\/v2\/media\/48988"}],"wp:attachment":[{"href":"https:\/\/www.fleurop-home.ch\/fr-ch\/wp-json\/wp\/v2\/media?parent=48989"}],"wp:term":[{"taxonomy":"product_brand","embeddable":true,"href":"https:\/\/www.fleurop-home.ch\/fr-ch\/wp-json\/wp\/v2\/product_brand?post=48989"},{"taxonomy":"product_cat","embeddable":true,"href":"https:\/\/www.fleurop-home.ch\/fr-ch\/wp-json\/wp\/v2\/product_cat?post=48989"},{"taxonomy":"product_tag","embeddable":true,"href":"https:\/\/www.fleurop-home.ch\/fr-ch\/wp-json\/wp\/v2\/product_tag?post=48989"},{"taxonomy":"woo-feed-brand","embeddable":true,"href":"https:\/\/www.fleurop-home.ch\/fr-ch\/wp-json\/wp\/v2\/woo-feed-brand?post=48989"}],"curies":[{"name":"wp","href":"https:\/\/api.w.org\/{rel}","templated":true}]}}