{"id":48298,"date":"2024-12-09T10:41:18","date_gmt":"2024-12-09T09:41:18","guid":{"rendered":"https:\/\/www.fleurop-home.ch\/de-ch\/p\/handschuh-ladybird-anabel"},"modified":"2025-06-20T14:44:47","modified_gmt":"2025-06-20T12:44:47","slug":"gant-ladybird-anabel-2","status":"publish","type":"product","link":"https:\/\/www.fleurop-home.ch\/fr-ch\/p\/handschuh-ladybird-anabel-2","title":{"rendered":"Gant Ladybird Anabel"},"content":{"rendered":"<p>Gant pour enfants en polyamide 100 % pour les travaux de jardinage l\u00e9gers. S\u00e9rigraphie en PVC sur la paume de la main. Bon confort sans couture. Avec lani\u00e8re pour ne pas perdre le gant.\n3-4 ans<\/p>\n<p><strong>5-6 ans<\/strong><\/p>","protected":false},"excerpt":{"rendered":"<p>Gant pour enfants en polyamide 100 % pour les travaux de jardinage l\u00e9gers.<\/p>","protected":false},"featured_media":48338,"template":"","meta":[],"product_brand":[],"product_cat":[60,34,1064,39,1122,59],"product_tag":[973],"woo-feed-brand":[],"class_list":{"0":"post-48298","1":"product","2":"type-product","3":"status-publish","4":"has-post-thumbnail","6":"product_cat-kindertextilien","7":"product_cat-garten-balkon","8":"product_cat-gartenhandschuhe","9":"product_cat-gartenzubehoer","10":"product_cat-kids-im-gruenen","11":"product_cat-kids","12":"product_tag-samen-mauser","14":"first","15":"instock","16":"taxable","17":"shipping-taxable","18":"purchasable","19":"product-type-simple"},"_links":{"self":[{"href":"https:\/\/www.fleurop-home.ch\/fr-ch\/wp-json\/wp\/v2\/product\/48298","targetHints":{"allow":["GET"]}}],"collection":[{"href":"https:\/\/www.fleurop-home.ch\/fr-ch\/wp-json\/wp\/v2\/product"}],"about":[{"href":"https:\/\/www.fleurop-home.ch\/fr-ch\/wp-json\/wp\/v2\/types\/product"}],"wp:featuredmedia":[{"embeddable":true,"href":"https:\/\/www.fleurop-home.ch\/fr-ch\/wp-json\/wp\/v2\/media\/48338"}],"wp:attachment":[{"href":"https:\/\/www.fleurop-home.ch\/fr-ch\/wp-json\/wp\/v2\/media?parent=48298"}],"wp:term":[{"taxonomy":"product_brand","embeddable":true,"href":"https:\/\/www.fleurop-home.ch\/fr-ch\/wp-json\/wp\/v2\/product_brand?post=48298"},{"taxonomy":"product_cat","embeddable":true,"href":"https:\/\/www.fleurop-home.ch\/fr-ch\/wp-json\/wp\/v2\/product_cat?post=48298"},{"taxonomy":"product_tag","embeddable":true,"href":"https:\/\/www.fleurop-home.ch\/fr-ch\/wp-json\/wp\/v2\/product_tag?post=48298"},{"taxonomy":"woo-feed-brand","embeddable":true,"href":"https:\/\/www.fleurop-home.ch\/fr-ch\/wp-json\/wp\/v2\/woo-feed-brand?post=48298"}],"curies":[{"name":"wp","href":"https:\/\/api.w.org\/{rel}","templated":true}]}}