{"id":48292,"date":"2024-12-09T10:41:19","date_gmt":"2024-12-09T09:41:19","guid":{"rendered":"https:\/\/www.fleurop-home.ch\/de-ch\/p\/kinderhandschuh-lison"},"modified":"2026-04-22T11:00:43","modified_gmt":"2026-04-22T09:00:43","slug":"gants-pour-enfants-lison-2","status":"publish","type":"product","link":"https:\/\/www.fleurop-home.ch\/fr-ch\/p\/kinderhandschuh-lison-2","title":{"rendered":"Gant pour enfant Lison"},"content":{"rendered":"<p>Gant pour enfants en tricot de polyester recycl\u00e9 100 % et mousse de latex (enduction de la paume) pour le jardinage l\u00e9ger. Imperm\u00e9able \u00e0 la paume de la main. Avec lani\u00e8re pour ne pas perdre le gant.<\/p>\n<p><strong>4-6 ans<\/strong><\/p>","protected":false},"excerpt":{"rendered":"<p>Gant pour enfants en tricot de polyester recycl\u00e9 100 % et mousse de latex (enduction de la paume) pour le jardinage l\u00e9ger.<\/p>","protected":false},"featured_media":48340,"template":"","meta":[],"product_brand":[],"product_cat":[60,1263,1266,34,1064,39,1122,59],"product_tag":[973],"woo-feed-brand":[],"class_list":{"0":"post-48292","1":"product","2":"type-product","3":"status-publish","4":"has-post-thumbnail","6":"product_cat-kindertextilien","7":"product_cat-fleuropkids","8":"product_cat-garten-outdoor","9":"product_cat-garten-balkon","10":"product_cat-gartenhandschuhe","11":"product_cat-gartenzubehoer","12":"product_cat-kids-im-gruenen","13":"product_cat-kids","14":"product_tag-samen-mauser","16":"first","17":"instock","18":"taxable","19":"shipping-taxable","20":"purchasable","21":"product-type-simple"},"_links":{"self":[{"href":"https:\/\/www.fleurop-home.ch\/fr-ch\/wp-json\/wp\/v2\/product\/48292","targetHints":{"allow":["GET"]}}],"collection":[{"href":"https:\/\/www.fleurop-home.ch\/fr-ch\/wp-json\/wp\/v2\/product"}],"about":[{"href":"https:\/\/www.fleurop-home.ch\/fr-ch\/wp-json\/wp\/v2\/types\/product"}],"wp:featuredmedia":[{"embeddable":true,"href":"https:\/\/www.fleurop-home.ch\/fr-ch\/wp-json\/wp\/v2\/media\/48340"}],"wp:attachment":[{"href":"https:\/\/www.fleurop-home.ch\/fr-ch\/wp-json\/wp\/v2\/media?parent=48292"}],"wp:term":[{"taxonomy":"product_brand","embeddable":true,"href":"https:\/\/www.fleurop-home.ch\/fr-ch\/wp-json\/wp\/v2\/product_brand?post=48292"},{"taxonomy":"product_cat","embeddable":true,"href":"https:\/\/www.fleurop-home.ch\/fr-ch\/wp-json\/wp\/v2\/product_cat?post=48292"},{"taxonomy":"product_tag","embeddable":true,"href":"https:\/\/www.fleurop-home.ch\/fr-ch\/wp-json\/wp\/v2\/product_tag?post=48292"},{"taxonomy":"woo-feed-brand","embeddable":true,"href":"https:\/\/www.fleurop-home.ch\/fr-ch\/wp-json\/wp\/v2\/woo-feed-brand?post=48292"}],"curies":[{"name":"wp","href":"https:\/\/api.w.org\/{rel}","templated":true}]}}