{"id":48236,"date":"2024-12-09T10:41:22","date_gmt":"2024-12-09T09:41:22","guid":{"rendered":"https:\/\/www.fleurop-home.ch\/de-ch\/p\/schrze-viburno-olivine"},"modified":"2026-03-05T08:16:37","modified_gmt":"2026-03-05T07:16:37","slug":"tablier-viburno-olivine","status":"publish","type":"product","link":"https:\/\/www.fleurop-home.ch\/fr-ch\/p\/schuerze-viburno-olivine","title":{"rendered":"Tablier VIBURNO Olivine"},"content":{"rendered":"<p>Le tablier Viburno est un article indispensable pour prot\u00e9ger tes v\u00eatements lors de tes activit\u00e9s quotidiennes. Fabriqu\u00e9 en tissu de coton r\u00e9sistant, il est \u00e9quip\u00e9 de trois poches avant, dont une avec fermeture \u00e9clair, pour ranger tes effets personnels en toute s\u00e9curit\u00e9 pendant le travail. Gr\u00e2ce \u00e0 un syst\u00e8me pratique de boutons clipsables, le Viburno peut \u00eatre repli\u00e9 en un grand sac. Les possibilit\u00e9s de r\u00e9glage au niveau du cou et des hanches facilitent l'habillage.<\/p>","protected":false},"excerpt":{"rendered":"<p>Le tablier Viburno est un article indispensable pour prot\u00e9ger tes v\u00eatements lors de tes activit\u00e9s quotidiennes.<\/p>","protected":false},"featured_media":48726,"template":"","meta":[],"product_brand":[],"product_cat":[39,1089,1088,34,1065],"product_tag":[973],"woo-feed-brand":[],"class_list":{"0":"post-48236","1":"product","2":"type-product","3":"status-publish","4":"has-post-thumbnail","6":"product_cat-gartenzubehoer","7":"product_cat-hobbygaertner","8":"product_cat-vatertag","9":"product_cat-garten-balkon","10":"product_cat-gartenschuerze","11":"product_tag-samen-mauser","13":"first","14":"instock","15":"taxable","16":"shipping-taxable","17":"purchasable","18":"product-type-simple"},"_links":{"self":[{"href":"https:\/\/www.fleurop-home.ch\/fr-ch\/wp-json\/wp\/v2\/product\/48236","targetHints":{"allow":["GET"]}}],"collection":[{"href":"https:\/\/www.fleurop-home.ch\/fr-ch\/wp-json\/wp\/v2\/product"}],"about":[{"href":"https:\/\/www.fleurop-home.ch\/fr-ch\/wp-json\/wp\/v2\/types\/product"}],"wp:featuredmedia":[{"embeddable":true,"href":"https:\/\/www.fleurop-home.ch\/fr-ch\/wp-json\/wp\/v2\/media\/48726"}],"wp:attachment":[{"href":"https:\/\/www.fleurop-home.ch\/fr-ch\/wp-json\/wp\/v2\/media?parent=48236"}],"wp:term":[{"taxonomy":"product_brand","embeddable":true,"href":"https:\/\/www.fleurop-home.ch\/fr-ch\/wp-json\/wp\/v2\/product_brand?post=48236"},{"taxonomy":"product_cat","embeddable":true,"href":"https:\/\/www.fleurop-home.ch\/fr-ch\/wp-json\/wp\/v2\/product_cat?post=48236"},{"taxonomy":"product_tag","embeddable":true,"href":"https:\/\/www.fleurop-home.ch\/fr-ch\/wp-json\/wp\/v2\/product_tag?post=48236"},{"taxonomy":"woo-feed-brand","embeddable":true,"href":"https:\/\/www.fleurop-home.ch\/fr-ch\/wp-json\/wp\/v2\/woo-feed-brand?post=48236"}],"curies":[{"name":"wp","href":"https:\/\/api.w.org\/{rel}","templated":true}]}}