{"id":48232,"date":"2024-12-09T10:41:22","date_gmt":"2024-12-09T09:41:22","guid":{"rendered":"https:\/\/www.fleurop-home.ch\/de-ch\/p\/gartenschrze-ligustro-brushed-nickel"},"modified":"2025-05-14T11:35:00","modified_gmt":"2025-05-14T09:35:00","slug":"tablier-de-jardin-ligustro-brushed-nickel","status":"publish","type":"product","link":"https:\/\/www.fleurop-home.ch\/fr-ch\/p\/gartenschuerze-ligustro-brushed-nickel","title":{"rendered":"Tablier de jardin LIGUSTRO Brushed Nickel"},"content":{"rendered":"<p>Le tablier OUTFIT le plus complet pour tous les besoins. Fabriqu\u00e9 en coton lourd avec cinq poches, dont une zipp\u00e9e. Adaptable \u00e0 toutes les exigences de travail gr\u00e2ce aux nombreuses fonctions pour tous les outils dont tu as besoin. Fermeture dorsale r\u00e9glable pour un maximum de confort et de commodit\u00e9.<\/p>","protected":false},"excerpt":{"rendered":"<p>Le tablier OUTFIT le plus complet pour tous les besoins.<\/p>","protected":false},"featured_media":48354,"template":"","meta":[],"product_brand":[],"product_cat":[39,1089,1088,34,1065],"product_tag":[973],"woo-feed-brand":[],"class_list":{"0":"post-48232","1":"product","2":"type-product","3":"status-publish","4":"has-post-thumbnail","6":"product_cat-gartenzubehoer","7":"product_cat-hobbygaertner","8":"product_cat-vatertag","9":"product_cat-garten-balkon","10":"product_cat-gartenschuerze","11":"product_tag-samen-mauser","13":"first","14":"instock","15":"taxable","16":"shipping-taxable","17":"purchasable","18":"product-type-simple"},"_links":{"self":[{"href":"https:\/\/www.fleurop-home.ch\/fr-ch\/wp-json\/wp\/v2\/product\/48232","targetHints":{"allow":["GET"]}}],"collection":[{"href":"https:\/\/www.fleurop-home.ch\/fr-ch\/wp-json\/wp\/v2\/product"}],"about":[{"href":"https:\/\/www.fleurop-home.ch\/fr-ch\/wp-json\/wp\/v2\/types\/product"}],"wp:featuredmedia":[{"embeddable":true,"href":"https:\/\/www.fleurop-home.ch\/fr-ch\/wp-json\/wp\/v2\/media\/48354"}],"wp:attachment":[{"href":"https:\/\/www.fleurop-home.ch\/fr-ch\/wp-json\/wp\/v2\/media?parent=48232"}],"wp:term":[{"taxonomy":"product_brand","embeddable":true,"href":"https:\/\/www.fleurop-home.ch\/fr-ch\/wp-json\/wp\/v2\/product_brand?post=48232"},{"taxonomy":"product_cat","embeddable":true,"href":"https:\/\/www.fleurop-home.ch\/fr-ch\/wp-json\/wp\/v2\/product_cat?post=48232"},{"taxonomy":"product_tag","embeddable":true,"href":"https:\/\/www.fleurop-home.ch\/fr-ch\/wp-json\/wp\/v2\/product_tag?post=48232"},{"taxonomy":"woo-feed-brand","embeddable":true,"href":"https:\/\/www.fleurop-home.ch\/fr-ch\/wp-json\/wp\/v2\/woo-feed-brand?post=48232"}],"curies":[{"name":"wp","href":"https:\/\/api.w.org\/{rel}","templated":true}]}}