{"id":48216,"date":"2024-12-09T10:41:25","date_gmt":"2024-12-09T09:41:25","guid":{"rendered":"https:\/\/www.fleurop-home.ch\/de-ch\/p\/kinder-schaufel-mit-kurzem-griff"},"modified":"2026-04-22T11:17:37","modified_gmt":"2026-04-22T09:17:37","slug":"pelle-pour-enfants-avec-poignee-courte","status":"publish","type":"product","link":"https:\/\/www.fleurop-home.ch\/fr-ch\/p\/kinder-schaufel-mit-kurzem-griff","title":{"rendered":"Pelle pour enfants avec poign\u00e9e courte"},"content":{"rendered":"<p>La pelle pour enfants \u00e0 poign\u00e9e courte fait du jardinage une exp\u00e9rience ludique pour les petits dans le jardin. Id\u00e9al pour encourager le plaisir de la nature.<\/p>\n<p><strong>Taille 6.3 x 19.5 cm<\/strong><\/p>","protected":false},"excerpt":{"rendered":"<p>Id\u00e9al pour encourager le plaisir de la nature<\/p>","protected":false},"featured_media":48852,"template":"","meta":[],"product_brand":[],"product_cat":[62,1263,1266,1018,1026,34,39,1122,59],"product_tag":[973],"woo-feed-brand":[],"class_list":{"0":"post-48216","1":"product","2":"type-product","3":"status-publish","4":"has-post-thumbnail","6":"product_cat-spielzeug","7":"product_cat-fleuropkids","8":"product_cat-garten-outdoor","9":"product_cat-ostern","10":"product_cat-osternest","11":"product_cat-garten-balkon","12":"product_cat-gartenzubehoer","13":"product_cat-kids-im-gruenen","14":"product_cat-kids","15":"product_tag-samen-mauser","17":"first","18":"instock","19":"taxable","20":"shipping-taxable","21":"purchasable","22":"product-type-simple"},"_links":{"self":[{"href":"https:\/\/www.fleurop-home.ch\/fr-ch\/wp-json\/wp\/v2\/product\/48216","targetHints":{"allow":["GET"]}}],"collection":[{"href":"https:\/\/www.fleurop-home.ch\/fr-ch\/wp-json\/wp\/v2\/product"}],"about":[{"href":"https:\/\/www.fleurop-home.ch\/fr-ch\/wp-json\/wp\/v2\/types\/product"}],"wp:featuredmedia":[{"embeddable":true,"href":"https:\/\/www.fleurop-home.ch\/fr-ch\/wp-json\/wp\/v2\/media\/48852"}],"wp:attachment":[{"href":"https:\/\/www.fleurop-home.ch\/fr-ch\/wp-json\/wp\/v2\/media?parent=48216"}],"wp:term":[{"taxonomy":"product_brand","embeddable":true,"href":"https:\/\/www.fleurop-home.ch\/fr-ch\/wp-json\/wp\/v2\/product_brand?post=48216"},{"taxonomy":"product_cat","embeddable":true,"href":"https:\/\/www.fleurop-home.ch\/fr-ch\/wp-json\/wp\/v2\/product_cat?post=48216"},{"taxonomy":"product_tag","embeddable":true,"href":"https:\/\/www.fleurop-home.ch\/fr-ch\/wp-json\/wp\/v2\/product_tag?post=48216"},{"taxonomy":"woo-feed-brand","embeddable":true,"href":"https:\/\/www.fleurop-home.ch\/fr-ch\/wp-json\/wp\/v2\/woo-feed-brand?post=48216"}],"curies":[{"name":"wp","href":"https:\/\/api.w.org\/{rel}","templated":true}]}}