{"id":48214,"date":"2024-12-09T10:41:25","date_gmt":"2024-12-09T09:41:25","guid":{"rendered":"https:\/\/www.fleurop-home.ch\/de-ch\/p\/kinder-rechen-mit-kurzem-griff"},"modified":"2026-04-16T13:08:26","modified_gmt":"2026-04-16T11:08:26","slug":"fourche-a-creuser-pour-enfants-avec-manche-court","status":"publish","type":"product","link":"https:\/\/www.fleurop-home.ch\/fr-ch\/p\/kinder-grabgabel-mit-kurzem-griff","title":{"rendered":"Fourche \u00e0 creuser pour enfants avec manche court"},"content":{"rendered":"<p>Le r\u00e2teau pour enfants \u00e0 poign\u00e9e courte rend le jardinage ludique et amusant pour les plus petits. Id\u00e9al pour \u00e9veiller le plaisir de jardiner.<\/p>\n<p><strong>Taille 7.8 x 18.8 cm<\/strong><\/p>","protected":false},"excerpt":{"rendered":"<p>Id\u00e9al pour \u00e9veiller le plaisir de jardiner.<\/p>","protected":false},"featured_media":48407,"template":"","meta":[],"product_brand":[],"product_cat":[62,1263,34,39,1122,59],"product_tag":[973],"woo-feed-brand":[],"class_list":{"0":"post-48214","1":"product","2":"type-product","3":"status-publish","4":"has-post-thumbnail","6":"product_cat-spielzeug","7":"product_cat-fleuropkids","8":"product_cat-garten-balkon","9":"product_cat-gartenzubehoer","10":"product_cat-kids-im-gruenen","11":"product_cat-kids","12":"product_tag-samen-mauser","14":"first","15":"instock","16":"taxable","17":"shipping-taxable","18":"purchasable","19":"product-type-simple"},"_links":{"self":[{"href":"https:\/\/www.fleurop-home.ch\/fr-ch\/wp-json\/wp\/v2\/product\/48214","targetHints":{"allow":["GET"]}}],"collection":[{"href":"https:\/\/www.fleurop-home.ch\/fr-ch\/wp-json\/wp\/v2\/product"}],"about":[{"href":"https:\/\/www.fleurop-home.ch\/fr-ch\/wp-json\/wp\/v2\/types\/product"}],"wp:featuredmedia":[{"embeddable":true,"href":"https:\/\/www.fleurop-home.ch\/fr-ch\/wp-json\/wp\/v2\/media\/48407"}],"wp:attachment":[{"href":"https:\/\/www.fleurop-home.ch\/fr-ch\/wp-json\/wp\/v2\/media?parent=48214"}],"wp:term":[{"taxonomy":"product_brand","embeddable":true,"href":"https:\/\/www.fleurop-home.ch\/fr-ch\/wp-json\/wp\/v2\/product_brand?post=48214"},{"taxonomy":"product_cat","embeddable":true,"href":"https:\/\/www.fleurop-home.ch\/fr-ch\/wp-json\/wp\/v2\/product_cat?post=48214"},{"taxonomy":"product_tag","embeddable":true,"href":"https:\/\/www.fleurop-home.ch\/fr-ch\/wp-json\/wp\/v2\/product_tag?post=48214"},{"taxonomy":"woo-feed-brand","embeddable":true,"href":"https:\/\/www.fleurop-home.ch\/fr-ch\/wp-json\/wp\/v2\/woo-feed-brand?post=48214"}],"curies":[{"name":"wp","href":"https:\/\/api.w.org\/{rel}","templated":true}]}}