{"id":48208,"date":"2024-12-09T10:41:26","date_gmt":"2024-12-09T09:41:26","guid":{"rendered":"https:\/\/www.fleurop-home.ch\/de-ch\/p\/kinder-schaufel"},"modified":"2026-04-22T10:59:15","modified_gmt":"2026-04-22T08:59:15","slug":"pelle-pour-enfants","status":"publish","type":"product","link":"https:\/\/www.fleurop-home.ch\/fr-ch\/p\/kinder-schaufel","title":{"rendered":"Pelle pour enfants"},"content":{"rendered":"<p>La pelle pour enfants avec un long manche, en m\u00e9tal avec une poign\u00e9e en bois, permet aux petits jardiniers de s'amuser dans le jardin. Un outil formidable pour \u00e9veiller le plaisir de jardiner.\nLongueur : 86 cm<\/p>\n<p><strong>Longueur : 86 cm<\/strong><\/p>","protected":false},"excerpt":{"rendered":"<p>Un outil formidable pour \u00e9veiller le plaisir de jardiner<\/p>","protected":false},"featured_media":52424,"template":"","meta":[],"product_brand":[],"product_cat":[1263,1266,34,39,1122],"product_tag":[973],"woo-feed-brand":[],"class_list":{"0":"post-48208","1":"product","2":"type-product","3":"status-publish","4":"has-post-thumbnail","6":"product_cat-fleuropkids","7":"product_cat-garten-outdoor","8":"product_cat-garten-balkon","9":"product_cat-gartenzubehoer","10":"product_cat-kids-im-gruenen","11":"product_tag-samen-mauser","13":"first","14":"instock","15":"taxable","16":"shipping-taxable","17":"purchasable","18":"product-type-simple"},"_links":{"self":[{"href":"https:\/\/www.fleurop-home.ch\/fr-ch\/wp-json\/wp\/v2\/product\/48208","targetHints":{"allow":["GET"]}}],"collection":[{"href":"https:\/\/www.fleurop-home.ch\/fr-ch\/wp-json\/wp\/v2\/product"}],"about":[{"href":"https:\/\/www.fleurop-home.ch\/fr-ch\/wp-json\/wp\/v2\/types\/product"}],"wp:featuredmedia":[{"embeddable":true,"href":"https:\/\/www.fleurop-home.ch\/fr-ch\/wp-json\/wp\/v2\/media\/52424"}],"wp:attachment":[{"href":"https:\/\/www.fleurop-home.ch\/fr-ch\/wp-json\/wp\/v2\/media?parent=48208"}],"wp:term":[{"taxonomy":"product_brand","embeddable":true,"href":"https:\/\/www.fleurop-home.ch\/fr-ch\/wp-json\/wp\/v2\/product_brand?post=48208"},{"taxonomy":"product_cat","embeddable":true,"href":"https:\/\/www.fleurop-home.ch\/fr-ch\/wp-json\/wp\/v2\/product_cat?post=48208"},{"taxonomy":"product_tag","embeddable":true,"href":"https:\/\/www.fleurop-home.ch\/fr-ch\/wp-json\/wp\/v2\/product_tag?post=48208"},{"taxonomy":"woo-feed-brand","embeddable":true,"href":"https:\/\/www.fleurop-home.ch\/fr-ch\/wp-json\/wp\/v2\/woo-feed-brand?post=48208"}],"curies":[{"name":"wp","href":"https:\/\/api.w.org\/{rel}","templated":true}]}}