{"id":48204,"date":"2024-12-09T10:41:26","date_gmt":"2024-12-09T09:41:26","guid":{"rendered":"https:\/\/www.fleurop-home.ch\/de-ch\/p\/kinder-laubrechen"},"modified":"2025-06-20T14:44:44","modified_gmt":"2025-06-20T12:44:44","slug":"enfants-calculer","status":"publish","type":"product","link":"https:\/\/www.fleurop-home.ch\/fr-ch\/p\/kinder-rechen","title":{"rendered":"R\u00e2teau pour enfants"},"content":{"rendered":"<p>Le r\u00e2teau pour enfants en m\u00e9tal avec poign\u00e9e en bois est id\u00e9al pour ramasser les feuilles mortes dans le jardin en automne. Un outil parfait pour apprendre aux enfants \u00e0 jardiner.\nLongueur : 85 cm<\/p>\n<p><strong>Longueur : 85 cm<\/strong><\/p>","protected":false},"excerpt":{"rendered":"<p>Un outil parfait pour apprendre aux enfants \u00e0 jardiner.<\/p>","protected":false},"featured_media":52427,"template":"","meta":[],"product_brand":[],"product_cat":[34,39,1122],"product_tag":[973],"woo-feed-brand":[],"class_list":{"0":"post-48204","1":"product","2":"type-product","3":"status-publish","4":"has-post-thumbnail","6":"product_cat-garten-balkon","7":"product_cat-gartenzubehoer","8":"product_cat-kids-im-gruenen","9":"product_tag-samen-mauser","11":"first","12":"instock","13":"taxable","14":"shipping-taxable","15":"purchasable","16":"product-type-simple"},"_links":{"self":[{"href":"https:\/\/www.fleurop-home.ch\/fr-ch\/wp-json\/wp\/v2\/product\/48204","targetHints":{"allow":["GET"]}}],"collection":[{"href":"https:\/\/www.fleurop-home.ch\/fr-ch\/wp-json\/wp\/v2\/product"}],"about":[{"href":"https:\/\/www.fleurop-home.ch\/fr-ch\/wp-json\/wp\/v2\/types\/product"}],"wp:featuredmedia":[{"embeddable":true,"href":"https:\/\/www.fleurop-home.ch\/fr-ch\/wp-json\/wp\/v2\/media\/52427"}],"wp:attachment":[{"href":"https:\/\/www.fleurop-home.ch\/fr-ch\/wp-json\/wp\/v2\/media?parent=48204"}],"wp:term":[{"taxonomy":"product_brand","embeddable":true,"href":"https:\/\/www.fleurop-home.ch\/fr-ch\/wp-json\/wp\/v2\/product_brand?post=48204"},{"taxonomy":"product_cat","embeddable":true,"href":"https:\/\/www.fleurop-home.ch\/fr-ch\/wp-json\/wp\/v2\/product_cat?post=48204"},{"taxonomy":"product_tag","embeddable":true,"href":"https:\/\/www.fleurop-home.ch\/fr-ch\/wp-json\/wp\/v2\/product_tag?post=48204"},{"taxonomy":"woo-feed-brand","embeddable":true,"href":"https:\/\/www.fleurop-home.ch\/fr-ch\/wp-json\/wp\/v2\/woo-feed-brand?post=48204"}],"curies":[{"name":"wp","href":"https:\/\/api.w.org\/{rel}","templated":true}]}}