{"id":48201,"date":"2024-12-09T10:41:27","date_gmt":"2024-12-09T09:41:27","guid":{"rendered":"https:\/\/www.fleurop-home.ch\/de-ch\/p\/kinder-hacke"},"modified":"2026-04-22T10:59:15","modified_gmt":"2026-04-22T08:59:15","slug":"binette-pour-enfants","status":"publish","type":"product","link":"https:\/\/www.fleurop-home.ch\/fr-ch\/p\/kinder-hacke","title":{"rendered":"Houe pour enfants"},"content":{"rendered":"<p>La binette pour enfants avec un long manche, en m\u00e9tal avec une poign\u00e9e en bois, est id\u00e9ale pour les petits jardiniers. Un outil parfait pour encourager le plaisir de jardiner.\nLongueur : 82 cm<\/p>\n<p><strong>Longueur : 82 cm<\/strong><\/p>","protected":false},"excerpt":{"rendered":"<p>Un outil parfait pour encourager le plaisir de jardiner.<\/p>","protected":false},"featured_media":52428,"template":"","meta":[],"product_brand":[],"product_cat":[1263,1266,34,39,1122],"product_tag":[973],"woo-feed-brand":[],"class_list":{"0":"post-48201","1":"product","2":"type-product","3":"status-publish","4":"has-post-thumbnail","6":"product_cat-fleuropkids","7":"product_cat-garten-outdoor","8":"product_cat-garten-balkon","9":"product_cat-gartenzubehoer","10":"product_cat-kids-im-gruenen","11":"product_tag-samen-mauser","13":"first","14":"instock","15":"taxable","16":"shipping-taxable","17":"purchasable","18":"product-type-simple"},"_links":{"self":[{"href":"https:\/\/www.fleurop-home.ch\/fr-ch\/wp-json\/wp\/v2\/product\/48201","targetHints":{"allow":["GET"]}}],"collection":[{"href":"https:\/\/www.fleurop-home.ch\/fr-ch\/wp-json\/wp\/v2\/product"}],"about":[{"href":"https:\/\/www.fleurop-home.ch\/fr-ch\/wp-json\/wp\/v2\/types\/product"}],"wp:featuredmedia":[{"embeddable":true,"href":"https:\/\/www.fleurop-home.ch\/fr-ch\/wp-json\/wp\/v2\/media\/52428"}],"wp:attachment":[{"href":"https:\/\/www.fleurop-home.ch\/fr-ch\/wp-json\/wp\/v2\/media?parent=48201"}],"wp:term":[{"taxonomy":"product_brand","embeddable":true,"href":"https:\/\/www.fleurop-home.ch\/fr-ch\/wp-json\/wp\/v2\/product_brand?post=48201"},{"taxonomy":"product_cat","embeddable":true,"href":"https:\/\/www.fleurop-home.ch\/fr-ch\/wp-json\/wp\/v2\/product_cat?post=48201"},{"taxonomy":"product_tag","embeddable":true,"href":"https:\/\/www.fleurop-home.ch\/fr-ch\/wp-json\/wp\/v2\/product_tag?post=48201"},{"taxonomy":"woo-feed-brand","embeddable":true,"href":"https:\/\/www.fleurop-home.ch\/fr-ch\/wp-json\/wp\/v2\/woo-feed-brand?post=48201"}],"curies":[{"name":"wp","href":"https:\/\/api.w.org\/{rel}","templated":true}]}}