{"id":48199,"date":"2024-12-09T10:41:27","date_gmt":"2024-12-09T09:41:27","guid":{"rendered":"https:\/\/www.fleurop-home.ch\/de-ch\/p\/gardening-tool-bag-set"},"modified":"2026-03-17T07:36:19","modified_gmt":"2026-03-17T06:36:19","slug":"set-doutils-de-jardinage","status":"publish","type":"product","link":"https:\/\/www.fleurop-home.ch\/fr-ch\/p\/gardening-tool-bag-set","title":{"rendered":"Set de sacs \u00e0 outils de jardinage"},"content":{"rendered":"<p>Le Gardening Tool Bag Set est un sac contenant 3 outils et un arrosoir, sp\u00e9cialement con\u00e7u pour les enfants. Un jouet et un cadeau id\u00e9al pour les jardiniers en herbe, pour d\u00e9couvrir les joies du jardinage.<\/p>\n<p><strong>Taille 22 x 14 x 28 cm<\/strong><\/p>","protected":false},"excerpt":{"rendered":"<p>Un jouet et un cadeau id\u00e9al pour les jardiniers en herbe<\/p>","protected":false},"featured_media":48845,"template":"","meta":[],"product_brand":[],"product_cat":[62,1020,1018,34,39,1122,59],"product_tag":[973],"woo-feed-brand":[],"class_list":{"0":"post-48199","1":"product","2":"type-product","3":"status-publish","4":"has-post-thumbnail","6":"product_cat-spielzeug","7":"product_cat-ostergeschenke","8":"product_cat-ostern","9":"product_cat-garten-balkon","10":"product_cat-gartenzubehoer","11":"product_cat-kids-im-gruenen","12":"product_cat-kids","13":"product_tag-samen-mauser","15":"first","16":"instock","17":"taxable","18":"shipping-taxable","19":"purchasable","20":"product-type-simple"},"_links":{"self":[{"href":"https:\/\/www.fleurop-home.ch\/fr-ch\/wp-json\/wp\/v2\/product\/48199","targetHints":{"allow":["GET"]}}],"collection":[{"href":"https:\/\/www.fleurop-home.ch\/fr-ch\/wp-json\/wp\/v2\/product"}],"about":[{"href":"https:\/\/www.fleurop-home.ch\/fr-ch\/wp-json\/wp\/v2\/types\/product"}],"wp:featuredmedia":[{"embeddable":true,"href":"https:\/\/www.fleurop-home.ch\/fr-ch\/wp-json\/wp\/v2\/media\/48845"}],"wp:attachment":[{"href":"https:\/\/www.fleurop-home.ch\/fr-ch\/wp-json\/wp\/v2\/media?parent=48199"}],"wp:term":[{"taxonomy":"product_brand","embeddable":true,"href":"https:\/\/www.fleurop-home.ch\/fr-ch\/wp-json\/wp\/v2\/product_brand?post=48199"},{"taxonomy":"product_cat","embeddable":true,"href":"https:\/\/www.fleurop-home.ch\/fr-ch\/wp-json\/wp\/v2\/product_cat?post=48199"},{"taxonomy":"product_tag","embeddable":true,"href":"https:\/\/www.fleurop-home.ch\/fr-ch\/wp-json\/wp\/v2\/product_tag?post=48199"},{"taxonomy":"woo-feed-brand","embeddable":true,"href":"https:\/\/www.fleurop-home.ch\/fr-ch\/wp-json\/wp\/v2\/woo-feed-brand?post=48199"}],"curies":[{"name":"wp","href":"https:\/\/api.w.org\/{rel}","templated":true}]}}