{"id":48197,"date":"2024-12-09T10:41:27","date_gmt":"2024-12-09T09:41:27","guid":{"rendered":"https:\/\/www.fleurop-home.ch\/de-ch\/p\/bug-box-kit"},"modified":"2026-04-22T11:34:08","modified_gmt":"2026-04-22T09:34:08","slug":"kit-de-boite-a-bugs","status":"publish","type":"product","link":"https:\/\/www.fleurop-home.ch\/fr-ch\/p\/bug-box-kit","title":{"rendered":"Kit de bo\u00eete \u00e0 bugs"},"content":{"rendered":"<p>Avec l'aide de la Bug Box, les enfants peuvent explorer et d\u00e9couvrir le monde. L'ensemble comprend une cage, une loupe, une pince \u00e0 \u00e9piler et un filet. Un jouet et un cadeau id\u00e9al pour les petits aventuriers du jardin.<\/p>\n<p><strong>Taille 20 x 14 x 21 cm<\/strong><\/p>","protected":false},"excerpt":{"rendered":"<p>Avec l'aide de Bug Box, les enfants peuvent explorer et d\u00e9couvrir le monde.<\/p>","protected":false},"featured_media":48843,"template":"","meta":[],"product_brand":[],"product_cat":[62,1263,1266,1267,34,39,1122,59],"product_tag":[973],"woo-feed-brand":[],"class_list":{"0":"post-48197","1":"product","2":"type-product","3":"status-publish","4":"has-post-thumbnail","6":"product_cat-spielzeug","7":"product_cat-fleuropkids","8":"product_cat-garten-outdoor","9":"product_cat-tiere-lebensraeume","10":"product_cat-garten-balkon","11":"product_cat-gartenzubehoer","12":"product_cat-kids-im-gruenen","13":"product_cat-kids","14":"product_tag-samen-mauser","16":"first","17":"instock","18":"taxable","19":"shipping-taxable","20":"purchasable","21":"product-type-simple"},"_links":{"self":[{"href":"https:\/\/www.fleurop-home.ch\/fr-ch\/wp-json\/wp\/v2\/product\/48197","targetHints":{"allow":["GET"]}}],"collection":[{"href":"https:\/\/www.fleurop-home.ch\/fr-ch\/wp-json\/wp\/v2\/product"}],"about":[{"href":"https:\/\/www.fleurop-home.ch\/fr-ch\/wp-json\/wp\/v2\/types\/product"}],"wp:featuredmedia":[{"embeddable":true,"href":"https:\/\/www.fleurop-home.ch\/fr-ch\/wp-json\/wp\/v2\/media\/48843"}],"wp:attachment":[{"href":"https:\/\/www.fleurop-home.ch\/fr-ch\/wp-json\/wp\/v2\/media?parent=48197"}],"wp:term":[{"taxonomy":"product_brand","embeddable":true,"href":"https:\/\/www.fleurop-home.ch\/fr-ch\/wp-json\/wp\/v2\/product_brand?post=48197"},{"taxonomy":"product_cat","embeddable":true,"href":"https:\/\/www.fleurop-home.ch\/fr-ch\/wp-json\/wp\/v2\/product_cat?post=48197"},{"taxonomy":"product_tag","embeddable":true,"href":"https:\/\/www.fleurop-home.ch\/fr-ch\/wp-json\/wp\/v2\/product_tag?post=48197"},{"taxonomy":"woo-feed-brand","embeddable":true,"href":"https:\/\/www.fleurop-home.ch\/fr-ch\/wp-json\/wp\/v2\/woo-feed-brand?post=48197"}],"curies":[{"name":"wp","href":"https:\/\/api.w.org\/{rel}","templated":true}]}}