{"id":48183,"date":"2024-12-09T10:41:29","date_gmt":"2024-12-09T09:41:29","guid":{"rendered":"https:\/\/www.fleurop-home.ch\/de-ch\/p\/giesskanne-medusa-anthrazit-1-8-liter"},"modified":"2025-04-01T03:55:02","modified_gmt":"2025-04-01T01:55:02","slug":"arrosoir-medusa-anthracite-1-8-litres","status":"publish","type":"product","link":"https:\/\/www.fleurop-home.ch\/fr-ch\/p\/giesskanne-medusa-anthrazit-1-8-liter","title":{"rendered":"Arrosoir Medusa anthracite, 1,8 litre"},"content":{"rendered":"<p>L'arrosoir 'Medusa', fabriqu\u00e9 en plastique r\u00e9sistant aux UV, \u00e0 la casse et au gel, est une solution durable et robuste pour tes besoins en arrosage.\nrouge vin<\/p>\n<p><strong>anthracite<\/strong><br \/>\n<strong>1,8 litre<\/strong><\/p>","protected":false},"excerpt":{"rendered":"<p>une solution durable et robuste<\/p>","protected":false},"featured_media":52422,"template":"","meta":[],"product_brand":[],"product_cat":[37,34],"product_tag":[973],"woo-feed-brand":[],"class_list":{"0":"post-48183","1":"product","2":"type-product","3":"status-publish","4":"has-post-thumbnail","6":"product_cat-giesskannen","7":"product_cat-garten-balkon","8":"product_tag-samen-mauser","10":"first","11":"instock","12":"taxable","13":"shipping-taxable","14":"purchasable","15":"product-type-simple"},"_links":{"self":[{"href":"https:\/\/www.fleurop-home.ch\/fr-ch\/wp-json\/wp\/v2\/product\/48183","targetHints":{"allow":["GET"]}}],"collection":[{"href":"https:\/\/www.fleurop-home.ch\/fr-ch\/wp-json\/wp\/v2\/product"}],"about":[{"href":"https:\/\/www.fleurop-home.ch\/fr-ch\/wp-json\/wp\/v2\/types\/product"}],"wp:featuredmedia":[{"embeddable":true,"href":"https:\/\/www.fleurop-home.ch\/fr-ch\/wp-json\/wp\/v2\/media\/52422"}],"wp:attachment":[{"href":"https:\/\/www.fleurop-home.ch\/fr-ch\/wp-json\/wp\/v2\/media?parent=48183"}],"wp:term":[{"taxonomy":"product_brand","embeddable":true,"href":"https:\/\/www.fleurop-home.ch\/fr-ch\/wp-json\/wp\/v2\/product_brand?post=48183"},{"taxonomy":"product_cat","embeddable":true,"href":"https:\/\/www.fleurop-home.ch\/fr-ch\/wp-json\/wp\/v2\/product_cat?post=48183"},{"taxonomy":"product_tag","embeddable":true,"href":"https:\/\/www.fleurop-home.ch\/fr-ch\/wp-json\/wp\/v2\/product_tag?post=48183"},{"taxonomy":"woo-feed-brand","embeddable":true,"href":"https:\/\/www.fleurop-home.ch\/fr-ch\/wp-json\/wp\/v2\/woo-feed-brand?post=48183"}],"curies":[{"name":"wp","href":"https:\/\/api.w.org\/{rel}","templated":true}]}}