{"id":48167,"date":"2024-12-09T10:41:32","date_gmt":"2024-12-09T09:41:32","guid":{"rendered":"https:\/\/www.fleurop-home.ch\/de-ch\/p\/zink-giesskanne-oval-nature-10-liter"},"modified":"2025-04-01T03:51:47","modified_gmt":"2025-04-01T01:51:47","slug":"arrosoir-en-zinc-oval-nature-10-litres","status":"publish","type":"product","link":"https:\/\/www.fleurop-home.ch\/fr-ch\/p\/zink-giesskanne-oval-nature-10-liter","title":{"rendered":"Arrosoir en zinc oval nature, 10 litres"},"content":{"rendered":"<p>L'arrosoir ovale en zinc n'est pas seulement fonctionnel, il est aussi tr\u00e8s esth\u00e9tique. Avec sa belle forme et sa pomme de douche amovible, elle permet d'arroser les plantes de mani\u00e8re cibl\u00e9e.<\/p>\n<p><strong>10 litres<\/strong><\/p>","protected":false},"excerpt":{"rendered":"<p>L'arrosoir ovale en zinc n'est pas seulement fonctionnel, il est aussi tr\u00e8s esth\u00e9tique<\/p>","protected":false},"featured_media":52417,"template":"","meta":[],"product_brand":[],"product_cat":[37,34],"product_tag":[973],"woo-feed-brand":[],"class_list":{"0":"post-48167","1":"product","2":"type-product","3":"status-publish","4":"has-post-thumbnail","6":"product_cat-giesskannen","7":"product_cat-garten-balkon","8":"product_tag-samen-mauser","10":"first","11":"instock","12":"taxable","13":"shipping-taxable","14":"purchasable","15":"product-type-simple"},"_links":{"self":[{"href":"https:\/\/www.fleurop-home.ch\/fr-ch\/wp-json\/wp\/v2\/product\/48167","targetHints":{"allow":["GET"]}}],"collection":[{"href":"https:\/\/www.fleurop-home.ch\/fr-ch\/wp-json\/wp\/v2\/product"}],"about":[{"href":"https:\/\/www.fleurop-home.ch\/fr-ch\/wp-json\/wp\/v2\/types\/product"}],"wp:featuredmedia":[{"embeddable":true,"href":"https:\/\/www.fleurop-home.ch\/fr-ch\/wp-json\/wp\/v2\/media\/52417"}],"wp:attachment":[{"href":"https:\/\/www.fleurop-home.ch\/fr-ch\/wp-json\/wp\/v2\/media?parent=48167"}],"wp:term":[{"taxonomy":"product_brand","embeddable":true,"href":"https:\/\/www.fleurop-home.ch\/fr-ch\/wp-json\/wp\/v2\/product_brand?post=48167"},{"taxonomy":"product_cat","embeddable":true,"href":"https:\/\/www.fleurop-home.ch\/fr-ch\/wp-json\/wp\/v2\/product_cat?post=48167"},{"taxonomy":"product_tag","embeddable":true,"href":"https:\/\/www.fleurop-home.ch\/fr-ch\/wp-json\/wp\/v2\/product_tag?post=48167"},{"taxonomy":"woo-feed-brand","embeddable":true,"href":"https:\/\/www.fleurop-home.ch\/fr-ch\/wp-json\/wp\/v2\/woo-feed-brand?post=48167"}],"curies":[{"name":"wp","href":"https:\/\/api.w.org\/{rel}","templated":true}]}}