{"id":48163,"date":"2024-12-09T10:41:32","date_gmt":"2024-12-09T09:41:32","guid":{"rendered":"https:\/\/www.fleurop-home.ch\/de-ch\/p\/zink-giesskanne-oval-grn-braun-10-liter"},"modified":"2025-05-12T14:41:59","modified_gmt":"2025-05-12T12:41:59","slug":"arrosoir-zinc-ovale-vert-marron-10-litres","status":"publish","type":"product","link":"https:\/\/www.fleurop-home.ch\/fr-ch\/p\/zink-giesskanne-oval-gruen-braun-10-liter","title":{"rendered":"Arrosoir en zinc ovale vert + marron, 10 litres"},"content":{"rendered":"<p>L'\u00e9l\u00e9gant arrosoir ovale en noir mat avec une anse marron n'est pas seulement fonctionnel, mais aussi esth\u00e9tique. La pomme de douche amovible permet d'arroser les plantes de mani\u00e8re cibl\u00e9e.\n10 litres<\/p>\n<p><strong>10 litres<\/strong><\/p>","protected":false},"excerpt":{"rendered":"<p>L'\u00e9l\u00e9gant arrosoir ovale vert avec une anse marron n'est pas seulement fonctionnel, mais aussi esth\u00e9tique.<\/p>","protected":false},"featured_media":49801,"template":"","meta":[],"product_brand":[],"product_cat":[37,1089,1088,34],"product_tag":[973],"woo-feed-brand":[],"class_list":{"0":"post-48163","1":"product","2":"type-product","3":"status-publish","4":"has-post-thumbnail","6":"product_cat-giesskannen","7":"product_cat-hobbygaertner","8":"product_cat-vatertag","9":"product_cat-garten-balkon","10":"product_tag-samen-mauser","12":"first","13":"instock","14":"taxable","15":"shipping-taxable","16":"purchasable","17":"product-type-simple"},"_links":{"self":[{"href":"https:\/\/www.fleurop-home.ch\/fr-ch\/wp-json\/wp\/v2\/product\/48163","targetHints":{"allow":["GET"]}}],"collection":[{"href":"https:\/\/www.fleurop-home.ch\/fr-ch\/wp-json\/wp\/v2\/product"}],"about":[{"href":"https:\/\/www.fleurop-home.ch\/fr-ch\/wp-json\/wp\/v2\/types\/product"}],"wp:featuredmedia":[{"embeddable":true,"href":"https:\/\/www.fleurop-home.ch\/fr-ch\/wp-json\/wp\/v2\/media\/49801"}],"wp:attachment":[{"href":"https:\/\/www.fleurop-home.ch\/fr-ch\/wp-json\/wp\/v2\/media?parent=48163"}],"wp:term":[{"taxonomy":"product_brand","embeddable":true,"href":"https:\/\/www.fleurop-home.ch\/fr-ch\/wp-json\/wp\/v2\/product_brand?post=48163"},{"taxonomy":"product_cat","embeddable":true,"href":"https:\/\/www.fleurop-home.ch\/fr-ch\/wp-json\/wp\/v2\/product_cat?post=48163"},{"taxonomy":"product_tag","embeddable":true,"href":"https:\/\/www.fleurop-home.ch\/fr-ch\/wp-json\/wp\/v2\/product_tag?post=48163"},{"taxonomy":"woo-feed-brand","embeddable":true,"href":"https:\/\/www.fleurop-home.ch\/fr-ch\/wp-json\/wp\/v2\/woo-feed-brand?post=48163"}],"curies":[{"name":"wp","href":"https:\/\/api.w.org\/{rel}","templated":true}]}}